{"id":792,"date":"2020-09-14T11:33:57","date_gmt":"2020-09-14T15:33:57","guid":{"rendered":"http:\/\/boutique.anhydra.ca\/product\/non%20class\u00e9\/oranges-deshydratees-en-rondelles\/"},"modified":"2026-04-22T14:56:17","modified_gmt":"2026-04-22T18:56:17","slug":"orange-deshydratee-en-rondelles","status":"publish","type":"product","link":"https:\/\/anhydra.com\/fr\/produit\/orange-deshydratee-en-rondelles\/","title":{"rendered":"Orange d\u00e9shydrat\u00e9e en rondelles"},"content":{"rendered":"<p>Orange d\u00e9shydrat\u00e9e en rondelles \u00e0 l\u2019aide d\u2019un proc\u00e9d\u00e9 enti\u00e8rement naturel, sans ajout d\u2019ingr\u00e9dient. Les d\u00e9licieuses saveurs de l\u2019orange sont remarquablement conserv\u00e9es et se lib\u00e8rent rapidement. Les rondelles d\u2019orange d\u00e9shydrat\u00e9e sont parfaites pour la cr\u00e9ation de garniture \u00e0 cocktail, la d\u00e9coration de desserts et bien plus encore!<\/p>\n","protected":false},"excerpt":{"rendered":"<p><strong>Ingr\u00e9dients :<\/strong>\u00a0Oranges<br \/>\n<strong>Coupe :<\/strong>\u00a0Rondelles; 3,7 \u00e0 5,9 cm de diam\u00e8tre<br \/>\n<strong>Humidit\u00e9 :<\/strong>\u00a0\u2264 12%<br \/>\n<strong>Activit\u00e9 de l&rsquo;eau :<\/strong>\u00a0\u2264 0,650<br \/>\n<strong>Dur\u00e9e de vie \/ Conditions d&rsquo;entreposage :<\/strong>\u00a0Trois (3) ans lorsque le produit est entrepos\u00e9 dans un endroit frais et sec<br \/>\n<strong>Certifications :<\/strong>\u00a0Certifi\u00e9 cach\u00e8re par MK<\/p>\n<p style=\"padding-top: 5px;\"><a class=\"btn_shop\" href=\"\/fr\/fruits-deshydrates\/oranges-deshydratees\/\">Informations g\u00e9n\u00e9rales sur l&rsquo;orange d\u00e9shydrat\u00e9e<\/a><\/p>\n","protected":false},"featured_media":289290,"menu_order":0,"template":"","meta":{"_et_pb_use_builder":"off","_et_pb_old_content":"Orange d\u00e9shydrat\u00e9e en rondelles \u00e0 l\u2019aide d\u2019un proc\u00e9d\u00e9 enti\u00e8rement naturel, sans ajout d\u2019ingr\u00e9dient. Les d\u00e9licieuses saveurs de l\u2019orange sont remarquablement conserv\u00e9es et se lib\u00e8rent rapidement. Les rondelles d\u2019orange d\u00e9shydrat\u00e9e sont parfaites pour la cr\u00e9ation de garniture \u00e0 cocktail, la d\u00e9coration de desserts et bien plus encore!","_et_gb_content_width":""},"product_brand":[],"product_cat":[31,336,106],"product_tag":[308,265,269],"class_list":{"0":"post-792","1":"product","2":"type-product","3":"status-publish","4":"has-post-thumbnail","6":"product_cat-fruits-deshydrates","7":"product_cat-garnitures-cocktails","8":"product_cat-oranges-fr","9":"product_tag-creation-de-chocolats","10":"product_tag-garnitures-cocktails","11":"product_tag-thes-tisanes","13":"first","14":"outofstock","15":"shipping-taxable","16":"purchasable","17":"product-type-variable"},"yoast_head":"<!-- This site is optimized with the Yoast SEO plugin v27.3 - https:\/\/yoast.com\/product\/yoast-seo-wordpress\/ -->\n<title>Orange d\u00e9shydrat\u00e9e en rondelles | Boutique ANHYDRA<\/title>\n<meta name=\"description\" content=\"Orange d\u00e9shydrat\u00e9e en rondelles, sans aucun ajout d\u2019ingr\u00e9dient, id\u00e9ale pour la d\u00e9coration de cocktails, de desserts, de chocolats et autre.\" \/>\n<meta name=\"robots\" content=\"index, follow, max-snippet:-1, max-image-preview:large, max-video-preview:-1\" \/>\n<link rel=\"canonical\" href=\"https:\/\/anhydra.com\/fr\/produit\/orange-deshydratee-en-rondelles\/\" \/>\n<meta property=\"og:locale\" content=\"fr_FR\" \/>\n<meta property=\"og:type\" content=\"article\" \/>\n<meta property=\"og:title\" content=\"Orange d\u00e9shydrat\u00e9e en rondelles | Boutique ANHYDRA\" \/>\n<meta property=\"og:description\" content=\"Orange d\u00e9shydrat\u00e9e en rondelles, sans aucun ajout d\u2019ingr\u00e9dient, id\u00e9ale pour la d\u00e9coration de cocktails, de desserts, de chocolats et autre.\" \/>\n<meta property=\"og:url\" content=\"https:\/\/anhydra.com\/fr\/produit\/orange-deshydratee-en-rondelles\/\" \/>\n<meta property=\"og:site_name\" content=\"ANHYDRA\" \/>\n<meta property=\"article:modified_time\" content=\"2026-04-22T18:56:17+00:00\" \/>\n<meta property=\"og:image\" content=\"http:\/\/boutique.anhydra.ca\/wp-content\/uploads\/2020\/09\/ANHYDRA-Dehydrated-Orange-Wheels.jpg\" \/>\n<meta name=\"twitter:card\" content=\"summary_large_image\" \/>\n<meta name=\"twitter:label1\" content=\"Dur\u00e9e de lecture estim\u00e9e\" \/>\n\t<meta name=\"twitter:data1\" content=\"1 minute\" \/>\n<script type=\"application\/ld+json\" class=\"yoast-schema-graph\">{\"@context\":\"https:\\\/\\\/schema.org\",\"@graph\":[{\"@type\":\"WebPage\",\"@id\":\"https:\\\/\\\/anhydra.com\\\/fr\\\/produit\\\/orange-deshydratee-en-rondelles\\\/\",\"url\":\"https:\\\/\\\/anhydra.com\\\/fr\\\/produit\\\/orange-deshydratee-en-rondelles\\\/\",\"name\":\"Orange d\u00e9shydrat\u00e9e en rondelles | Boutique ANHYDRA\",\"isPartOf\":{\"@id\":\"https:\\\/\\\/anhydra.com\\\/fr\\\/#website\"},\"primaryImageOfPage\":{\"@id\":\"https:\\\/\\\/anhydra.com\\\/fr\\\/produit\\\/orange-deshydratee-en-rondelles\\\/#primaryimage\"},\"image\":{\"@id\":\"https:\\\/\\\/anhydra.com\\\/fr\\\/produit\\\/orange-deshydratee-en-rondelles\\\/#primaryimage\"},\"thumbnailUrl\":\"https:\\\/\\\/anhydra.com\\\/wp-content\\\/uploads\\\/2020\\\/09\\\/OrangesEnRondelle-ProductImg.jpg\",\"datePublished\":\"2020-09-14T15:33:57+00:00\",\"dateModified\":\"2026-04-22T18:56:17+00:00\",\"description\":\"Orange d\u00e9shydrat\u00e9e en rondelles, sans aucun ajout d\u2019ingr\u00e9dient, id\u00e9ale pour la d\u00e9coration de cocktails, de desserts, de chocolats et autre.\",\"breadcrumb\":{\"@id\":\"https:\\\/\\\/anhydra.com\\\/fr\\\/produit\\\/orange-deshydratee-en-rondelles\\\/#breadcrumb\"},\"inLanguage\":\"fr-FR\",\"potentialAction\":[{\"@type\":\"ReadAction\",\"target\":[\"https:\\\/\\\/anhydra.com\\\/fr\\\/produit\\\/orange-deshydratee-en-rondelles\\\/\"]}]},{\"@type\":\"ImageObject\",\"inLanguage\":\"fr-FR\",\"@id\":\"https:\\\/\\\/anhydra.com\\\/fr\\\/produit\\\/orange-deshydratee-en-rondelles\\\/#primaryimage\",\"url\":\"https:\\\/\\\/anhydra.com\\\/wp-content\\\/uploads\\\/2020\\\/09\\\/OrangesEnRondelle-ProductImg.jpg\",\"contentUrl\":\"https:\\\/\\\/anhydra.com\\\/wp-content\\\/uploads\\\/2020\\\/09\\\/OrangesEnRondelle-ProductImg.jpg\",\"width\":1080,\"height\":720},{\"@type\":\"BreadcrumbList\",\"@id\":\"https:\\\/\\\/anhydra.com\\\/fr\\\/produit\\\/orange-deshydratee-en-rondelles\\\/#breadcrumb\",\"itemListElement\":[{\"@type\":\"ListItem\",\"position\":1,\"name\":\"Home\",\"item\":\"https:\\\/\\\/anhydra.com\\\/fr\\\/\"},{\"@type\":\"ListItem\",\"position\":2,\"name\":\"La Boutique ANHYDRA\",\"item\":\"https:\\\/\\\/anhydra.com\\\/fr\\\/boutique\\\/\"},{\"@type\":\"ListItem\",\"position\":3,\"name\":\"Orange d\u00e9shydrat\u00e9e en rondelles\"}]},{\"@type\":\"WebSite\",\"@id\":\"https:\\\/\\\/anhydra.com\\\/fr\\\/#website\",\"url\":\"https:\\\/\\\/anhydra.com\\\/fr\\\/\",\"name\":\"ANHYDRA\",\"description\":\"\",\"potentialAction\":[{\"@type\":\"SearchAction\",\"target\":{\"@type\":\"EntryPoint\",\"urlTemplate\":\"https:\\\/\\\/anhydra.com\\\/fr\\\/?s={search_term_string}\"},\"query-input\":{\"@type\":\"PropertyValueSpecification\",\"valueRequired\":true,\"valueName\":\"search_term_string\"}}],\"inLanguage\":\"fr-FR\"}]}<\/script>\n<!-- \/ Yoast SEO plugin. -->","yoast_head_json":{"title":"Orange d\u00e9shydrat\u00e9e en rondelles | Boutique ANHYDRA","description":"Orange d\u00e9shydrat\u00e9e en rondelles, sans aucun ajout d\u2019ingr\u00e9dient, id\u00e9ale pour la d\u00e9coration de cocktails, de desserts, de chocolats et autre.","robots":{"index":"index","follow":"follow","max-snippet":"max-snippet:-1","max-image-preview":"max-image-preview:large","max-video-preview":"max-video-preview:-1"},"canonical":"https:\/\/anhydra.com\/fr\/produit\/orange-deshydratee-en-rondelles\/","og_locale":"fr_FR","og_type":"article","og_title":"Orange d\u00e9shydrat\u00e9e en rondelles | Boutique ANHYDRA","og_description":"Orange d\u00e9shydrat\u00e9e en rondelles, sans aucun ajout d\u2019ingr\u00e9dient, id\u00e9ale pour la d\u00e9coration de cocktails, de desserts, de chocolats et autre.","og_url":"https:\/\/anhydra.com\/fr\/produit\/orange-deshydratee-en-rondelles\/","og_site_name":"ANHYDRA","article_modified_time":"2026-04-22T18:56:17+00:00","og_image":[{"url":"http:\/\/boutique.anhydra.ca\/wp-content\/uploads\/2020\/09\/ANHYDRA-Dehydrated-Orange-Wheels.jpg","type":"","width":"","height":""}],"twitter_card":"summary_large_image","twitter_misc":{"Dur\u00e9e de lecture estim\u00e9e":"1 minute"},"schema":{"@context":"https:\/\/schema.org","@graph":[{"@type":"WebPage","@id":"https:\/\/anhydra.com\/fr\/produit\/orange-deshydratee-en-rondelles\/","url":"https:\/\/anhydra.com\/fr\/produit\/orange-deshydratee-en-rondelles\/","name":"Orange d\u00e9shydrat\u00e9e en rondelles | Boutique ANHYDRA","isPartOf":{"@id":"https:\/\/anhydra.com\/fr\/#website"},"primaryImageOfPage":{"@id":"https:\/\/anhydra.com\/fr\/produit\/orange-deshydratee-en-rondelles\/#primaryimage"},"image":{"@id":"https:\/\/anhydra.com\/fr\/produit\/orange-deshydratee-en-rondelles\/#primaryimage"},"thumbnailUrl":"https:\/\/anhydra.com\/wp-content\/uploads\/2020\/09\/OrangesEnRondelle-ProductImg.jpg","datePublished":"2020-09-14T15:33:57+00:00","dateModified":"2026-04-22T18:56:17+00:00","description":"Orange d\u00e9shydrat\u00e9e en rondelles, sans aucun ajout d\u2019ingr\u00e9dient, id\u00e9ale pour la d\u00e9coration de cocktails, de desserts, de chocolats et autre.","breadcrumb":{"@id":"https:\/\/anhydra.com\/fr\/produit\/orange-deshydratee-en-rondelles\/#breadcrumb"},"inLanguage":"fr-FR","potentialAction":[{"@type":"ReadAction","target":["https:\/\/anhydra.com\/fr\/produit\/orange-deshydratee-en-rondelles\/"]}]},{"@type":"ImageObject","inLanguage":"fr-FR","@id":"https:\/\/anhydra.com\/fr\/produit\/orange-deshydratee-en-rondelles\/#primaryimage","url":"https:\/\/anhydra.com\/wp-content\/uploads\/2020\/09\/OrangesEnRondelle-ProductImg.jpg","contentUrl":"https:\/\/anhydra.com\/wp-content\/uploads\/2020\/09\/OrangesEnRondelle-ProductImg.jpg","width":1080,"height":720},{"@type":"BreadcrumbList","@id":"https:\/\/anhydra.com\/fr\/produit\/orange-deshydratee-en-rondelles\/#breadcrumb","itemListElement":[{"@type":"ListItem","position":1,"name":"Home","item":"https:\/\/anhydra.com\/fr\/"},{"@type":"ListItem","position":2,"name":"La Boutique ANHYDRA","item":"https:\/\/anhydra.com\/fr\/boutique\/"},{"@type":"ListItem","position":3,"name":"Orange d\u00e9shydrat\u00e9e en rondelles"}]},{"@type":"WebSite","@id":"https:\/\/anhydra.com\/fr\/#website","url":"https:\/\/anhydra.com\/fr\/","name":"ANHYDRA","description":"","potentialAction":[{"@type":"SearchAction","target":{"@type":"EntryPoint","urlTemplate":"https:\/\/anhydra.com\/fr\/?s={search_term_string}"},"query-input":{"@type":"PropertyValueSpecification","valueRequired":true,"valueName":"search_term_string"}}],"inLanguage":"fr-FR"}]}},"_links":{"self":[{"href":"https:\/\/anhydra.com\/fr\/wp-json\/wp\/v2\/product\/792","targetHints":{"allow":["GET"]}}],"collection":[{"href":"https:\/\/anhydra.com\/fr\/wp-json\/wp\/v2\/product"}],"about":[{"href":"https:\/\/anhydra.com\/fr\/wp-json\/wp\/v2\/types\/product"}],"wp:featuredmedia":[{"embeddable":true,"href":"https:\/\/anhydra.com\/fr\/wp-json\/wp\/v2\/media\/289290"}],"wp:attachment":[{"href":"https:\/\/anhydra.com\/fr\/wp-json\/wp\/v2\/media?parent=792"}],"wp:term":[{"taxonomy":"product_brand","embeddable":true,"href":"https:\/\/anhydra.com\/fr\/wp-json\/wp\/v2\/product_brand?post=792"},{"taxonomy":"product_cat","embeddable":true,"href":"https:\/\/anhydra.com\/fr\/wp-json\/wp\/v2\/product_cat?post=792"},{"taxonomy":"product_tag","embeddable":true,"href":"https:\/\/anhydra.com\/fr\/wp-json\/wp\/v2\/product_tag?post=792"}],"curies":[{"name":"wp","href":"https:\/\/api.w.org\/{rel}","templated":true}]}}