{"id":622,"date":"2020-09-09T14:05:12","date_gmt":"2020-09-09T18:05:12","guid":{"rendered":"http:\/\/boutique.anhydra.ca\/product\/non%20class\u00e9\/citrons-deshydrates-en-rondelles\/"},"modified":"2026-04-15T14:41:10","modified_gmt":"2026-04-15T18:41:10","slug":"citron-deshydrate-en-rondelles","status":"publish","type":"product","link":"https:\/\/anhydra.com\/fr\/produit\/citron-deshydrate-en-rondelles\/","title":{"rendered":"Citron d\u00e9shydrat\u00e9 en rondelles"},"content":{"rendered":"<p>Citron d\u00e9shydrat\u00e9 en rondelles de fa\u00e7on enti\u00e8rement naturelle sans aucun ajout d\u2019ingr\u00e9dient. Les distinctives saveurs du citron sont remarquablement conserv\u00e9es et se lib\u00e8rent rapidement. Largement utilis\u00e9es en mixologie, les rondelles de citron d\u00e9shydrat\u00e9 sont parfaites pour la cr\u00e9ation de cocktails et de garnitures originales, la d\u00e9coration de desserts et bien plus encore!<\/p>\n","protected":false},"excerpt":{"rendered":"<p><strong>Ingr\u00e9dients :<\/strong>\u00a0Citrons<br \/>\n<strong>Coupe :<\/strong>\u00a0Rondelles; 3,6 \u00e0 5,9 cm de diam\u00e8tre<br \/>\n<strong>Humidit\u00e9 :<\/strong>\u00a0\u2264 12%<br \/>\n<strong>Activit\u00e9 de l&rsquo;eau :<\/strong>\u00a0\u2264 0,650<br \/>\n<strong>Dur\u00e9e de vie \/ Conditions d&rsquo;entreposage :<\/strong>\u00a0Trois (3) ans lorsque le produit est entrepos\u00e9 dans un endroit frais et sec<br \/>\n<strong>Certifications :<\/strong>\u00a0Certifi\u00e9 cach\u00e8re par MK<\/p>\n<p style=\"padding-top: 5px;\"><a class=\"btn_shop\" href=\"\/fr\/fruits-deshydrates\/citrons-deshydrates\/\">Informations g\u00e9n\u00e9rales sur le citron d\u00e9shydrat\u00e9<\/a><\/p>\n","protected":false},"featured_media":289282,"menu_order":0,"template":"","meta":{"_et_pb_use_builder":"off","_et_pb_old_content":"Citron d\u00e9shydrat\u00e9 en rondelles de fa\u00e7on enti\u00e8rement naturelle sans aucun ajout d\u2019ingr\u00e9dient. Les distinctives saveurs du citron sont remarquablement conserv\u00e9es et se lib\u00e8rent rapidement. Largement utilis\u00e9es en mixologie, les rondelles de citron d\u00e9shydrat\u00e9 sont parfaites pour la cr\u00e9ation de cocktails et de garnitures originales, la d\u00e9coration de desserts et bien plus encore!","_et_gb_content_width":""},"product_brand":[],"product_cat":[100,31,336],"product_tag":[265,269],"class_list":{"0":"post-622","1":"product","2":"type-product","3":"status-publish","4":"has-post-thumbnail","6":"product_cat-citrons","7":"product_cat-fruits-deshydrates","8":"product_cat-garnitures-cocktails","9":"product_tag-garnitures-cocktails","10":"product_tag-thes-tisanes","12":"first","13":"outofstock","14":"shipping-taxable","15":"purchasable","16":"product-type-variable"},"yoast_head":"<!-- This site is optimized with the Yoast SEO plugin v27.3 - https:\/\/yoast.com\/product\/yoast-seo-wordpress\/ -->\n<title>Citron d\u00e9shydrat\u00e9 en rondelles | Boutique ANHYDRA<\/title>\n<meta name=\"description\" content=\"Citron d\u00e9shydrat\u00e9 en rondelles aux saveurs franches, 100% naturel, parfait pour la cr\u00e9ation de cocktails et de garnitures, et bien plus!\" \/>\n<meta name=\"robots\" content=\"index, follow, max-snippet:-1, max-image-preview:large, max-video-preview:-1\" \/>\n<link rel=\"canonical\" href=\"https:\/\/anhydra.com\/fr\/produit\/citron-deshydrate-en-rondelles\/\" \/>\n<meta property=\"og:locale\" content=\"fr_FR\" \/>\n<meta property=\"og:type\" content=\"article\" \/>\n<meta property=\"og:title\" content=\"Citron d\u00e9shydrat\u00e9 en rondelles | Boutique ANHYDRA\" \/>\n<meta property=\"og:description\" content=\"Citron d\u00e9shydrat\u00e9 en rondelles aux saveurs franches, 100% naturel, parfait pour la cr\u00e9ation de cocktails et de garnitures, et bien plus!\" \/>\n<meta property=\"og:url\" content=\"https:\/\/anhydra.com\/fr\/produit\/citron-deshydrate-en-rondelles\/\" \/>\n<meta property=\"og:site_name\" content=\"ANHYDRA\" \/>\n<meta property=\"article:modified_time\" content=\"2026-04-15T18:41:10+00:00\" \/>\n<meta property=\"og:image\" content=\"https:\/\/anhydra.com\/wp-content\/uploads\/2020\/09\/ANHYDRA-Dehydrated-Lemon-Wheels.jpg\" \/>\n\t<meta property=\"og:image:width\" content=\"1500\" \/>\n\t<meta property=\"og:image:height\" content=\"1000\" \/>\n\t<meta property=\"og:image:type\" content=\"image\/jpeg\" \/>\n<meta name=\"twitter:card\" content=\"summary_large_image\" \/>\n<meta name=\"twitter:label1\" content=\"Dur\u00e9e de lecture estim\u00e9e\" \/>\n\t<meta name=\"twitter:data1\" content=\"1 minute\" \/>\n<script type=\"application\/ld+json\" class=\"yoast-schema-graph\">{\"@context\":\"https:\\\/\\\/schema.org\",\"@graph\":[{\"@type\":\"WebPage\",\"@id\":\"https:\\\/\\\/anhydra.com\\\/fr\\\/produit\\\/citron-deshydrate-en-rondelles\\\/\",\"url\":\"https:\\\/\\\/anhydra.com\\\/fr\\\/produit\\\/citron-deshydrate-en-rondelles\\\/\",\"name\":\"Citron d\u00e9shydrat\u00e9 en rondelles | Boutique ANHYDRA\",\"isPartOf\":{\"@id\":\"https:\\\/\\\/anhydra.com\\\/fr\\\/#website\"},\"primaryImageOfPage\":{\"@id\":\"https:\\\/\\\/anhydra.com\\\/fr\\\/produit\\\/citron-deshydrate-en-rondelles\\\/#primaryimage\"},\"image\":{\"@id\":\"https:\\\/\\\/anhydra.com\\\/fr\\\/produit\\\/citron-deshydrate-en-rondelles\\\/#primaryimage\"},\"thumbnailUrl\":\"https:\\\/\\\/anhydra.com\\\/wp-content\\\/uploads\\\/2026\\\/02\\\/CitronsEnRondelle-ProductImg.jpg\",\"datePublished\":\"2020-09-09T18:05:12+00:00\",\"dateModified\":\"2026-04-15T18:41:10+00:00\",\"description\":\"Citron d\u00e9shydrat\u00e9 en rondelles aux saveurs franches, 100% naturel, parfait pour la cr\u00e9ation de cocktails et de garnitures, et bien plus!\",\"breadcrumb\":{\"@id\":\"https:\\\/\\\/anhydra.com\\\/fr\\\/produit\\\/citron-deshydrate-en-rondelles\\\/#breadcrumb\"},\"inLanguage\":\"fr-FR\",\"potentialAction\":[{\"@type\":\"ReadAction\",\"target\":[\"https:\\\/\\\/anhydra.com\\\/fr\\\/produit\\\/citron-deshydrate-en-rondelles\\\/\"]}]},{\"@type\":\"ImageObject\",\"inLanguage\":\"fr-FR\",\"@id\":\"https:\\\/\\\/anhydra.com\\\/fr\\\/produit\\\/citron-deshydrate-en-rondelles\\\/#primaryimage\",\"url\":\"https:\\\/\\\/anhydra.com\\\/wp-content\\\/uploads\\\/2026\\\/02\\\/CitronsEnRondelle-ProductImg.jpg\",\"contentUrl\":\"https:\\\/\\\/anhydra.com\\\/wp-content\\\/uploads\\\/2026\\\/02\\\/CitronsEnRondelle-ProductImg.jpg\",\"width\":1080,\"height\":720,\"caption\":\"Citrons d\u00e9shydrat\u00e9s en rondelle\"},{\"@type\":\"BreadcrumbList\",\"@id\":\"https:\\\/\\\/anhydra.com\\\/fr\\\/produit\\\/citron-deshydrate-en-rondelles\\\/#breadcrumb\",\"itemListElement\":[{\"@type\":\"ListItem\",\"position\":1,\"name\":\"Home\",\"item\":\"https:\\\/\\\/anhydra.com\\\/fr\\\/\"},{\"@type\":\"ListItem\",\"position\":2,\"name\":\"La Boutique ANHYDRA\",\"item\":\"https:\\\/\\\/anhydra.com\\\/fr\\\/boutique\\\/\"},{\"@type\":\"ListItem\",\"position\":3,\"name\":\"Citron d\u00e9shydrat\u00e9 en rondelles\"}]},{\"@type\":\"WebSite\",\"@id\":\"https:\\\/\\\/anhydra.com\\\/fr\\\/#website\",\"url\":\"https:\\\/\\\/anhydra.com\\\/fr\\\/\",\"name\":\"ANHYDRA\",\"description\":\"\",\"potentialAction\":[{\"@type\":\"SearchAction\",\"target\":{\"@type\":\"EntryPoint\",\"urlTemplate\":\"https:\\\/\\\/anhydra.com\\\/fr\\\/?s={search_term_string}\"},\"query-input\":{\"@type\":\"PropertyValueSpecification\",\"valueRequired\":true,\"valueName\":\"search_term_string\"}}],\"inLanguage\":\"fr-FR\"}]}<\/script>\n<!-- \/ Yoast SEO plugin. -->","yoast_head_json":{"title":"Citron d\u00e9shydrat\u00e9 en rondelles | Boutique ANHYDRA","description":"Citron d\u00e9shydrat\u00e9 en rondelles aux saveurs franches, 100% naturel, parfait pour la cr\u00e9ation de cocktails et de garnitures, et bien plus!","robots":{"index":"index","follow":"follow","max-snippet":"max-snippet:-1","max-image-preview":"max-image-preview:large","max-video-preview":"max-video-preview:-1"},"canonical":"https:\/\/anhydra.com\/fr\/produit\/citron-deshydrate-en-rondelles\/","og_locale":"fr_FR","og_type":"article","og_title":"Citron d\u00e9shydrat\u00e9 en rondelles | Boutique ANHYDRA","og_description":"Citron d\u00e9shydrat\u00e9 en rondelles aux saveurs franches, 100% naturel, parfait pour la cr\u00e9ation de cocktails et de garnitures, et bien plus!","og_url":"https:\/\/anhydra.com\/fr\/produit\/citron-deshydrate-en-rondelles\/","og_site_name":"ANHYDRA","article_modified_time":"2026-04-15T18:41:10+00:00","og_image":[{"width":1500,"height":1000,"url":"https:\/\/anhydra.com\/wp-content\/uploads\/2020\/09\/ANHYDRA-Dehydrated-Lemon-Wheels.jpg","type":"image\/jpeg"}],"twitter_card":"summary_large_image","twitter_misc":{"Dur\u00e9e de lecture estim\u00e9e":"1 minute"},"schema":{"@context":"https:\/\/schema.org","@graph":[{"@type":"WebPage","@id":"https:\/\/anhydra.com\/fr\/produit\/citron-deshydrate-en-rondelles\/","url":"https:\/\/anhydra.com\/fr\/produit\/citron-deshydrate-en-rondelles\/","name":"Citron d\u00e9shydrat\u00e9 en rondelles | Boutique ANHYDRA","isPartOf":{"@id":"https:\/\/anhydra.com\/fr\/#website"},"primaryImageOfPage":{"@id":"https:\/\/anhydra.com\/fr\/produit\/citron-deshydrate-en-rondelles\/#primaryimage"},"image":{"@id":"https:\/\/anhydra.com\/fr\/produit\/citron-deshydrate-en-rondelles\/#primaryimage"},"thumbnailUrl":"https:\/\/anhydra.com\/wp-content\/uploads\/2026\/02\/CitronsEnRondelle-ProductImg.jpg","datePublished":"2020-09-09T18:05:12+00:00","dateModified":"2026-04-15T18:41:10+00:00","description":"Citron d\u00e9shydrat\u00e9 en rondelles aux saveurs franches, 100% naturel, parfait pour la cr\u00e9ation de cocktails et de garnitures, et bien plus!","breadcrumb":{"@id":"https:\/\/anhydra.com\/fr\/produit\/citron-deshydrate-en-rondelles\/#breadcrumb"},"inLanguage":"fr-FR","potentialAction":[{"@type":"ReadAction","target":["https:\/\/anhydra.com\/fr\/produit\/citron-deshydrate-en-rondelles\/"]}]},{"@type":"ImageObject","inLanguage":"fr-FR","@id":"https:\/\/anhydra.com\/fr\/produit\/citron-deshydrate-en-rondelles\/#primaryimage","url":"https:\/\/anhydra.com\/wp-content\/uploads\/2026\/02\/CitronsEnRondelle-ProductImg.jpg","contentUrl":"https:\/\/anhydra.com\/wp-content\/uploads\/2026\/02\/CitronsEnRondelle-ProductImg.jpg","width":1080,"height":720,"caption":"Citrons d\u00e9shydrat\u00e9s en rondelle"},{"@type":"BreadcrumbList","@id":"https:\/\/anhydra.com\/fr\/produit\/citron-deshydrate-en-rondelles\/#breadcrumb","itemListElement":[{"@type":"ListItem","position":1,"name":"Home","item":"https:\/\/anhydra.com\/fr\/"},{"@type":"ListItem","position":2,"name":"La Boutique ANHYDRA","item":"https:\/\/anhydra.com\/fr\/boutique\/"},{"@type":"ListItem","position":3,"name":"Citron d\u00e9shydrat\u00e9 en rondelles"}]},{"@type":"WebSite","@id":"https:\/\/anhydra.com\/fr\/#website","url":"https:\/\/anhydra.com\/fr\/","name":"ANHYDRA","description":"","potentialAction":[{"@type":"SearchAction","target":{"@type":"EntryPoint","urlTemplate":"https:\/\/anhydra.com\/fr\/?s={search_term_string}"},"query-input":{"@type":"PropertyValueSpecification","valueRequired":true,"valueName":"search_term_string"}}],"inLanguage":"fr-FR"}]}},"_links":{"self":[{"href":"https:\/\/anhydra.com\/fr\/wp-json\/wp\/v2\/product\/622","targetHints":{"allow":["GET"]}}],"collection":[{"href":"https:\/\/anhydra.com\/fr\/wp-json\/wp\/v2\/product"}],"about":[{"href":"https:\/\/anhydra.com\/fr\/wp-json\/wp\/v2\/types\/product"}],"wp:featuredmedia":[{"embeddable":true,"href":"https:\/\/anhydra.com\/fr\/wp-json\/wp\/v2\/media\/289282"}],"wp:attachment":[{"href":"https:\/\/anhydra.com\/fr\/wp-json\/wp\/v2\/media?parent=622"}],"wp:term":[{"taxonomy":"product_brand","embeddable":true,"href":"https:\/\/anhydra.com\/fr\/wp-json\/wp\/v2\/product_brand?post=622"},{"taxonomy":"product_cat","embeddable":true,"href":"https:\/\/anhydra.com\/fr\/wp-json\/wp\/v2\/product_cat?post=622"},{"taxonomy":"product_tag","embeddable":true,"href":"https:\/\/anhydra.com\/fr\/wp-json\/wp\/v2\/product_tag?post=622"}],"curies":[{"name":"wp","href":"https:\/\/api.w.org\/{rel}","templated":true}]}}