{"id":567,"date":"2020-09-04T13:28:07","date_gmt":"2020-09-04T17:28:07","guid":{"rendered":"http:\/\/boutique.anhydra.ca\/product\/non%20class\u00e9\/clementines-deshydratees\/"},"modified":"2026-04-06T11:30:52","modified_gmt":"2026-04-06T15:30:52","slug":"clementine-deshydratee-en-morceaux","status":"publish","type":"product","link":"https:\/\/anhydra.com\/fr\/produit\/clementine-deshydratee-en-morceaux\/","title":{"rendered":"Cl\u00e9mentine d\u00e9shydrat\u00e9e en morceaux"},"content":{"rendered":"<p>Cl\u00e9mentine d\u00e9shydrat\u00e9e en morceaux incluant l\u2019\u00e9corce et la chair pour pr\u00e9server tout le bon go\u00fbt de la cl\u00e9mentine et offrir une extraction rapide et efficace de ses saveurs. Un ingr\u00e9dient d\u2019exception qui permet d\u2019en utiliser beaucoup moins pour un r\u00e9sultat aussi bon, voire meilleur! La cl\u00e9mentine d\u00e9shydrat\u00e9e en morceaux est parfaite pour le brassage de bi\u00e8res au go\u00fbt unique.<\/p>\n","protected":false},"excerpt":{"rendered":"<p><strong>Ingr\u00e9dients :<\/strong>\u00a0Cl\u00e9mentines<br \/>\n<strong>Coupe :<\/strong>\u00a0Coupe fra\u00eeche : morceaux de 4mm et\/ou rondelles<br \/>\n<strong>Humidit\u00e9 :<\/strong>\u00a0\u2264 12%<br \/>\n<strong>Activit\u00e9 de l&rsquo;eau :<\/strong>\u00a0\u2264 0,650<br \/>\n<strong>Dur\u00e9e de vie \/ Conditions d&rsquo;entreposage :<\/strong>\u00a0Trois (3) ans lorsque le produit est entrepos\u00e9 dans un endroit frais et sec<br \/>\n<strong>Certifications :<\/strong>\u00a0Certifi\u00e9 cach\u00e8re par MK<\/p>\n<p style=\"padding-top:5px;\"><a class=\"btn_shop\" href=\"\/fr\/fruits-deshydrates\/clementines-deshydratees\/\">Informations g\u00e9n\u00e9rales sur la cl\u00e9mentine d\u00e9shydrat\u00e9e<\/a><\/p>\n","protected":false},"featured_media":561,"menu_order":0,"template":"","meta":{"_et_pb_use_builder":"off","_et_pb_old_content":"Cl\u00e9mentine d\u00e9shydrat\u00e9e en morceaux incluant l\u2019\u00e9corce et la chair pour pr\u00e9server tout le bon go\u00fbt de la cl\u00e9mentine et offrir une extraction rapide et efficace de ses saveurs. Un ingr\u00e9dient d\u2019exception qui permet d\u2019en utiliser beaucoup moins pour un r\u00e9sultat aussi bon, voire meilleur! La cl\u00e9mentine d\u00e9shydrat\u00e9e en morceaux est parfaite pour le brassage de bi\u00e8res au go\u00fbt unique.","_et_gb_content_width":""},"product_brand":[],"product_cat":[43,31],"product_tag":[263,277,269],"class_list":{"0":"post-567","1":"product","2":"type-product","3":"status-publish","4":"has-post-thumbnail","6":"product_cat-clementines-fr","7":"product_cat-fruits-deshydrates","8":"product_tag-brassage-de-bieres","9":"product_tag-distillation-dalcool","10":"product_tag-thes-tisanes","12":"first","13":"outofstock","14":"shipping-taxable","15":"purchasable","16":"product-type-variable"},"yoast_head":"<!-- This site is optimized with the Yoast SEO plugin v27.3 - https:\/\/yoast.com\/product\/yoast-seo-wordpress\/ -->\n<title>Cl\u00e9mentine d\u00e9shydrat\u00e9e en morceaux | Boutique ANHYDRA<\/title>\n<meta name=\"description\" content=\"Cl\u00e9mentine d\u00e9shydrat\u00e9e en morceaux aux saveurs bien conserv\u00e9es, sans aucun ajout d\u2019ingr\u00e9dients. Parfaite pour de multiples utilisations.\" \/>\n<meta name=\"robots\" content=\"index, follow, max-snippet:-1, max-image-preview:large, max-video-preview:-1\" \/>\n<link rel=\"canonical\" href=\"https:\/\/anhydra.com\/fr\/produit\/clementine-deshydratee-en-morceaux\/\" \/>\n<meta property=\"og:locale\" content=\"fr_FR\" \/>\n<meta property=\"og:type\" content=\"article\" \/>\n<meta property=\"og:title\" content=\"Cl\u00e9mentine d\u00e9shydrat\u00e9e en morceaux | Boutique ANHYDRA\" \/>\n<meta property=\"og:description\" content=\"Cl\u00e9mentine d\u00e9shydrat\u00e9e en morceaux aux saveurs bien conserv\u00e9es, sans aucun ajout d\u2019ingr\u00e9dients. Parfaite pour de multiples utilisations.\" \/>\n<meta property=\"og:url\" content=\"https:\/\/anhydra.com\/fr\/produit\/clementine-deshydratee-en-morceaux\/\" \/>\n<meta property=\"og:site_name\" content=\"ANHYDRA\" \/>\n<meta property=\"article:modified_time\" content=\"2026-04-06T15:30:52+00:00\" \/>\n<meta property=\"og:image\" content=\"http:\/\/boutique.anhydra.ca\/wp-content\/uploads\/2020\/09\/ANHYDRA-Dehydrated-Clementines.jpg\" \/>\n<meta name=\"twitter:card\" content=\"summary_large_image\" \/>\n<meta name=\"twitter:label1\" content=\"Dur\u00e9e de lecture estim\u00e9e\" \/>\n\t<meta name=\"twitter:data1\" content=\"1 minute\" \/>\n<script type=\"application\/ld+json\" class=\"yoast-schema-graph\">{\"@context\":\"https:\\\/\\\/schema.org\",\"@graph\":[{\"@type\":\"WebPage\",\"@id\":\"https:\\\/\\\/anhydra.com\\\/fr\\\/produit\\\/clementine-deshydratee-en-morceaux\\\/\",\"url\":\"https:\\\/\\\/anhydra.com\\\/fr\\\/produit\\\/clementine-deshydratee-en-morceaux\\\/\",\"name\":\"Cl\u00e9mentine d\u00e9shydrat\u00e9e en morceaux | Boutique ANHYDRA\",\"isPartOf\":{\"@id\":\"https:\\\/\\\/anhydra.com\\\/fr\\\/#website\"},\"primaryImageOfPage\":{\"@id\":\"https:\\\/\\\/anhydra.com\\\/fr\\\/produit\\\/clementine-deshydratee-en-morceaux\\\/#primaryimage\"},\"image\":{\"@id\":\"https:\\\/\\\/anhydra.com\\\/fr\\\/produit\\\/clementine-deshydratee-en-morceaux\\\/#primaryimage\"},\"thumbnailUrl\":\"https:\\\/\\\/anhydra.com\\\/wp-content\\\/uploads\\\/2020\\\/09\\\/ANHYDRA-Dehydrated-Clementines.jpg\",\"datePublished\":\"2020-09-04T17:28:07+00:00\",\"dateModified\":\"2026-04-06T15:30:52+00:00\",\"description\":\"Cl\u00e9mentine d\u00e9shydrat\u00e9e en morceaux aux saveurs bien conserv\u00e9es, sans aucun ajout d\u2019ingr\u00e9dients. Parfaite pour de multiples utilisations.\",\"breadcrumb\":{\"@id\":\"https:\\\/\\\/anhydra.com\\\/fr\\\/produit\\\/clementine-deshydratee-en-morceaux\\\/#breadcrumb\"},\"inLanguage\":\"fr-FR\",\"potentialAction\":[{\"@type\":\"ReadAction\",\"target\":[\"https:\\\/\\\/anhydra.com\\\/fr\\\/produit\\\/clementine-deshydratee-en-morceaux\\\/\"]}]},{\"@type\":\"ImageObject\",\"inLanguage\":\"fr-FR\",\"@id\":\"https:\\\/\\\/anhydra.com\\\/fr\\\/produit\\\/clementine-deshydratee-en-morceaux\\\/#primaryimage\",\"url\":\"https:\\\/\\\/anhydra.com\\\/wp-content\\\/uploads\\\/2020\\\/09\\\/ANHYDRA-Dehydrated-Clementines.jpg\",\"contentUrl\":\"https:\\\/\\\/anhydra.com\\\/wp-content\\\/uploads\\\/2020\\\/09\\\/ANHYDRA-Dehydrated-Clementines.jpg\",\"width\":1500,\"height\":1000,\"caption\":\"Cl\u00e9mentines d\u00e9shydrat\u00e9es\"},{\"@type\":\"BreadcrumbList\",\"@id\":\"https:\\\/\\\/anhydra.com\\\/fr\\\/produit\\\/clementine-deshydratee-en-morceaux\\\/#breadcrumb\",\"itemListElement\":[{\"@type\":\"ListItem\",\"position\":1,\"name\":\"Home\",\"item\":\"https:\\\/\\\/anhydra.com\\\/fr\\\/\"},{\"@type\":\"ListItem\",\"position\":2,\"name\":\"La Boutique ANHYDRA\",\"item\":\"https:\\\/\\\/anhydra.com\\\/fr\\\/boutique\\\/\"},{\"@type\":\"ListItem\",\"position\":3,\"name\":\"Cl\u00e9mentine d\u00e9shydrat\u00e9e en morceaux\"}]},{\"@type\":\"WebSite\",\"@id\":\"https:\\\/\\\/anhydra.com\\\/fr\\\/#website\",\"url\":\"https:\\\/\\\/anhydra.com\\\/fr\\\/\",\"name\":\"ANHYDRA\",\"description\":\"\",\"potentialAction\":[{\"@type\":\"SearchAction\",\"target\":{\"@type\":\"EntryPoint\",\"urlTemplate\":\"https:\\\/\\\/anhydra.com\\\/fr\\\/?s={search_term_string}\"},\"query-input\":{\"@type\":\"PropertyValueSpecification\",\"valueRequired\":true,\"valueName\":\"search_term_string\"}}],\"inLanguage\":\"fr-FR\"}]}<\/script>\n<!-- \/ Yoast SEO plugin. -->","yoast_head_json":{"title":"Cl\u00e9mentine d\u00e9shydrat\u00e9e en morceaux | Boutique ANHYDRA","description":"Cl\u00e9mentine d\u00e9shydrat\u00e9e en morceaux aux saveurs bien conserv\u00e9es, sans aucun ajout d\u2019ingr\u00e9dients. Parfaite pour de multiples utilisations.","robots":{"index":"index","follow":"follow","max-snippet":"max-snippet:-1","max-image-preview":"max-image-preview:large","max-video-preview":"max-video-preview:-1"},"canonical":"https:\/\/anhydra.com\/fr\/produit\/clementine-deshydratee-en-morceaux\/","og_locale":"fr_FR","og_type":"article","og_title":"Cl\u00e9mentine d\u00e9shydrat\u00e9e en morceaux | Boutique ANHYDRA","og_description":"Cl\u00e9mentine d\u00e9shydrat\u00e9e en morceaux aux saveurs bien conserv\u00e9es, sans aucun ajout d\u2019ingr\u00e9dients. Parfaite pour de multiples utilisations.","og_url":"https:\/\/anhydra.com\/fr\/produit\/clementine-deshydratee-en-morceaux\/","og_site_name":"ANHYDRA","article_modified_time":"2026-04-06T15:30:52+00:00","og_image":[{"url":"http:\/\/boutique.anhydra.ca\/wp-content\/uploads\/2020\/09\/ANHYDRA-Dehydrated-Clementines.jpg","type":"","width":"","height":""}],"twitter_card":"summary_large_image","twitter_misc":{"Dur\u00e9e de lecture estim\u00e9e":"1 minute"},"schema":{"@context":"https:\/\/schema.org","@graph":[{"@type":"WebPage","@id":"https:\/\/anhydra.com\/fr\/produit\/clementine-deshydratee-en-morceaux\/","url":"https:\/\/anhydra.com\/fr\/produit\/clementine-deshydratee-en-morceaux\/","name":"Cl\u00e9mentine d\u00e9shydrat\u00e9e en morceaux | Boutique ANHYDRA","isPartOf":{"@id":"https:\/\/anhydra.com\/fr\/#website"},"primaryImageOfPage":{"@id":"https:\/\/anhydra.com\/fr\/produit\/clementine-deshydratee-en-morceaux\/#primaryimage"},"image":{"@id":"https:\/\/anhydra.com\/fr\/produit\/clementine-deshydratee-en-morceaux\/#primaryimage"},"thumbnailUrl":"https:\/\/anhydra.com\/wp-content\/uploads\/2020\/09\/ANHYDRA-Dehydrated-Clementines.jpg","datePublished":"2020-09-04T17:28:07+00:00","dateModified":"2026-04-06T15:30:52+00:00","description":"Cl\u00e9mentine d\u00e9shydrat\u00e9e en morceaux aux saveurs bien conserv\u00e9es, sans aucun ajout d\u2019ingr\u00e9dients. Parfaite pour de multiples utilisations.","breadcrumb":{"@id":"https:\/\/anhydra.com\/fr\/produit\/clementine-deshydratee-en-morceaux\/#breadcrumb"},"inLanguage":"fr-FR","potentialAction":[{"@type":"ReadAction","target":["https:\/\/anhydra.com\/fr\/produit\/clementine-deshydratee-en-morceaux\/"]}]},{"@type":"ImageObject","inLanguage":"fr-FR","@id":"https:\/\/anhydra.com\/fr\/produit\/clementine-deshydratee-en-morceaux\/#primaryimage","url":"https:\/\/anhydra.com\/wp-content\/uploads\/2020\/09\/ANHYDRA-Dehydrated-Clementines.jpg","contentUrl":"https:\/\/anhydra.com\/wp-content\/uploads\/2020\/09\/ANHYDRA-Dehydrated-Clementines.jpg","width":1500,"height":1000,"caption":"Cl\u00e9mentines d\u00e9shydrat\u00e9es"},{"@type":"BreadcrumbList","@id":"https:\/\/anhydra.com\/fr\/produit\/clementine-deshydratee-en-morceaux\/#breadcrumb","itemListElement":[{"@type":"ListItem","position":1,"name":"Home","item":"https:\/\/anhydra.com\/fr\/"},{"@type":"ListItem","position":2,"name":"La Boutique ANHYDRA","item":"https:\/\/anhydra.com\/fr\/boutique\/"},{"@type":"ListItem","position":3,"name":"Cl\u00e9mentine d\u00e9shydrat\u00e9e en morceaux"}]},{"@type":"WebSite","@id":"https:\/\/anhydra.com\/fr\/#website","url":"https:\/\/anhydra.com\/fr\/","name":"ANHYDRA","description":"","potentialAction":[{"@type":"SearchAction","target":{"@type":"EntryPoint","urlTemplate":"https:\/\/anhydra.com\/fr\/?s={search_term_string}"},"query-input":{"@type":"PropertyValueSpecification","valueRequired":true,"valueName":"search_term_string"}}],"inLanguage":"fr-FR"}]}},"_links":{"self":[{"href":"https:\/\/anhydra.com\/fr\/wp-json\/wp\/v2\/product\/567","targetHints":{"allow":["GET"]}}],"collection":[{"href":"https:\/\/anhydra.com\/fr\/wp-json\/wp\/v2\/product"}],"about":[{"href":"https:\/\/anhydra.com\/fr\/wp-json\/wp\/v2\/types\/product"}],"wp:featuredmedia":[{"embeddable":true,"href":"https:\/\/anhydra.com\/fr\/wp-json\/wp\/v2\/media\/561"}],"wp:attachment":[{"href":"https:\/\/anhydra.com\/fr\/wp-json\/wp\/v2\/media?parent=567"}],"wp:term":[{"taxonomy":"product_brand","embeddable":true,"href":"https:\/\/anhydra.com\/fr\/wp-json\/wp\/v2\/product_brand?post=567"},{"taxonomy":"product_cat","embeddable":true,"href":"https:\/\/anhydra.com\/fr\/wp-json\/wp\/v2\/product_cat?post=567"},{"taxonomy":"product_tag","embeddable":true,"href":"https:\/\/anhydra.com\/fr\/wp-json\/wp\/v2\/product_tag?post=567"}],"curies":[{"name":"wp","href":"https:\/\/api.w.org\/{rel}","templated":true}]}}