{"id":521,"date":"2020-09-04T09:05:22","date_gmt":"2020-09-04T13:05:22","guid":{"rendered":"http:\/\/boutique.anhydra.ca\/product\/non%20class\u00e9\/pommes-deshydratees-en-cubes\/"},"modified":"2026-02-28T15:41:09","modified_gmt":"2026-02-28T20:41:09","slug":"pomme-deshydratee-en-cubes","status":"publish","type":"product","link":"https:\/\/anhydra.com\/fr\/produit\/pomme-deshydratee-en-cubes\/","title":{"rendered":"Pomme d\u00e9shydrat\u00e9e en cubes"},"content":{"rendered":"<p>Pomme d\u00e9shydrat\u00e9e en cubes \u00e0 l\u2019aide d\u2019un proc\u00e9d\u00e9 enti\u00e8rement naturel qui n\u2019ajoute aucun additif alimentaire et qui permet de conserver la d\u00e9licieuse combinaison de saveurs sucr\u00e9es et acidul\u00e9es de la pomme. Les cubes de pommes d\u00e9shydrat\u00e9es, c\u2019est le bon go\u00fbt de la pomme \u00e0 incorporer \u00e0 vos meilleures cr\u00e9ations!<\/p>\n","protected":false},"excerpt":{"rendered":"<p><strong>Ingr\u00e9dients :<\/strong>\u00a0Pommes<br \/>\n<strong>Coupe :<\/strong>\u00a0Coupe fra\u00eeche; 1 cm x 1 cm x 1 cm<br \/>\n<strong>Humidit\u00e9 :<\/strong>\u00a0\u2264 12%<br \/>\n<strong>Activit\u00e9 de l&rsquo;eau :<\/strong>\u00a0\u2264 0,650<br \/>\n<strong>Dur\u00e9e de vie \/ Conditions d&rsquo;entreposage :<\/strong>\u00a0Trois (3) ans lorsque le produit est entrepos\u00e9 dans un endroit frais et sec<br \/>\n<strong>Certifications :<\/strong>\u00a0Certifi\u00e9 cach\u00e8re par MK<\/p>\n<p style=\"padding-top:5px;\"><a class=\"btn_shop\" href=\"\/fr\/fruits-deshydrates\/pommes-deshydratees\/\">Informations g\u00e9n\u00e9rales sur la pomme d\u00e9shydrat\u00e9e<\/a><\/p>\n","protected":false},"featured_media":516,"menu_order":0,"template":"","meta":{"_et_pb_use_builder":"off","_et_pb_old_content":"Pomme d\u00e9shydrat\u00e9e en cubes \u00e0 l\u2019aide d\u2019un proc\u00e9d\u00e9 enti\u00e8rement naturel qui n\u2019ajoute aucun additif alimentaire et qui permet de conserver la d\u00e9licieuse combinaison de saveurs sucr\u00e9es et acidul\u00e9es de la pomme. Les cubes de pommes d\u00e9shydrat\u00e9es, c\u2019est le bon go\u00fbt de la pomme \u00e0 incorporer \u00e0 vos meilleures cr\u00e9ations!","_et_gb_content_width":""},"product_brand":[],"product_cat":[31,32],"product_tag":[268,308,277,267,269],"class_list":{"0":"post-521","1":"product","2":"type-product","3":"status-publish","4":"has-post-thumbnail","6":"product_cat-fruits-deshydrates","7":"product_cat-pommes","8":"product_tag-collations-cuisine","9":"product_tag-creation-de-chocolats","10":"product_tag-distillation-dalcool","11":"product_tag-granola-cereales","12":"product_tag-thes-tisanes","14":"first","15":"outofstock","16":"shipping-taxable","17":"purchasable","18":"product-type-variable"},"yoast_head":"<!-- This site is optimized with the Yoast SEO plugin v27.3 - https:\/\/yoast.com\/product\/yoast-seo-wordpress\/ -->\n<title>Pomme d\u00e9shydrat\u00e9e en cubes | Boutique ANHYDRA<\/title>\n<meta name=\"description\" content=\"Pomme d\u00e9shydrat\u00e9e en cubes, sans aucun additif alimentaire, facile \u00e0 incorporer \u00e0 vos meilleures cr\u00e9ations de desserts et autre. Essayez-les!\" \/>\n<meta name=\"robots\" content=\"index, follow, max-snippet:-1, max-image-preview:large, max-video-preview:-1\" \/>\n<link rel=\"canonical\" href=\"https:\/\/anhydra.com\/fr\/produit\/pomme-deshydratee-en-cubes\/\" \/>\n<meta property=\"og:locale\" content=\"fr_FR\" \/>\n<meta property=\"og:type\" content=\"article\" \/>\n<meta property=\"og:title\" content=\"Pomme d\u00e9shydrat\u00e9e en cubes | Boutique ANHYDRA\" \/>\n<meta property=\"og:description\" content=\"Pomme d\u00e9shydrat\u00e9e en cubes, sans aucun additif alimentaire, facile \u00e0 incorporer \u00e0 vos meilleures cr\u00e9ations de desserts et autre. Essayez-les!\" \/>\n<meta property=\"og:url\" content=\"https:\/\/anhydra.com\/fr\/produit\/pomme-deshydratee-en-cubes\/\" \/>\n<meta property=\"og:site_name\" content=\"ANHYDRA\" \/>\n<meta property=\"article:modified_time\" content=\"2026-02-28T20:41:09+00:00\" \/>\n<meta property=\"og:image\" content=\"http:\/\/boutique.anhydra.ca\/wp-content\/uploads\/2020\/09\/ANHYDRA-Dehydrated-Diced-Apples.jpg\" \/>\n<meta name=\"twitter:card\" content=\"summary_large_image\" \/>\n<meta name=\"twitter:label1\" content=\"Dur\u00e9e de lecture estim\u00e9e\" \/>\n\t<meta name=\"twitter:data1\" content=\"1 minute\" \/>\n<script type=\"application\/ld+json\" class=\"yoast-schema-graph\">{\"@context\":\"https:\\\/\\\/schema.org\",\"@graph\":[{\"@type\":\"WebPage\",\"@id\":\"https:\\\/\\\/anhydra.com\\\/fr\\\/produit\\\/pomme-deshydratee-en-cubes\\\/\",\"url\":\"https:\\\/\\\/anhydra.com\\\/fr\\\/produit\\\/pomme-deshydratee-en-cubes\\\/\",\"name\":\"Pomme d\u00e9shydrat\u00e9e en cubes | Boutique ANHYDRA\",\"isPartOf\":{\"@id\":\"https:\\\/\\\/anhydra.com\\\/fr\\\/#website\"},\"primaryImageOfPage\":{\"@id\":\"https:\\\/\\\/anhydra.com\\\/fr\\\/produit\\\/pomme-deshydratee-en-cubes\\\/#primaryimage\"},\"image\":{\"@id\":\"https:\\\/\\\/anhydra.com\\\/fr\\\/produit\\\/pomme-deshydratee-en-cubes\\\/#primaryimage\"},\"thumbnailUrl\":\"https:\\\/\\\/anhydra.com\\\/wp-content\\\/uploads\\\/2020\\\/09\\\/ANHYDRA-Dehydrated-Diced-Apples.jpg\",\"datePublished\":\"2020-09-04T13:05:22+00:00\",\"dateModified\":\"2026-02-28T20:41:09+00:00\",\"description\":\"Pomme d\u00e9shydrat\u00e9e en cubes, sans aucun additif alimentaire, facile \u00e0 incorporer \u00e0 vos meilleures cr\u00e9ations de desserts et autre. Essayez-les!\",\"breadcrumb\":{\"@id\":\"https:\\\/\\\/anhydra.com\\\/fr\\\/produit\\\/pomme-deshydratee-en-cubes\\\/#breadcrumb\"},\"inLanguage\":\"fr-FR\",\"potentialAction\":[{\"@type\":\"ReadAction\",\"target\":[\"https:\\\/\\\/anhydra.com\\\/fr\\\/produit\\\/pomme-deshydratee-en-cubes\\\/\"]}]},{\"@type\":\"ImageObject\",\"inLanguage\":\"fr-FR\",\"@id\":\"https:\\\/\\\/anhydra.com\\\/fr\\\/produit\\\/pomme-deshydratee-en-cubes\\\/#primaryimage\",\"url\":\"https:\\\/\\\/anhydra.com\\\/wp-content\\\/uploads\\\/2020\\\/09\\\/ANHYDRA-Dehydrated-Diced-Apples.jpg\",\"contentUrl\":\"https:\\\/\\\/anhydra.com\\\/wp-content\\\/uploads\\\/2020\\\/09\\\/ANHYDRA-Dehydrated-Diced-Apples.jpg\",\"width\":1500,\"height\":1000,\"caption\":\"Pommes d\u00e9shydrat\u00e9es en cubes\"},{\"@type\":\"BreadcrumbList\",\"@id\":\"https:\\\/\\\/anhydra.com\\\/fr\\\/produit\\\/pomme-deshydratee-en-cubes\\\/#breadcrumb\",\"itemListElement\":[{\"@type\":\"ListItem\",\"position\":1,\"name\":\"Home\",\"item\":\"https:\\\/\\\/anhydra.com\\\/fr\\\/\"},{\"@type\":\"ListItem\",\"position\":2,\"name\":\"La Boutique ANHYDRA\",\"item\":\"https:\\\/\\\/anhydra.com\\\/fr\\\/boutique\\\/\"},{\"@type\":\"ListItem\",\"position\":3,\"name\":\"Pomme d\u00e9shydrat\u00e9e en cubes\"}]},{\"@type\":\"WebSite\",\"@id\":\"https:\\\/\\\/anhydra.com\\\/fr\\\/#website\",\"url\":\"https:\\\/\\\/anhydra.com\\\/fr\\\/\",\"name\":\"ANHYDRA\",\"description\":\"\",\"potentialAction\":[{\"@type\":\"SearchAction\",\"target\":{\"@type\":\"EntryPoint\",\"urlTemplate\":\"https:\\\/\\\/anhydra.com\\\/fr\\\/?s={search_term_string}\"},\"query-input\":{\"@type\":\"PropertyValueSpecification\",\"valueRequired\":true,\"valueName\":\"search_term_string\"}}],\"inLanguage\":\"fr-FR\"}]}<\/script>\n<!-- \/ Yoast SEO plugin. -->","yoast_head_json":{"title":"Pomme d\u00e9shydrat\u00e9e en cubes | Boutique ANHYDRA","description":"Pomme d\u00e9shydrat\u00e9e en cubes, sans aucun additif alimentaire, facile \u00e0 incorporer \u00e0 vos meilleures cr\u00e9ations de desserts et autre. Essayez-les!","robots":{"index":"index","follow":"follow","max-snippet":"max-snippet:-1","max-image-preview":"max-image-preview:large","max-video-preview":"max-video-preview:-1"},"canonical":"https:\/\/anhydra.com\/fr\/produit\/pomme-deshydratee-en-cubes\/","og_locale":"fr_FR","og_type":"article","og_title":"Pomme d\u00e9shydrat\u00e9e en cubes | Boutique ANHYDRA","og_description":"Pomme d\u00e9shydrat\u00e9e en cubes, sans aucun additif alimentaire, facile \u00e0 incorporer \u00e0 vos meilleures cr\u00e9ations de desserts et autre. Essayez-les!","og_url":"https:\/\/anhydra.com\/fr\/produit\/pomme-deshydratee-en-cubes\/","og_site_name":"ANHYDRA","article_modified_time":"2026-02-28T20:41:09+00:00","og_image":[{"url":"http:\/\/boutique.anhydra.ca\/wp-content\/uploads\/2020\/09\/ANHYDRA-Dehydrated-Diced-Apples.jpg","type":"","width":"","height":""}],"twitter_card":"summary_large_image","twitter_misc":{"Dur\u00e9e de lecture estim\u00e9e":"1 minute"},"schema":{"@context":"https:\/\/schema.org","@graph":[{"@type":"WebPage","@id":"https:\/\/anhydra.com\/fr\/produit\/pomme-deshydratee-en-cubes\/","url":"https:\/\/anhydra.com\/fr\/produit\/pomme-deshydratee-en-cubes\/","name":"Pomme d\u00e9shydrat\u00e9e en cubes | Boutique ANHYDRA","isPartOf":{"@id":"https:\/\/anhydra.com\/fr\/#website"},"primaryImageOfPage":{"@id":"https:\/\/anhydra.com\/fr\/produit\/pomme-deshydratee-en-cubes\/#primaryimage"},"image":{"@id":"https:\/\/anhydra.com\/fr\/produit\/pomme-deshydratee-en-cubes\/#primaryimage"},"thumbnailUrl":"https:\/\/anhydra.com\/wp-content\/uploads\/2020\/09\/ANHYDRA-Dehydrated-Diced-Apples.jpg","datePublished":"2020-09-04T13:05:22+00:00","dateModified":"2026-02-28T20:41:09+00:00","description":"Pomme d\u00e9shydrat\u00e9e en cubes, sans aucun additif alimentaire, facile \u00e0 incorporer \u00e0 vos meilleures cr\u00e9ations de desserts et autre. Essayez-les!","breadcrumb":{"@id":"https:\/\/anhydra.com\/fr\/produit\/pomme-deshydratee-en-cubes\/#breadcrumb"},"inLanguage":"fr-FR","potentialAction":[{"@type":"ReadAction","target":["https:\/\/anhydra.com\/fr\/produit\/pomme-deshydratee-en-cubes\/"]}]},{"@type":"ImageObject","inLanguage":"fr-FR","@id":"https:\/\/anhydra.com\/fr\/produit\/pomme-deshydratee-en-cubes\/#primaryimage","url":"https:\/\/anhydra.com\/wp-content\/uploads\/2020\/09\/ANHYDRA-Dehydrated-Diced-Apples.jpg","contentUrl":"https:\/\/anhydra.com\/wp-content\/uploads\/2020\/09\/ANHYDRA-Dehydrated-Diced-Apples.jpg","width":1500,"height":1000,"caption":"Pommes d\u00e9shydrat\u00e9es en cubes"},{"@type":"BreadcrumbList","@id":"https:\/\/anhydra.com\/fr\/produit\/pomme-deshydratee-en-cubes\/#breadcrumb","itemListElement":[{"@type":"ListItem","position":1,"name":"Home","item":"https:\/\/anhydra.com\/fr\/"},{"@type":"ListItem","position":2,"name":"La Boutique ANHYDRA","item":"https:\/\/anhydra.com\/fr\/boutique\/"},{"@type":"ListItem","position":3,"name":"Pomme d\u00e9shydrat\u00e9e en cubes"}]},{"@type":"WebSite","@id":"https:\/\/anhydra.com\/fr\/#website","url":"https:\/\/anhydra.com\/fr\/","name":"ANHYDRA","description":"","potentialAction":[{"@type":"SearchAction","target":{"@type":"EntryPoint","urlTemplate":"https:\/\/anhydra.com\/fr\/?s={search_term_string}"},"query-input":{"@type":"PropertyValueSpecification","valueRequired":true,"valueName":"search_term_string"}}],"inLanguage":"fr-FR"}]}},"_links":{"self":[{"href":"https:\/\/anhydra.com\/fr\/wp-json\/wp\/v2\/product\/521","targetHints":{"allow":["GET"]}}],"collection":[{"href":"https:\/\/anhydra.com\/fr\/wp-json\/wp\/v2\/product"}],"about":[{"href":"https:\/\/anhydra.com\/fr\/wp-json\/wp\/v2\/types\/product"}],"wp:featuredmedia":[{"embeddable":true,"href":"https:\/\/anhydra.com\/fr\/wp-json\/wp\/v2\/media\/516"}],"wp:attachment":[{"href":"https:\/\/anhydra.com\/fr\/wp-json\/wp\/v2\/media?parent=521"}],"wp:term":[{"taxonomy":"product_brand","embeddable":true,"href":"https:\/\/anhydra.com\/fr\/wp-json\/wp\/v2\/product_brand?post=521"},{"taxonomy":"product_cat","embeddable":true,"href":"https:\/\/anhydra.com\/fr\/wp-json\/wp\/v2\/product_cat?post=521"},{"taxonomy":"product_tag","embeddable":true,"href":"https:\/\/anhydra.com\/fr\/wp-json\/wp\/v2\/product_tag?post=521"}],"curies":[{"name":"wp","href":"https:\/\/api.w.org\/{rel}","templated":true}]}}