{"id":446,"date":"2020-09-02T14:19:45","date_gmt":"2020-09-02T18:19:45","guid":{"rendered":"http:\/\/boutique.anhydra.ca\/product\/non%20class\u00e9\/framboises-deshydratees\/"},"modified":"2026-04-17T09:43:06","modified_gmt":"2026-04-17T13:43:06","slug":"framboise-deshydratee-en-flocons","status":"publish","type":"product","link":"https:\/\/anhydra.com\/fr\/produit\/framboise-deshydratee-en-flocons\/","title":{"rendered":"Framboise d\u00e9shydrat\u00e9e en flocons"},"content":{"rendered":"<p>Framboise d\u00e9shydrat\u00e9e en flocons par un proc\u00e9d\u00e9 de circulation d\u2019air chaud : une d\u00e9shydratation enti\u00e8rement naturelle qui n\u2019ajoute aucun ingr\u00e9dient. Une extraction rapide de la couleur et des saveurs de la framboise d\u00e9shydrat\u00e9e en flocons facilite son utilisation. Elle est un ingr\u00e9dient de choix, entre autres, pour la cr\u00e9ation de chocolats fins et la pr\u00e9paration de desserts divins!<\/p>\n","protected":false},"excerpt":{"rendered":"<p><strong>Ingr\u00e9dients :<\/strong> Framboises<br \/>\n<strong>Coupe :<\/strong>\u00a0Flocons; 100% < 2cm; 72% < 1cm<br \/>\n<strong>Humidit\u00e9 :<\/strong>\u00a0\u2264 12%<br \/>\n<strong>Activit\u00e9 de l&rsquo;eau :<\/strong>\u00a0\u2264 0,650<br \/>\n<strong>Dur\u00e9e de vie \/ Conditions d&rsquo;entreposage :<\/strong>\u00a0Trois (3) ans lorsque le produit est entrepos\u00e9 dans un endroit frais et sec<\/p>\n<p style=\"padding-top:5px;\"><a class=\"btn_shop\" href=\"\/fr\/fruits-deshydrates\/framboises-deshydratees\/\">Informations g\u00e9n\u00e9rales sur la framboise d\u00e9shydrat\u00e9e<\/a><\/p>\n","protected":false},"featured_media":285795,"menu_order":0,"template":"","meta":{"_et_pb_use_builder":"off","_et_pb_old_content":"Framboise d\u00e9shydrat\u00e9e en flocons par un proc\u00e9d\u00e9 de circulation d\u2019air chaud : une d\u00e9shydratation enti\u00e8rement naturelle qui n\u2019ajoute aucun ingr\u00e9dient. Une extraction rapide de la couleur et des saveurs de la framboise d\u00e9shydrat\u00e9e en flocons facilite son utilisation. Elle est un ingr\u00e9dient de choix, entre autres, pour la cr\u00e9ation de chocolats fins et la pr\u00e9paration de desserts divins!","_et_gb_content_width":""},"product_brand":[],"product_cat":[92,31],"product_tag":[268,308,277,267,269],"class_list":{"0":"post-446","1":"product","2":"type-product","3":"status-publish","4":"has-post-thumbnail","6":"product_cat-framboises","7":"product_cat-fruits-deshydrates","8":"product_tag-collations-cuisine","9":"product_tag-creation-de-chocolats","10":"product_tag-distillation-dalcool","11":"product_tag-granola-cereales","12":"product_tag-thes-tisanes","14":"first","15":"outofstock","16":"shipping-taxable","17":"purchasable","18":"product-type-variable"},"yoast_head":"<!-- This site is optimized with the Yoast SEO plugin v27.3 - https:\/\/yoast.com\/product\/yoast-seo-wordpress\/ -->\n<title>Framboise d\u00e9shydrat\u00e9e en flocons | Boutique ANHYDRA<\/title>\n<meta name=\"description\" content=\"Framboise d\u00e9shydrat\u00e9e en flocons, 100% naturelle. Parfaite pour la cr\u00e9ation de chocolats fins, de desserts et bien plus encore!\" \/>\n<meta name=\"robots\" content=\"index, follow, max-snippet:-1, max-image-preview:large, max-video-preview:-1\" \/>\n<link rel=\"canonical\" href=\"https:\/\/anhydra.com\/fr\/produit\/framboise-deshydratee-en-flocons\/\" \/>\n<meta property=\"og:locale\" content=\"fr_FR\" \/>\n<meta property=\"og:type\" content=\"article\" \/>\n<meta property=\"og:title\" content=\"Framboise d\u00e9shydrat\u00e9e en flocons | Boutique ANHYDRA\" \/>\n<meta property=\"og:description\" content=\"Framboise d\u00e9shydrat\u00e9e en flocons, 100% naturelle. Parfaite pour la cr\u00e9ation de chocolats fins, de desserts et bien plus encore!\" \/>\n<meta property=\"og:url\" content=\"https:\/\/anhydra.com\/fr\/produit\/framboise-deshydratee-en-flocons\/\" \/>\n<meta property=\"og:site_name\" content=\"ANHYDRA\" \/>\n<meta property=\"article:modified_time\" content=\"2026-04-17T13:43:06+00:00\" \/>\n<meta property=\"og:image\" content=\"http:\/\/boutique.anhydra.ca\/wp-content\/uploads\/2020\/09\/ANHYDRA-Dehydrated-Raspberries.jpg\" \/>\n<meta name=\"twitter:card\" content=\"summary_large_image\" \/>\n<meta name=\"twitter:label1\" content=\"Dur\u00e9e de lecture estim\u00e9e\" \/>\n\t<meta name=\"twitter:data1\" content=\"1 minute\" \/>\n<script type=\"application\/ld+json\" class=\"yoast-schema-graph\">{\"@context\":\"https:\\\/\\\/schema.org\",\"@graph\":[{\"@type\":\"WebPage\",\"@id\":\"https:\\\/\\\/anhydra.com\\\/fr\\\/produit\\\/framboise-deshydratee-en-flocons\\\/\",\"url\":\"https:\\\/\\\/anhydra.com\\\/fr\\\/produit\\\/framboise-deshydratee-en-flocons\\\/\",\"name\":\"Framboise d\u00e9shydrat\u00e9e en flocons | Boutique ANHYDRA\",\"isPartOf\":{\"@id\":\"https:\\\/\\\/anhydra.com\\\/fr\\\/#website\"},\"primaryImageOfPage\":{\"@id\":\"https:\\\/\\\/anhydra.com\\\/fr\\\/produit\\\/framboise-deshydratee-en-flocons\\\/#primaryimage\"},\"image\":{\"@id\":\"https:\\\/\\\/anhydra.com\\\/fr\\\/produit\\\/framboise-deshydratee-en-flocons\\\/#primaryimage\"},\"thumbnailUrl\":\"https:\\\/\\\/anhydra.com\\\/wp-content\\\/uploads\\\/2020\\\/09\\\/ANHYDRA-Framboises-Flocons.jpg\",\"datePublished\":\"2020-09-02T18:19:45+00:00\",\"dateModified\":\"2026-04-17T13:43:06+00:00\",\"description\":\"Framboise d\u00e9shydrat\u00e9e en flocons, 100% naturelle. Parfaite pour la cr\u00e9ation de chocolats fins, de desserts et bien plus encore!\",\"breadcrumb\":{\"@id\":\"https:\\\/\\\/anhydra.com\\\/fr\\\/produit\\\/framboise-deshydratee-en-flocons\\\/#breadcrumb\"},\"inLanguage\":\"fr-FR\",\"potentialAction\":[{\"@type\":\"ReadAction\",\"target\":[\"https:\\\/\\\/anhydra.com\\\/fr\\\/produit\\\/framboise-deshydratee-en-flocons\\\/\"]}]},{\"@type\":\"ImageObject\",\"inLanguage\":\"fr-FR\",\"@id\":\"https:\\\/\\\/anhydra.com\\\/fr\\\/produit\\\/framboise-deshydratee-en-flocons\\\/#primaryimage\",\"url\":\"https:\\\/\\\/anhydra.com\\\/wp-content\\\/uploads\\\/2020\\\/09\\\/ANHYDRA-Framboises-Flocons.jpg\",\"contentUrl\":\"https:\\\/\\\/anhydra.com\\\/wp-content\\\/uploads\\\/2020\\\/09\\\/ANHYDRA-Framboises-Flocons.jpg\",\"width\":1500,\"height\":1000,\"caption\":\"Framboise d\u00e9shydrat\u00e9e en flocons\"},{\"@type\":\"BreadcrumbList\",\"@id\":\"https:\\\/\\\/anhydra.com\\\/fr\\\/produit\\\/framboise-deshydratee-en-flocons\\\/#breadcrumb\",\"itemListElement\":[{\"@type\":\"ListItem\",\"position\":1,\"name\":\"Home\",\"item\":\"https:\\\/\\\/anhydra.com\\\/fr\\\/\"},{\"@type\":\"ListItem\",\"position\":2,\"name\":\"La Boutique ANHYDRA\",\"item\":\"https:\\\/\\\/anhydra.com\\\/fr\\\/boutique\\\/\"},{\"@type\":\"ListItem\",\"position\":3,\"name\":\"Framboise d\u00e9shydrat\u00e9e en flocons\"}]},{\"@type\":\"WebSite\",\"@id\":\"https:\\\/\\\/anhydra.com\\\/fr\\\/#website\",\"url\":\"https:\\\/\\\/anhydra.com\\\/fr\\\/\",\"name\":\"ANHYDRA\",\"description\":\"\",\"potentialAction\":[{\"@type\":\"SearchAction\",\"target\":{\"@type\":\"EntryPoint\",\"urlTemplate\":\"https:\\\/\\\/anhydra.com\\\/fr\\\/?s={search_term_string}\"},\"query-input\":{\"@type\":\"PropertyValueSpecification\",\"valueRequired\":true,\"valueName\":\"search_term_string\"}}],\"inLanguage\":\"fr-FR\"}]}<\/script>\n<!-- \/ Yoast SEO plugin. -->","yoast_head_json":{"title":"Framboise d\u00e9shydrat\u00e9e en flocons | Boutique ANHYDRA","description":"Framboise d\u00e9shydrat\u00e9e en flocons, 100% naturelle. Parfaite pour la cr\u00e9ation de chocolats fins, de desserts et bien plus encore!","robots":{"index":"index","follow":"follow","max-snippet":"max-snippet:-1","max-image-preview":"max-image-preview:large","max-video-preview":"max-video-preview:-1"},"canonical":"https:\/\/anhydra.com\/fr\/produit\/framboise-deshydratee-en-flocons\/","og_locale":"fr_FR","og_type":"article","og_title":"Framboise d\u00e9shydrat\u00e9e en flocons | Boutique ANHYDRA","og_description":"Framboise d\u00e9shydrat\u00e9e en flocons, 100% naturelle. Parfaite pour la cr\u00e9ation de chocolats fins, de desserts et bien plus encore!","og_url":"https:\/\/anhydra.com\/fr\/produit\/framboise-deshydratee-en-flocons\/","og_site_name":"ANHYDRA","article_modified_time":"2026-04-17T13:43:06+00:00","og_image":[{"url":"http:\/\/boutique.anhydra.ca\/wp-content\/uploads\/2020\/09\/ANHYDRA-Dehydrated-Raspberries.jpg","type":"","width":"","height":""}],"twitter_card":"summary_large_image","twitter_misc":{"Dur\u00e9e de lecture estim\u00e9e":"1 minute"},"schema":{"@context":"https:\/\/schema.org","@graph":[{"@type":"WebPage","@id":"https:\/\/anhydra.com\/fr\/produit\/framboise-deshydratee-en-flocons\/","url":"https:\/\/anhydra.com\/fr\/produit\/framboise-deshydratee-en-flocons\/","name":"Framboise d\u00e9shydrat\u00e9e en flocons | Boutique ANHYDRA","isPartOf":{"@id":"https:\/\/anhydra.com\/fr\/#website"},"primaryImageOfPage":{"@id":"https:\/\/anhydra.com\/fr\/produit\/framboise-deshydratee-en-flocons\/#primaryimage"},"image":{"@id":"https:\/\/anhydra.com\/fr\/produit\/framboise-deshydratee-en-flocons\/#primaryimage"},"thumbnailUrl":"https:\/\/anhydra.com\/wp-content\/uploads\/2020\/09\/ANHYDRA-Framboises-Flocons.jpg","datePublished":"2020-09-02T18:19:45+00:00","dateModified":"2026-04-17T13:43:06+00:00","description":"Framboise d\u00e9shydrat\u00e9e en flocons, 100% naturelle. Parfaite pour la cr\u00e9ation de chocolats fins, de desserts et bien plus encore!","breadcrumb":{"@id":"https:\/\/anhydra.com\/fr\/produit\/framboise-deshydratee-en-flocons\/#breadcrumb"},"inLanguage":"fr-FR","potentialAction":[{"@type":"ReadAction","target":["https:\/\/anhydra.com\/fr\/produit\/framboise-deshydratee-en-flocons\/"]}]},{"@type":"ImageObject","inLanguage":"fr-FR","@id":"https:\/\/anhydra.com\/fr\/produit\/framboise-deshydratee-en-flocons\/#primaryimage","url":"https:\/\/anhydra.com\/wp-content\/uploads\/2020\/09\/ANHYDRA-Framboises-Flocons.jpg","contentUrl":"https:\/\/anhydra.com\/wp-content\/uploads\/2020\/09\/ANHYDRA-Framboises-Flocons.jpg","width":1500,"height":1000,"caption":"Framboise d\u00e9shydrat\u00e9e en flocons"},{"@type":"BreadcrumbList","@id":"https:\/\/anhydra.com\/fr\/produit\/framboise-deshydratee-en-flocons\/#breadcrumb","itemListElement":[{"@type":"ListItem","position":1,"name":"Home","item":"https:\/\/anhydra.com\/fr\/"},{"@type":"ListItem","position":2,"name":"La Boutique ANHYDRA","item":"https:\/\/anhydra.com\/fr\/boutique\/"},{"@type":"ListItem","position":3,"name":"Framboise d\u00e9shydrat\u00e9e en flocons"}]},{"@type":"WebSite","@id":"https:\/\/anhydra.com\/fr\/#website","url":"https:\/\/anhydra.com\/fr\/","name":"ANHYDRA","description":"","potentialAction":[{"@type":"SearchAction","target":{"@type":"EntryPoint","urlTemplate":"https:\/\/anhydra.com\/fr\/?s={search_term_string}"},"query-input":{"@type":"PropertyValueSpecification","valueRequired":true,"valueName":"search_term_string"}}],"inLanguage":"fr-FR"}]}},"_links":{"self":[{"href":"https:\/\/anhydra.com\/fr\/wp-json\/wp\/v2\/product\/446","targetHints":{"allow":["GET"]}}],"collection":[{"href":"https:\/\/anhydra.com\/fr\/wp-json\/wp\/v2\/product"}],"about":[{"href":"https:\/\/anhydra.com\/fr\/wp-json\/wp\/v2\/types\/product"}],"wp:featuredmedia":[{"embeddable":true,"href":"https:\/\/anhydra.com\/fr\/wp-json\/wp\/v2\/media\/285795"}],"wp:attachment":[{"href":"https:\/\/anhydra.com\/fr\/wp-json\/wp\/v2\/media?parent=446"}],"wp:term":[{"taxonomy":"product_brand","embeddable":true,"href":"https:\/\/anhydra.com\/fr\/wp-json\/wp\/v2\/product_brand?post=446"},{"taxonomy":"product_cat","embeddable":true,"href":"https:\/\/anhydra.com\/fr\/wp-json\/wp\/v2\/product_cat?post=446"},{"taxonomy":"product_tag","embeddable":true,"href":"https:\/\/anhydra.com\/fr\/wp-json\/wp\/v2\/product_tag?post=446"}],"curies":[{"name":"wp","href":"https:\/\/api.w.org\/{rel}","templated":true}]}}