{"id":418,"date":"2020-09-02T13:10:54","date_gmt":"2020-09-02T17:10:54","guid":{"rendered":"http:\/\/boutique.anhydra.ca\/product\/non%20class\u00e9\/canneberges-deshydratees\/"},"modified":"2026-04-15T14:41:10","modified_gmt":"2026-04-15T18:41:10","slug":"canneberge-deshydratee-en-tranches","status":"publish","type":"product","link":"https:\/\/anhydra.com\/fr\/produit\/canneberge-deshydratee-en-tranches\/","title":{"rendered":"Canneberge d\u00e9shydrat\u00e9e en tranches"},"content":{"rendered":"<p>Canneberge d\u00e9shydrat\u00e9e en tranches \u00e0 l\u2019aide d\u2019un proc\u00e9d\u00e9 de circulation d\u2019air chaud : une d\u00e9shydratation enti\u00e8rement naturelle qui n\u2019ajoute aucun ingr\u00e9dient. Avec son go\u00fbt distinctif, la canneberge d\u00e9shydrat\u00e9e est un ingr\u00e9dient populaire de choix. L\u2019extraction rapide des saveurs, toujours bien pr\u00e9sentes, permet d\u2019en utiliser beaucoup moins pour atteindre le go\u00fbt recherch\u00e9.<\/p>\n","protected":false},"excerpt":{"rendered":"<p><strong>Ingr\u00e9dients :<\/strong>\u00a0Canneberges<br \/>\n<strong>Coupe :<\/strong>\u00a0Morceaux de 6 mm (1\/4&Prime;); coupe fra\u00eeche<br \/>\n<strong>Humidit\u00e9 :<\/strong>\u00a0\u2264 12%<br \/>\n<strong>Activit\u00e9 de l&rsquo;eau :<\/strong>\u00a0\u2264 0,650<br \/>\n<strong>Dur\u00e9e de vie \/ Conditions d&rsquo;entreposage :<\/strong>\u00a0Trois (3) ans lorsque le produit est entrepos\u00e9 dans un endroit frais et sec<br \/>\n<strong>Certifications :<\/strong>\u00a0Certifi\u00e9 cach\u00e8re par MK<\/p>\n<p style=\"padding-top:5px;\"><a class=\"btn_shop\" href=\"\/fr\/fruits-deshydrates\/canneberges-deshydratees\/\">Informations g\u00e9n\u00e9rales sur la canneberge d\u00e9shydrat\u00e9e<\/a><\/p>\n","protected":false},"featured_media":411,"menu_order":0,"template":"","meta":{"_et_pb_use_builder":"off","_et_pb_old_content":"Canneberge d\u00e9shydrat\u00e9e en tranches \u00e0 l\u2019aide d\u2019un proc\u00e9d\u00e9 de circulation d\u2019air chaud : une d\u00e9shydratation enti\u00e8rement naturelle qui n\u2019ajoute aucun ingr\u00e9dient. Avec son go\u00fbt distinctif, la canneberge d\u00e9shydrat\u00e9e est un ingr\u00e9dient populaire de choix. L\u2019extraction rapide des saveurs, toujours bien pr\u00e9sentes, permet d\u2019en utiliser beaucoup moins pour atteindre le go\u00fbt recherch\u00e9.","_et_gb_content_width":""},"product_brand":[],"product_cat":[88,31],"product_tag":[263,268,308,277,267,269],"class_list":{"0":"post-418","1":"product","2":"type-product","3":"status-publish","4":"has-post-thumbnail","6":"product_cat-canneberges","7":"product_cat-fruits-deshydrates","8":"product_tag-brassage-de-bieres","9":"product_tag-collations-cuisine","10":"product_tag-creation-de-chocolats","11":"product_tag-distillation-dalcool","12":"product_tag-granola-cereales","13":"product_tag-thes-tisanes","15":"first","16":"outofstock","17":"shipping-taxable","18":"purchasable","19":"product-type-variable"},"yoast_head":"<!-- This site is optimized with the Yoast SEO plugin v27.3 - https:\/\/yoast.com\/product\/yoast-seo-wordpress\/ -->\n<title>Canneberge d\u00e9shydrat\u00e9e en tranches | Boutique ANHYDRA<\/title>\n<meta name=\"description\" content=\"Canneberge d\u00e9shydrat\u00e9e en tranches aux saveurs franches, 100% naturelle, sans ajout d\u2019ingr\u00e9dients. Parfaite pour de multiples utilisations.\" \/>\n<meta name=\"robots\" content=\"index, follow, max-snippet:-1, max-image-preview:large, max-video-preview:-1\" \/>\n<link rel=\"canonical\" href=\"https:\/\/anhydra.com\/fr\/produit\/canneberge-deshydratee-en-tranches\/\" \/>\n<meta property=\"og:locale\" content=\"fr_FR\" \/>\n<meta property=\"og:type\" content=\"article\" \/>\n<meta property=\"og:title\" content=\"Canneberge d\u00e9shydrat\u00e9e en tranches | Boutique ANHYDRA\" \/>\n<meta property=\"og:description\" content=\"Canneberge d\u00e9shydrat\u00e9e en tranches aux saveurs franches, 100% naturelle, sans ajout d\u2019ingr\u00e9dients. Parfaite pour de multiples utilisations.\" \/>\n<meta property=\"og:url\" content=\"https:\/\/anhydra.com\/fr\/produit\/canneberge-deshydratee-en-tranches\/\" \/>\n<meta property=\"og:site_name\" content=\"ANHYDRA\" \/>\n<meta property=\"article:modified_time\" content=\"2026-04-15T18:41:10+00:00\" \/>\n<meta property=\"og:image\" content=\"http:\/\/boutique.anhydra.ca\/wp-content\/uploads\/2020\/09\/ANHYDRA-Dehydrated-Cranberries.jpg\" \/>\n<meta name=\"twitter:card\" content=\"summary_large_image\" \/>\n<meta name=\"twitter:label1\" content=\"Dur\u00e9e de lecture estim\u00e9e\" \/>\n\t<meta name=\"twitter:data1\" content=\"1 minute\" \/>\n<script type=\"application\/ld+json\" class=\"yoast-schema-graph\">{\"@context\":\"https:\\\/\\\/schema.org\",\"@graph\":[{\"@type\":\"WebPage\",\"@id\":\"https:\\\/\\\/anhydra.com\\\/fr\\\/produit\\\/canneberge-deshydratee-en-tranches\\\/\",\"url\":\"https:\\\/\\\/anhydra.com\\\/fr\\\/produit\\\/canneberge-deshydratee-en-tranches\\\/\",\"name\":\"Canneberge d\u00e9shydrat\u00e9e en tranches | Boutique ANHYDRA\",\"isPartOf\":{\"@id\":\"https:\\\/\\\/anhydra.com\\\/fr\\\/#website\"},\"primaryImageOfPage\":{\"@id\":\"https:\\\/\\\/anhydra.com\\\/fr\\\/produit\\\/canneberge-deshydratee-en-tranches\\\/#primaryimage\"},\"image\":{\"@id\":\"https:\\\/\\\/anhydra.com\\\/fr\\\/produit\\\/canneberge-deshydratee-en-tranches\\\/#primaryimage\"},\"thumbnailUrl\":\"https:\\\/\\\/anhydra.com\\\/wp-content\\\/uploads\\\/2020\\\/09\\\/ANHYDRA-Dehydrated-Cranberries.jpg\",\"datePublished\":\"2020-09-02T17:10:54+00:00\",\"dateModified\":\"2026-04-15T18:41:10+00:00\",\"description\":\"Canneberge d\u00e9shydrat\u00e9e en tranches aux saveurs franches, 100% naturelle, sans ajout d\u2019ingr\u00e9dients. Parfaite pour de multiples utilisations.\",\"breadcrumb\":{\"@id\":\"https:\\\/\\\/anhydra.com\\\/fr\\\/produit\\\/canneberge-deshydratee-en-tranches\\\/#breadcrumb\"},\"inLanguage\":\"fr-FR\",\"potentialAction\":[{\"@type\":\"ReadAction\",\"target\":[\"https:\\\/\\\/anhydra.com\\\/fr\\\/produit\\\/canneberge-deshydratee-en-tranches\\\/\"]}]},{\"@type\":\"ImageObject\",\"inLanguage\":\"fr-FR\",\"@id\":\"https:\\\/\\\/anhydra.com\\\/fr\\\/produit\\\/canneberge-deshydratee-en-tranches\\\/#primaryimage\",\"url\":\"https:\\\/\\\/anhydra.com\\\/wp-content\\\/uploads\\\/2020\\\/09\\\/ANHYDRA-Dehydrated-Cranberries.jpg\",\"contentUrl\":\"https:\\\/\\\/anhydra.com\\\/wp-content\\\/uploads\\\/2020\\\/09\\\/ANHYDRA-Dehydrated-Cranberries.jpg\",\"width\":1500,\"height\":1000,\"caption\":\"Canneberges d\u00e9shydrat\u00e9es\"},{\"@type\":\"BreadcrumbList\",\"@id\":\"https:\\\/\\\/anhydra.com\\\/fr\\\/produit\\\/canneberge-deshydratee-en-tranches\\\/#breadcrumb\",\"itemListElement\":[{\"@type\":\"ListItem\",\"position\":1,\"name\":\"Home\",\"item\":\"https:\\\/\\\/anhydra.com\\\/fr\\\/\"},{\"@type\":\"ListItem\",\"position\":2,\"name\":\"La Boutique ANHYDRA\",\"item\":\"https:\\\/\\\/anhydra.com\\\/fr\\\/boutique\\\/\"},{\"@type\":\"ListItem\",\"position\":3,\"name\":\"Canneberge d\u00e9shydrat\u00e9e en tranches\"}]},{\"@type\":\"WebSite\",\"@id\":\"https:\\\/\\\/anhydra.com\\\/fr\\\/#website\",\"url\":\"https:\\\/\\\/anhydra.com\\\/fr\\\/\",\"name\":\"ANHYDRA\",\"description\":\"\",\"potentialAction\":[{\"@type\":\"SearchAction\",\"target\":{\"@type\":\"EntryPoint\",\"urlTemplate\":\"https:\\\/\\\/anhydra.com\\\/fr\\\/?s={search_term_string}\"},\"query-input\":{\"@type\":\"PropertyValueSpecification\",\"valueRequired\":true,\"valueName\":\"search_term_string\"}}],\"inLanguage\":\"fr-FR\"}]}<\/script>\n<!-- \/ Yoast SEO plugin. -->","yoast_head_json":{"title":"Canneberge d\u00e9shydrat\u00e9e en tranches | Boutique ANHYDRA","description":"Canneberge d\u00e9shydrat\u00e9e en tranches aux saveurs franches, 100% naturelle, sans ajout d\u2019ingr\u00e9dients. Parfaite pour de multiples utilisations.","robots":{"index":"index","follow":"follow","max-snippet":"max-snippet:-1","max-image-preview":"max-image-preview:large","max-video-preview":"max-video-preview:-1"},"canonical":"https:\/\/anhydra.com\/fr\/produit\/canneberge-deshydratee-en-tranches\/","og_locale":"fr_FR","og_type":"article","og_title":"Canneberge d\u00e9shydrat\u00e9e en tranches | Boutique ANHYDRA","og_description":"Canneberge d\u00e9shydrat\u00e9e en tranches aux saveurs franches, 100% naturelle, sans ajout d\u2019ingr\u00e9dients. Parfaite pour de multiples utilisations.","og_url":"https:\/\/anhydra.com\/fr\/produit\/canneberge-deshydratee-en-tranches\/","og_site_name":"ANHYDRA","article_modified_time":"2026-04-15T18:41:10+00:00","og_image":[{"url":"http:\/\/boutique.anhydra.ca\/wp-content\/uploads\/2020\/09\/ANHYDRA-Dehydrated-Cranberries.jpg","type":"","width":"","height":""}],"twitter_card":"summary_large_image","twitter_misc":{"Dur\u00e9e de lecture estim\u00e9e":"1 minute"},"schema":{"@context":"https:\/\/schema.org","@graph":[{"@type":"WebPage","@id":"https:\/\/anhydra.com\/fr\/produit\/canneberge-deshydratee-en-tranches\/","url":"https:\/\/anhydra.com\/fr\/produit\/canneberge-deshydratee-en-tranches\/","name":"Canneberge d\u00e9shydrat\u00e9e en tranches | Boutique ANHYDRA","isPartOf":{"@id":"https:\/\/anhydra.com\/fr\/#website"},"primaryImageOfPage":{"@id":"https:\/\/anhydra.com\/fr\/produit\/canneberge-deshydratee-en-tranches\/#primaryimage"},"image":{"@id":"https:\/\/anhydra.com\/fr\/produit\/canneberge-deshydratee-en-tranches\/#primaryimage"},"thumbnailUrl":"https:\/\/anhydra.com\/wp-content\/uploads\/2020\/09\/ANHYDRA-Dehydrated-Cranberries.jpg","datePublished":"2020-09-02T17:10:54+00:00","dateModified":"2026-04-15T18:41:10+00:00","description":"Canneberge d\u00e9shydrat\u00e9e en tranches aux saveurs franches, 100% naturelle, sans ajout d\u2019ingr\u00e9dients. Parfaite pour de multiples utilisations.","breadcrumb":{"@id":"https:\/\/anhydra.com\/fr\/produit\/canneberge-deshydratee-en-tranches\/#breadcrumb"},"inLanguage":"fr-FR","potentialAction":[{"@type":"ReadAction","target":["https:\/\/anhydra.com\/fr\/produit\/canneberge-deshydratee-en-tranches\/"]}]},{"@type":"ImageObject","inLanguage":"fr-FR","@id":"https:\/\/anhydra.com\/fr\/produit\/canneberge-deshydratee-en-tranches\/#primaryimage","url":"https:\/\/anhydra.com\/wp-content\/uploads\/2020\/09\/ANHYDRA-Dehydrated-Cranberries.jpg","contentUrl":"https:\/\/anhydra.com\/wp-content\/uploads\/2020\/09\/ANHYDRA-Dehydrated-Cranberries.jpg","width":1500,"height":1000,"caption":"Canneberges d\u00e9shydrat\u00e9es"},{"@type":"BreadcrumbList","@id":"https:\/\/anhydra.com\/fr\/produit\/canneberge-deshydratee-en-tranches\/#breadcrumb","itemListElement":[{"@type":"ListItem","position":1,"name":"Home","item":"https:\/\/anhydra.com\/fr\/"},{"@type":"ListItem","position":2,"name":"La Boutique ANHYDRA","item":"https:\/\/anhydra.com\/fr\/boutique\/"},{"@type":"ListItem","position":3,"name":"Canneberge d\u00e9shydrat\u00e9e en tranches"}]},{"@type":"WebSite","@id":"https:\/\/anhydra.com\/fr\/#website","url":"https:\/\/anhydra.com\/fr\/","name":"ANHYDRA","description":"","potentialAction":[{"@type":"SearchAction","target":{"@type":"EntryPoint","urlTemplate":"https:\/\/anhydra.com\/fr\/?s={search_term_string}"},"query-input":{"@type":"PropertyValueSpecification","valueRequired":true,"valueName":"search_term_string"}}],"inLanguage":"fr-FR"}]}},"_links":{"self":[{"href":"https:\/\/anhydra.com\/fr\/wp-json\/wp\/v2\/product\/418","targetHints":{"allow":["GET"]}}],"collection":[{"href":"https:\/\/anhydra.com\/fr\/wp-json\/wp\/v2\/product"}],"about":[{"href":"https:\/\/anhydra.com\/fr\/wp-json\/wp\/v2\/types\/product"}],"wp:featuredmedia":[{"embeddable":true,"href":"https:\/\/anhydra.com\/fr\/wp-json\/wp\/v2\/media\/411"}],"wp:attachment":[{"href":"https:\/\/anhydra.com\/fr\/wp-json\/wp\/v2\/media?parent=418"}],"wp:term":[{"taxonomy":"product_brand","embeddable":true,"href":"https:\/\/anhydra.com\/fr\/wp-json\/wp\/v2\/product_brand?post=418"},{"taxonomy":"product_cat","embeddable":true,"href":"https:\/\/anhydra.com\/fr\/wp-json\/wp\/v2\/product_cat?post=418"},{"taxonomy":"product_tag","embeddable":true,"href":"https:\/\/anhydra.com\/fr\/wp-json\/wp\/v2\/product_tag?post=418"}],"curies":[{"name":"wp","href":"https:\/\/api.w.org\/{rel}","templated":true}]}}