{"id":399,"date":"2020-09-02T11:27:44","date_gmt":"2020-09-02T15:27:44","guid":{"rendered":"http:\/\/boutique.anhydra.ca\/product\/non%20class\u00e9\/bleuets-sauvages-deshydrates\/"},"modified":"2026-02-19T10:36:31","modified_gmt":"2026-02-19T15:36:31","slug":"bleuet-sauvage-deshydrate-en-entier","status":"publish","type":"product","link":"https:\/\/anhydra.com\/fr\/produit\/bleuet-sauvage-deshydrate-en-entier\/","title":{"rendered":"Bleuet sauvage d\u00e9shydrat\u00e9 en entier"},"content":{"rendered":"<p>Bleuet sauvage d\u00e9shydrat\u00e9 en entier selon un processus de d\u00e9shydratation conventionnel 100 % naturel. Populaire et polyvalent, le bleuet offre une combinaison de douceur et d\u2019acidit\u00e9 qui s\u2019int\u00e8gre \u00e0 de nombreuses cr\u00e9ations de produits alimentaires. Le bleuet sauvage d\u00e9shydrat\u00e9 est particuli\u00e8rement pris\u00e9 par les distilleries o\u00f9 il est souvent utilis\u00e9 dans la production d\u2019excellents gins.<\/p>\n","protected":false},"excerpt":{"rendered":"<p><strong>Ingr\u00e9dients :<\/strong>\u00a0Bleuets sauvages<br \/>\n<strong>Humidit\u00e9 :<\/strong>\u00a0\u2264 12%<br \/>\n<strong>Activit\u00e9 de l&rsquo;eau :<\/strong>\u00a0\u2264 0,650<br \/>\n<strong>Dur\u00e9e de vie \/ Conditions d&rsquo;entreposage :<\/strong>\u00a0Trois (3) ans lorsque le produit est entrepos\u00e9 dans un endroit frais et sec<br \/>\n<strong>Certifications :<\/strong>\u00a0Certifi\u00e9 cach\u00e8re par MK<\/p>\n<p style=\"padding-top:5px;\"><a class=\"btn_shop\" href=\"\/fr\/fruits-deshydrates\/bleuets-sauvages-deshydrates\/\">Informations g\u00e9n\u00e9rales sur le bleuet sauvage d\u00e9shydrat\u00e9<\/a><\/p>\n","protected":false},"featured_media":392,"menu_order":0,"template":"","meta":{"_et_pb_use_builder":"off","_et_pb_old_content":"Bleuet sauvage d\u00e9shydrat\u00e9 en entier selon un processus de d\u00e9shydratation conventionnel 100 % naturel. Populaire et polyvalent, le bleuet offre une combinaison de douceur et d\u2019acidit\u00e9 qui s\u2019int\u00e8gre \u00e0 de nombreuses cr\u00e9ations de produits alimentaires. Le bleuet sauvage d\u00e9shydrat\u00e9 est particuli\u00e8rement pris\u00e9 par les distilleries o\u00f9 il est souvent utilis\u00e9 dans la production d\u2019excellents gins.","_et_gb_content_width":""},"product_brand":[],"product_cat":[86,31],"product_tag":[268,308,277,267,269],"class_list":{"0":"post-399","1":"product","2":"type-product","3":"status-publish","4":"has-post-thumbnail","6":"product_cat-bleuets","7":"product_cat-fruits-deshydrates","8":"product_tag-collations-cuisine","9":"product_tag-creation-de-chocolats","10":"product_tag-distillation-dalcool","11":"product_tag-granola-cereales","12":"product_tag-thes-tisanes","14":"first","15":"outofstock","16":"shipping-taxable","17":"purchasable","18":"product-type-variable"},"yoast_head":"<!-- This site is optimized with the Yoast SEO plugin v27.3 - https:\/\/yoast.com\/product\/yoast-seo-wordpress\/ -->\n<title>Bleuet sauvage d\u00e9shydrat\u00e9 en entier | Boutique ANHYDRA<\/title>\n<meta name=\"description\" content=\"Bleuet sauvage d\u00e9shydrat\u00e9 en entier aux saveurs douces et l\u00e9g\u00e8rement acidul\u00e9es, 100% naturel, sans sucre ni sel ou autre ingr\u00e9dient.\" \/>\n<meta name=\"robots\" content=\"index, follow, max-snippet:-1, max-image-preview:large, max-video-preview:-1\" \/>\n<link rel=\"canonical\" href=\"https:\/\/anhydra.com\/fr\/produit\/bleuet-sauvage-deshydrate-en-entier\/\" \/>\n<meta property=\"og:locale\" content=\"fr_FR\" \/>\n<meta property=\"og:type\" content=\"article\" \/>\n<meta property=\"og:title\" content=\"Bleuet sauvage d\u00e9shydrat\u00e9 en entier | Boutique ANHYDRA\" \/>\n<meta property=\"og:description\" content=\"Bleuet sauvage d\u00e9shydrat\u00e9 en entier aux saveurs douces et l\u00e9g\u00e8rement acidul\u00e9es, 100% naturel, sans sucre ni sel ou autre ingr\u00e9dient.\" \/>\n<meta property=\"og:url\" content=\"https:\/\/anhydra.com\/fr\/produit\/bleuet-sauvage-deshydrate-en-entier\/\" \/>\n<meta property=\"og:site_name\" content=\"ANHYDRA\" \/>\n<meta property=\"article:modified_time\" content=\"2026-02-19T15:36:31+00:00\" \/>\n<meta property=\"og:image\" content=\"http:\/\/boutique.anhydra.ca\/wp-content\/uploads\/2020\/09\/ANHYDRA-Dehydrated-Wild-Blueberries.jpg\" \/>\n<meta name=\"twitter:card\" content=\"summary_large_image\" \/>\n<meta name=\"twitter:label1\" content=\"Dur\u00e9e de lecture estim\u00e9e\" \/>\n\t<meta name=\"twitter:data1\" content=\"1 minute\" \/>\n<script type=\"application\/ld+json\" class=\"yoast-schema-graph\">{\"@context\":\"https:\\\/\\\/schema.org\",\"@graph\":[{\"@type\":\"WebPage\",\"@id\":\"https:\\\/\\\/anhydra.com\\\/fr\\\/produit\\\/bleuet-sauvage-deshydrate-en-entier\\\/\",\"url\":\"https:\\\/\\\/anhydra.com\\\/fr\\\/produit\\\/bleuet-sauvage-deshydrate-en-entier\\\/\",\"name\":\"Bleuet sauvage d\u00e9shydrat\u00e9 en entier | Boutique ANHYDRA\",\"isPartOf\":{\"@id\":\"https:\\\/\\\/anhydra.com\\\/fr\\\/#website\"},\"primaryImageOfPage\":{\"@id\":\"https:\\\/\\\/anhydra.com\\\/fr\\\/produit\\\/bleuet-sauvage-deshydrate-en-entier\\\/#primaryimage\"},\"image\":{\"@id\":\"https:\\\/\\\/anhydra.com\\\/fr\\\/produit\\\/bleuet-sauvage-deshydrate-en-entier\\\/#primaryimage\"},\"thumbnailUrl\":\"https:\\\/\\\/anhydra.com\\\/wp-content\\\/uploads\\\/2020\\\/09\\\/ANHYDRA-Dehydrated-Wild-Blueberries.jpg\",\"datePublished\":\"2020-09-02T15:27:44+00:00\",\"dateModified\":\"2026-02-19T15:36:31+00:00\",\"description\":\"Bleuet sauvage d\u00e9shydrat\u00e9 en entier aux saveurs douces et l\u00e9g\u00e8rement acidul\u00e9es, 100% naturel, sans sucre ni sel ou autre ingr\u00e9dient.\",\"breadcrumb\":{\"@id\":\"https:\\\/\\\/anhydra.com\\\/fr\\\/produit\\\/bleuet-sauvage-deshydrate-en-entier\\\/#breadcrumb\"},\"inLanguage\":\"fr-FR\",\"potentialAction\":[{\"@type\":\"ReadAction\",\"target\":[\"https:\\\/\\\/anhydra.com\\\/fr\\\/produit\\\/bleuet-sauvage-deshydrate-en-entier\\\/\"]}]},{\"@type\":\"ImageObject\",\"inLanguage\":\"fr-FR\",\"@id\":\"https:\\\/\\\/anhydra.com\\\/fr\\\/produit\\\/bleuet-sauvage-deshydrate-en-entier\\\/#primaryimage\",\"url\":\"https:\\\/\\\/anhydra.com\\\/wp-content\\\/uploads\\\/2020\\\/09\\\/ANHYDRA-Dehydrated-Wild-Blueberries.jpg\",\"contentUrl\":\"https:\\\/\\\/anhydra.com\\\/wp-content\\\/uploads\\\/2020\\\/09\\\/ANHYDRA-Dehydrated-Wild-Blueberries.jpg\",\"width\":1500,\"height\":1000,\"caption\":\"Bleuets sauvages d\u00e9shydrat\u00e9s\"},{\"@type\":\"BreadcrumbList\",\"@id\":\"https:\\\/\\\/anhydra.com\\\/fr\\\/produit\\\/bleuet-sauvage-deshydrate-en-entier\\\/#breadcrumb\",\"itemListElement\":[{\"@type\":\"ListItem\",\"position\":1,\"name\":\"Home\",\"item\":\"https:\\\/\\\/anhydra.com\\\/fr\\\/\"},{\"@type\":\"ListItem\",\"position\":2,\"name\":\"La Boutique ANHYDRA\",\"item\":\"https:\\\/\\\/anhydra.com\\\/fr\\\/boutique\\\/\"},{\"@type\":\"ListItem\",\"position\":3,\"name\":\"Bleuet sauvage d\u00e9shydrat\u00e9 en entier\"}]},{\"@type\":\"WebSite\",\"@id\":\"https:\\\/\\\/anhydra.com\\\/fr\\\/#website\",\"url\":\"https:\\\/\\\/anhydra.com\\\/fr\\\/\",\"name\":\"ANHYDRA\",\"description\":\"\",\"potentialAction\":[{\"@type\":\"SearchAction\",\"target\":{\"@type\":\"EntryPoint\",\"urlTemplate\":\"https:\\\/\\\/anhydra.com\\\/fr\\\/?s={search_term_string}\"},\"query-input\":{\"@type\":\"PropertyValueSpecification\",\"valueRequired\":true,\"valueName\":\"search_term_string\"}}],\"inLanguage\":\"fr-FR\"}]}<\/script>\n<!-- \/ Yoast SEO plugin. -->","yoast_head_json":{"title":"Bleuet sauvage d\u00e9shydrat\u00e9 en entier | Boutique ANHYDRA","description":"Bleuet sauvage d\u00e9shydrat\u00e9 en entier aux saveurs douces et l\u00e9g\u00e8rement acidul\u00e9es, 100% naturel, sans sucre ni sel ou autre ingr\u00e9dient.","robots":{"index":"index","follow":"follow","max-snippet":"max-snippet:-1","max-image-preview":"max-image-preview:large","max-video-preview":"max-video-preview:-1"},"canonical":"https:\/\/anhydra.com\/fr\/produit\/bleuet-sauvage-deshydrate-en-entier\/","og_locale":"fr_FR","og_type":"article","og_title":"Bleuet sauvage d\u00e9shydrat\u00e9 en entier | Boutique ANHYDRA","og_description":"Bleuet sauvage d\u00e9shydrat\u00e9 en entier aux saveurs douces et l\u00e9g\u00e8rement acidul\u00e9es, 100% naturel, sans sucre ni sel ou autre ingr\u00e9dient.","og_url":"https:\/\/anhydra.com\/fr\/produit\/bleuet-sauvage-deshydrate-en-entier\/","og_site_name":"ANHYDRA","article_modified_time":"2026-02-19T15:36:31+00:00","og_image":[{"url":"http:\/\/boutique.anhydra.ca\/wp-content\/uploads\/2020\/09\/ANHYDRA-Dehydrated-Wild-Blueberries.jpg","type":"","width":"","height":""}],"twitter_card":"summary_large_image","twitter_misc":{"Dur\u00e9e de lecture estim\u00e9e":"1 minute"},"schema":{"@context":"https:\/\/schema.org","@graph":[{"@type":"WebPage","@id":"https:\/\/anhydra.com\/fr\/produit\/bleuet-sauvage-deshydrate-en-entier\/","url":"https:\/\/anhydra.com\/fr\/produit\/bleuet-sauvage-deshydrate-en-entier\/","name":"Bleuet sauvage d\u00e9shydrat\u00e9 en entier | Boutique ANHYDRA","isPartOf":{"@id":"https:\/\/anhydra.com\/fr\/#website"},"primaryImageOfPage":{"@id":"https:\/\/anhydra.com\/fr\/produit\/bleuet-sauvage-deshydrate-en-entier\/#primaryimage"},"image":{"@id":"https:\/\/anhydra.com\/fr\/produit\/bleuet-sauvage-deshydrate-en-entier\/#primaryimage"},"thumbnailUrl":"https:\/\/anhydra.com\/wp-content\/uploads\/2020\/09\/ANHYDRA-Dehydrated-Wild-Blueberries.jpg","datePublished":"2020-09-02T15:27:44+00:00","dateModified":"2026-02-19T15:36:31+00:00","description":"Bleuet sauvage d\u00e9shydrat\u00e9 en entier aux saveurs douces et l\u00e9g\u00e8rement acidul\u00e9es, 100% naturel, sans sucre ni sel ou autre ingr\u00e9dient.","breadcrumb":{"@id":"https:\/\/anhydra.com\/fr\/produit\/bleuet-sauvage-deshydrate-en-entier\/#breadcrumb"},"inLanguage":"fr-FR","potentialAction":[{"@type":"ReadAction","target":["https:\/\/anhydra.com\/fr\/produit\/bleuet-sauvage-deshydrate-en-entier\/"]}]},{"@type":"ImageObject","inLanguage":"fr-FR","@id":"https:\/\/anhydra.com\/fr\/produit\/bleuet-sauvage-deshydrate-en-entier\/#primaryimage","url":"https:\/\/anhydra.com\/wp-content\/uploads\/2020\/09\/ANHYDRA-Dehydrated-Wild-Blueberries.jpg","contentUrl":"https:\/\/anhydra.com\/wp-content\/uploads\/2020\/09\/ANHYDRA-Dehydrated-Wild-Blueberries.jpg","width":1500,"height":1000,"caption":"Bleuets sauvages d\u00e9shydrat\u00e9s"},{"@type":"BreadcrumbList","@id":"https:\/\/anhydra.com\/fr\/produit\/bleuet-sauvage-deshydrate-en-entier\/#breadcrumb","itemListElement":[{"@type":"ListItem","position":1,"name":"Home","item":"https:\/\/anhydra.com\/fr\/"},{"@type":"ListItem","position":2,"name":"La Boutique ANHYDRA","item":"https:\/\/anhydra.com\/fr\/boutique\/"},{"@type":"ListItem","position":3,"name":"Bleuet sauvage d\u00e9shydrat\u00e9 en entier"}]},{"@type":"WebSite","@id":"https:\/\/anhydra.com\/fr\/#website","url":"https:\/\/anhydra.com\/fr\/","name":"ANHYDRA","description":"","potentialAction":[{"@type":"SearchAction","target":{"@type":"EntryPoint","urlTemplate":"https:\/\/anhydra.com\/fr\/?s={search_term_string}"},"query-input":{"@type":"PropertyValueSpecification","valueRequired":true,"valueName":"search_term_string"}}],"inLanguage":"fr-FR"}]}},"_links":{"self":[{"href":"https:\/\/anhydra.com\/fr\/wp-json\/wp\/v2\/product\/399","targetHints":{"allow":["GET"]}}],"collection":[{"href":"https:\/\/anhydra.com\/fr\/wp-json\/wp\/v2\/product"}],"about":[{"href":"https:\/\/anhydra.com\/fr\/wp-json\/wp\/v2\/types\/product"}],"wp:featuredmedia":[{"embeddable":true,"href":"https:\/\/anhydra.com\/fr\/wp-json\/wp\/v2\/media\/392"}],"wp:attachment":[{"href":"https:\/\/anhydra.com\/fr\/wp-json\/wp\/v2\/media?parent=399"}],"wp:term":[{"taxonomy":"product_brand","embeddable":true,"href":"https:\/\/anhydra.com\/fr\/wp-json\/wp\/v2\/product_brand?post=399"},{"taxonomy":"product_cat","embeddable":true,"href":"https:\/\/anhydra.com\/fr\/wp-json\/wp\/v2\/product_cat?post=399"},{"taxonomy":"product_tag","embeddable":true,"href":"https:\/\/anhydra.com\/fr\/wp-json\/wp\/v2\/product_tag?post=399"}],"curies":[{"name":"wp","href":"https:\/\/api.w.org\/{rel}","templated":true}]}}