{"id":369,"date":"2020-08-26T11:41:37","date_gmt":"2020-08-26T15:41:37","guid":{"rendered":"http:\/\/boutique.anhydra.ca\/product\/non%20class\u00e9\/pamplemousses-deshydrates\/"},"modified":"2026-03-31T09:03:36","modified_gmt":"2026-03-31T13:03:36","slug":"pamplemousse-deshydrate-en-morceaux","status":"publish","type":"product","link":"https:\/\/anhydra.com\/fr\/produit\/pamplemousse-deshydrate-en-morceaux\/","title":{"rendered":"Pamplemousse d\u00e9shydrat\u00e9 en morceaux"},"content":{"rendered":"<p>Pamplemousse d\u00e9shydrat\u00e9 en morceaux par un proc\u00e9d\u00e9 naturel de d\u00e9shydratation. Aucun ajout d\u2019ingr\u00e9dient, seulement le bon go\u00fbt du pamplemousse. Les saveurs, remarquablement conserv\u00e9es, se lib\u00e8rent rapidement permettant une infusion efficace. Id\u00e9al pour le brassage de bi\u00e8res, la cr\u00e9ation de gins savoureux, et bien plus encore!<\/p>\n","protected":false},"excerpt":{"rendered":"<p><strong>Ingr\u00e9dients :<\/strong>\u00a0Pamplemousses<br \/>\n<strong>Coupe :<\/strong>\u00a0Coupe fra\u00eeche : morceaux de 4mm<br \/>\n<strong>Humidit\u00e9 :<\/strong>\u00a0\u2264 12%<br \/>\n<strong>Activit\u00e9 de l&rsquo;eau :<\/strong>\u00a0\u2264 0,650<br \/>\n<strong>Dur\u00e9e de vie \/ Conditions d&rsquo;entreposage :<\/strong>\u00a0Trois (3) ans lorsque le produit est entrepos\u00e9 dans un endroit frais et sec<br \/>\n<strong>Certifications :<\/strong>\u00a0Certifi\u00e9 cach\u00e8re par MK<\/p>\n<p style=\"padding-top:5px;\"><a class=\"btn_shop\" href=\"\/fr\/fruits-deshydrates\/pamplemousses-deshydrates\/\">Informations g\u00e9n\u00e9rales sur le pamplemousse d\u00e9shydrat\u00e9<\/a><\/p>\n","protected":false},"featured_media":337,"menu_order":0,"template":"","meta":{"_et_pb_use_builder":"off","_et_pb_old_content":"Pamplemousse d\u00e9shydrat\u00e9 en morceaux par un proc\u00e9d\u00e9 naturel de d\u00e9shydratation. Aucun ajout d\u2019ingr\u00e9dient, seulement le bon go\u00fbt du pamplemousse. Les saveurs, remarquablement conserv\u00e9es, se lib\u00e8rent rapidement permettant une infusion efficace. Id\u00e9al pour le brassage de bi\u00e8res, la cr\u00e9ation de gins savoureux, et bien plus encore!","_et_gb_content_width":""},"product_brand":[],"product_cat":[31,75],"product_tag":[263,277,269],"class_list":{"0":"post-369","1":"product","2":"type-product","3":"status-publish","4":"has-post-thumbnail","6":"product_cat-fruits-deshydrates","7":"product_cat-pamplemousse","8":"product_tag-brassage-de-bieres","9":"product_tag-distillation-dalcool","10":"product_tag-thes-tisanes","12":"first","13":"outofstock","14":"shipping-taxable","15":"purchasable","16":"product-type-variable"},"yoast_head":"<!-- This site is optimized with the Yoast SEO plugin v27.3 - https:\/\/yoast.com\/product\/yoast-seo-wordpress\/ -->\n<title>Pamplemousse d\u00e9shydrat\u00e9 en morceaux | Boutique ANHYDRA<\/title>\n<meta name=\"description\" content=\"Pamplemousse d\u00e9shydrat\u00e9 en morceaux, 100 % naturel, id\u00e9al pour le brassage de bi\u00e8res, la cr\u00e9ation de gins savoureux, et bien plus encore!\" \/>\n<meta name=\"robots\" content=\"index, follow, max-snippet:-1, max-image-preview:large, max-video-preview:-1\" \/>\n<link rel=\"canonical\" href=\"https:\/\/anhydra.com\/fr\/produit\/pamplemousse-deshydrate-en-morceaux\/\" \/>\n<meta property=\"og:locale\" content=\"fr_FR\" \/>\n<meta property=\"og:type\" content=\"article\" \/>\n<meta property=\"og:title\" content=\"Pamplemousse d\u00e9shydrat\u00e9 en morceaux | Boutique ANHYDRA\" \/>\n<meta property=\"og:description\" content=\"Pamplemousse d\u00e9shydrat\u00e9 en morceaux, 100 % naturel, id\u00e9al pour le brassage de bi\u00e8res, la cr\u00e9ation de gins savoureux, et bien plus encore!\" \/>\n<meta property=\"og:url\" content=\"https:\/\/anhydra.com\/fr\/produit\/pamplemousse-deshydrate-en-morceaux\/\" \/>\n<meta property=\"og:site_name\" content=\"ANHYDRA\" \/>\n<meta property=\"article:modified_time\" content=\"2026-03-31T13:03:36+00:00\" \/>\n<meta property=\"og:image\" content=\"http:\/\/boutique.anhydra.ca\/wp-content\/uploads\/2020\/08\/ANHYDRA-Dehydrated-Grapefruits.jpg\" \/>\n<meta name=\"twitter:card\" content=\"summary_large_image\" \/>\n<meta name=\"twitter:label1\" content=\"Dur\u00e9e de lecture estim\u00e9e\" \/>\n\t<meta name=\"twitter:data1\" content=\"1 minute\" \/>\n<script type=\"application\/ld+json\" class=\"yoast-schema-graph\">{\"@context\":\"https:\\\/\\\/schema.org\",\"@graph\":[{\"@type\":\"WebPage\",\"@id\":\"https:\\\/\\\/anhydra.com\\\/fr\\\/produit\\\/pamplemousse-deshydrate-en-morceaux\\\/\",\"url\":\"https:\\\/\\\/anhydra.com\\\/fr\\\/produit\\\/pamplemousse-deshydrate-en-morceaux\\\/\",\"name\":\"Pamplemousse d\u00e9shydrat\u00e9 en morceaux | Boutique ANHYDRA\",\"isPartOf\":{\"@id\":\"https:\\\/\\\/anhydra.com\\\/fr\\\/#website\"},\"primaryImageOfPage\":{\"@id\":\"https:\\\/\\\/anhydra.com\\\/fr\\\/produit\\\/pamplemousse-deshydrate-en-morceaux\\\/#primaryimage\"},\"image\":{\"@id\":\"https:\\\/\\\/anhydra.com\\\/fr\\\/produit\\\/pamplemousse-deshydrate-en-morceaux\\\/#primaryimage\"},\"thumbnailUrl\":\"https:\\\/\\\/anhydra.com\\\/wp-content\\\/uploads\\\/2020\\\/08\\\/ANHYDRA-Dehydrated-Grapefruits.jpg\",\"datePublished\":\"2020-08-26T15:41:37+00:00\",\"dateModified\":\"2026-03-31T13:03:36+00:00\",\"description\":\"Pamplemousse d\u00e9shydrat\u00e9 en morceaux, 100 % naturel, id\u00e9al pour le brassage de bi\u00e8res, la cr\u00e9ation de gins savoureux, et bien plus encore!\",\"breadcrumb\":{\"@id\":\"https:\\\/\\\/anhydra.com\\\/fr\\\/produit\\\/pamplemousse-deshydrate-en-morceaux\\\/#breadcrumb\"},\"inLanguage\":\"fr-FR\",\"potentialAction\":[{\"@type\":\"ReadAction\",\"target\":[\"https:\\\/\\\/anhydra.com\\\/fr\\\/produit\\\/pamplemousse-deshydrate-en-morceaux\\\/\"]}]},{\"@type\":\"ImageObject\",\"inLanguage\":\"fr-FR\",\"@id\":\"https:\\\/\\\/anhydra.com\\\/fr\\\/produit\\\/pamplemousse-deshydrate-en-morceaux\\\/#primaryimage\",\"url\":\"https:\\\/\\\/anhydra.com\\\/wp-content\\\/uploads\\\/2020\\\/08\\\/ANHYDRA-Dehydrated-Grapefruits.jpg\",\"contentUrl\":\"https:\\\/\\\/anhydra.com\\\/wp-content\\\/uploads\\\/2020\\\/08\\\/ANHYDRA-Dehydrated-Grapefruits.jpg\",\"width\":1500,\"height\":1000,\"caption\":\"ANHYDRA - Pamplemousses D\u00e9shydrat\u00e9s\"},{\"@type\":\"BreadcrumbList\",\"@id\":\"https:\\\/\\\/anhydra.com\\\/fr\\\/produit\\\/pamplemousse-deshydrate-en-morceaux\\\/#breadcrumb\",\"itemListElement\":[{\"@type\":\"ListItem\",\"position\":1,\"name\":\"Home\",\"item\":\"https:\\\/\\\/anhydra.com\\\/fr\\\/\"},{\"@type\":\"ListItem\",\"position\":2,\"name\":\"La Boutique ANHYDRA\",\"item\":\"https:\\\/\\\/anhydra.com\\\/fr\\\/boutique\\\/\"},{\"@type\":\"ListItem\",\"position\":3,\"name\":\"Pamplemousse d\u00e9shydrat\u00e9 en morceaux\"}]},{\"@type\":\"WebSite\",\"@id\":\"https:\\\/\\\/anhydra.com\\\/fr\\\/#website\",\"url\":\"https:\\\/\\\/anhydra.com\\\/fr\\\/\",\"name\":\"ANHYDRA\",\"description\":\"\",\"potentialAction\":[{\"@type\":\"SearchAction\",\"target\":{\"@type\":\"EntryPoint\",\"urlTemplate\":\"https:\\\/\\\/anhydra.com\\\/fr\\\/?s={search_term_string}\"},\"query-input\":{\"@type\":\"PropertyValueSpecification\",\"valueRequired\":true,\"valueName\":\"search_term_string\"}}],\"inLanguage\":\"fr-FR\"}]}<\/script>\n<!-- \/ Yoast SEO plugin. -->","yoast_head_json":{"title":"Pamplemousse d\u00e9shydrat\u00e9 en morceaux | Boutique ANHYDRA","description":"Pamplemousse d\u00e9shydrat\u00e9 en morceaux, 100 % naturel, id\u00e9al pour le brassage de bi\u00e8res, la cr\u00e9ation de gins savoureux, et bien plus encore!","robots":{"index":"index","follow":"follow","max-snippet":"max-snippet:-1","max-image-preview":"max-image-preview:large","max-video-preview":"max-video-preview:-1"},"canonical":"https:\/\/anhydra.com\/fr\/produit\/pamplemousse-deshydrate-en-morceaux\/","og_locale":"fr_FR","og_type":"article","og_title":"Pamplemousse d\u00e9shydrat\u00e9 en morceaux | Boutique ANHYDRA","og_description":"Pamplemousse d\u00e9shydrat\u00e9 en morceaux, 100 % naturel, id\u00e9al pour le brassage de bi\u00e8res, la cr\u00e9ation de gins savoureux, et bien plus encore!","og_url":"https:\/\/anhydra.com\/fr\/produit\/pamplemousse-deshydrate-en-morceaux\/","og_site_name":"ANHYDRA","article_modified_time":"2026-03-31T13:03:36+00:00","og_image":[{"url":"http:\/\/boutique.anhydra.ca\/wp-content\/uploads\/2020\/08\/ANHYDRA-Dehydrated-Grapefruits.jpg","type":"","width":"","height":""}],"twitter_card":"summary_large_image","twitter_misc":{"Dur\u00e9e de lecture estim\u00e9e":"1 minute"},"schema":{"@context":"https:\/\/schema.org","@graph":[{"@type":"WebPage","@id":"https:\/\/anhydra.com\/fr\/produit\/pamplemousse-deshydrate-en-morceaux\/","url":"https:\/\/anhydra.com\/fr\/produit\/pamplemousse-deshydrate-en-morceaux\/","name":"Pamplemousse d\u00e9shydrat\u00e9 en morceaux | Boutique ANHYDRA","isPartOf":{"@id":"https:\/\/anhydra.com\/fr\/#website"},"primaryImageOfPage":{"@id":"https:\/\/anhydra.com\/fr\/produit\/pamplemousse-deshydrate-en-morceaux\/#primaryimage"},"image":{"@id":"https:\/\/anhydra.com\/fr\/produit\/pamplemousse-deshydrate-en-morceaux\/#primaryimage"},"thumbnailUrl":"https:\/\/anhydra.com\/wp-content\/uploads\/2020\/08\/ANHYDRA-Dehydrated-Grapefruits.jpg","datePublished":"2020-08-26T15:41:37+00:00","dateModified":"2026-03-31T13:03:36+00:00","description":"Pamplemousse d\u00e9shydrat\u00e9 en morceaux, 100 % naturel, id\u00e9al pour le brassage de bi\u00e8res, la cr\u00e9ation de gins savoureux, et bien plus encore!","breadcrumb":{"@id":"https:\/\/anhydra.com\/fr\/produit\/pamplemousse-deshydrate-en-morceaux\/#breadcrumb"},"inLanguage":"fr-FR","potentialAction":[{"@type":"ReadAction","target":["https:\/\/anhydra.com\/fr\/produit\/pamplemousse-deshydrate-en-morceaux\/"]}]},{"@type":"ImageObject","inLanguage":"fr-FR","@id":"https:\/\/anhydra.com\/fr\/produit\/pamplemousse-deshydrate-en-morceaux\/#primaryimage","url":"https:\/\/anhydra.com\/wp-content\/uploads\/2020\/08\/ANHYDRA-Dehydrated-Grapefruits.jpg","contentUrl":"https:\/\/anhydra.com\/wp-content\/uploads\/2020\/08\/ANHYDRA-Dehydrated-Grapefruits.jpg","width":1500,"height":1000,"caption":"ANHYDRA - Pamplemousses D\u00e9shydrat\u00e9s"},{"@type":"BreadcrumbList","@id":"https:\/\/anhydra.com\/fr\/produit\/pamplemousse-deshydrate-en-morceaux\/#breadcrumb","itemListElement":[{"@type":"ListItem","position":1,"name":"Home","item":"https:\/\/anhydra.com\/fr\/"},{"@type":"ListItem","position":2,"name":"La Boutique ANHYDRA","item":"https:\/\/anhydra.com\/fr\/boutique\/"},{"@type":"ListItem","position":3,"name":"Pamplemousse d\u00e9shydrat\u00e9 en morceaux"}]},{"@type":"WebSite","@id":"https:\/\/anhydra.com\/fr\/#website","url":"https:\/\/anhydra.com\/fr\/","name":"ANHYDRA","description":"","potentialAction":[{"@type":"SearchAction","target":{"@type":"EntryPoint","urlTemplate":"https:\/\/anhydra.com\/fr\/?s={search_term_string}"},"query-input":{"@type":"PropertyValueSpecification","valueRequired":true,"valueName":"search_term_string"}}],"inLanguage":"fr-FR"}]}},"_links":{"self":[{"href":"https:\/\/anhydra.com\/fr\/wp-json\/wp\/v2\/product\/369","targetHints":{"allow":["GET"]}}],"collection":[{"href":"https:\/\/anhydra.com\/fr\/wp-json\/wp\/v2\/product"}],"about":[{"href":"https:\/\/anhydra.com\/fr\/wp-json\/wp\/v2\/types\/product"}],"wp:featuredmedia":[{"embeddable":true,"href":"https:\/\/anhydra.com\/fr\/wp-json\/wp\/v2\/media\/337"}],"wp:attachment":[{"href":"https:\/\/anhydra.com\/fr\/wp-json\/wp\/v2\/media?parent=369"}],"wp:term":[{"taxonomy":"product_brand","embeddable":true,"href":"https:\/\/anhydra.com\/fr\/wp-json\/wp\/v2\/product_brand?post=369"},{"taxonomy":"product_cat","embeddable":true,"href":"https:\/\/anhydra.com\/fr\/wp-json\/wp\/v2\/product_cat?post=369"},{"taxonomy":"product_tag","embeddable":true,"href":"https:\/\/anhydra.com\/fr\/wp-json\/wp\/v2\/product_tag?post=369"}],"curies":[{"name":"wp","href":"https:\/\/api.w.org\/{rel}","templated":true}]}}