{"id":288728,"date":"2025-09-04T14:46:50","date_gmt":"2025-09-04T18:46:50","guid":{"rendered":"https:\/\/anhydra.com\/?post_type=product&#038;p=288728"},"modified":"2025-12-08T15:20:26","modified_gmt":"2025-12-08T20:20:26","slug":"poire-deshydratee-en-tranches","status":"publish","type":"product","link":"https:\/\/anhydra.com\/fr\/produit\/poire-deshydratee-en-tranches\/","title":{"rendered":"Poire d\u00e9shydrat\u00e9e en tranches"},"content":{"rendered":"<p>Ajoutez une touche raffin\u00e9e \u00e0 vos cr\u00e9ations avec nos tranches de poire d\u00e9shydrat\u00e9e. Naturellement sucr\u00e9es et savoureuses, elles sont parfaites pour garnir un cocktail \u00e9l\u00e9gant, agr\u00e9menter un dessert, accompagner un plateau de fromages ou encore d\u00e9corer une cr\u00e9ation chocolat\u00e9e.<\/p>\n<p>Sans sucre ajout\u00e9 et sans agent de conservation, nos tranches de poire conservent leur go\u00fbt authentique et leur texture d\u00e9licate. Elles offrent une alternative pratique et esth\u00e9tique aux fruits frais, sans perte ni pr\u00e9paration.<\/p>\n","protected":false},"excerpt":{"rendered":"<p><strong>Ingr\u00e9dients :<\/strong>\u00a0Poires<br \/>\n<strong>Coupe :<\/strong>\u00a0Tranches; 3 \u00e0 6 cm de largeur; 3 \u00e0 7 cm de longueur<br \/>\n<strong>Humidit\u00e9 :<\/strong>\u00a0\u2264 12%<br \/>\n<strong>Activit\u00e9 de l&rsquo;eau :<\/strong>\u00a0\u2264 0,650<br \/>\n<strong>Dur\u00e9e de vie \/ Conditions d&rsquo;entreposage :<\/strong>\u00a0Trois (3) ans lorsque le produit est entrepos\u00e9 dans un endroit frais et sec<\/p>\n","protected":false},"featured_media":288724,"menu_order":0,"template":"","meta":{"_et_pb_use_builder":"","_et_pb_old_content":"","_et_gb_content_width":""},"product_brand":[],"product_cat":[31,336,332],"product_tag":[308,265,269],"class_list":{"0":"post-288728","1":"product","2":"type-product","3":"status-publish","4":"has-post-thumbnail","6":"product_cat-fruits-deshydrates","7":"product_cat-garnitures-cocktails","8":"product_cat-poires","9":"product_tag-creation-de-chocolats","10":"product_tag-garnitures-cocktails","11":"product_tag-thes-tisanes","13":"first","14":"instock","15":"shipping-taxable","16":"purchasable","17":"product-type-variable"},"yoast_head":"<!-- This site is optimized with the Yoast SEO plugin v27.3 - https:\/\/yoast.com\/product\/yoast-seo-wordpress\/ -->\n<title>Poire d\u00e9shydrat\u00e9e en tranches - ANHYDRA<\/title>\n<meta name=\"description\" content=\"D\u00e9couvrez nos tranches de poire d\u00e9shydrat\u00e9e, sans sucre ajout\u00e9 ni agent de conservation. Parfaites pour garnir cocktails, desserts et chocolats.\" \/>\n<meta name=\"robots\" content=\"index, follow, max-snippet:-1, max-image-preview:large, max-video-preview:-1\" \/>\n<link rel=\"canonical\" href=\"https:\/\/anhydra.com\/fr\/produit\/poire-deshydratee-en-tranches\/\" \/>\n<meta property=\"og:locale\" content=\"fr_FR\" \/>\n<meta property=\"og:type\" content=\"article\" \/>\n<meta property=\"og:title\" content=\"Poire d\u00e9shydrat\u00e9e en tranches\" \/>\n<meta property=\"og:description\" content=\"D\u00e9couvrez nos tranches de poire d\u00e9shydrat\u00e9e, sans sucre ajout\u00e9 ni agent de conservation. Parfaites pour garnir cocktails, desserts et chocolats.\" \/>\n<meta property=\"og:url\" content=\"https:\/\/anhydra.com\/fr\/produit\/poire-deshydratee-en-tranches\/\" \/>\n<meta property=\"og:site_name\" content=\"ANHYDRA\" \/>\n<meta property=\"article:modified_time\" content=\"2025-12-08T20:20:26+00:00\" \/>\n<meta property=\"og:image\" content=\"https:\/\/anhydra.com\/wp-content\/uploads\/2025\/09\/ANHYDRA-Dehydrated-pear-slices.jpg\" \/>\n\t<meta property=\"og:image:width\" content=\"1500\" \/>\n\t<meta property=\"og:image:height\" content=\"1000\" \/>\n\t<meta property=\"og:image:type\" content=\"image\/jpeg\" \/>\n<meta name=\"twitter:card\" content=\"summary_large_image\" \/>\n<meta name=\"twitter:label1\" content=\"Dur\u00e9e de lecture estim\u00e9e\" \/>\n\t<meta name=\"twitter:data1\" content=\"1 minute\" \/>\n<script type=\"application\/ld+json\" class=\"yoast-schema-graph\">{\"@context\":\"https:\\\/\\\/schema.org\",\"@graph\":[{\"@type\":\"WebPage\",\"@id\":\"https:\\\/\\\/anhydra.com\\\/fr\\\/produit\\\/poire-deshydratee-en-tranches\\\/\",\"url\":\"https:\\\/\\\/anhydra.com\\\/fr\\\/produit\\\/poire-deshydratee-en-tranches\\\/\",\"name\":\"Poire d\u00e9shydrat\u00e9e en tranches - ANHYDRA\",\"isPartOf\":{\"@id\":\"https:\\\/\\\/anhydra.com\\\/fr\\\/#website\"},\"primaryImageOfPage\":{\"@id\":\"https:\\\/\\\/anhydra.com\\\/fr\\\/produit\\\/poire-deshydratee-en-tranches\\\/#primaryimage\"},\"image\":{\"@id\":\"https:\\\/\\\/anhydra.com\\\/fr\\\/produit\\\/poire-deshydratee-en-tranches\\\/#primaryimage\"},\"thumbnailUrl\":\"https:\\\/\\\/anhydra.com\\\/wp-content\\\/uploads\\\/2025\\\/09\\\/Dehydrated-pear-slices.jpg\",\"datePublished\":\"2025-09-04T18:46:50+00:00\",\"dateModified\":\"2025-12-08T20:20:26+00:00\",\"description\":\"D\u00e9couvrez nos tranches de poire d\u00e9shydrat\u00e9e, sans sucre ajout\u00e9 ni agent de conservation. Parfaites pour garnir cocktails, desserts et chocolats.\",\"breadcrumb\":{\"@id\":\"https:\\\/\\\/anhydra.com\\\/fr\\\/produit\\\/poire-deshydratee-en-tranches\\\/#breadcrumb\"},\"inLanguage\":\"fr-FR\",\"potentialAction\":[{\"@type\":\"ReadAction\",\"target\":[\"https:\\\/\\\/anhydra.com\\\/fr\\\/produit\\\/poire-deshydratee-en-tranches\\\/\"]}]},{\"@type\":\"ImageObject\",\"inLanguage\":\"fr-FR\",\"@id\":\"https:\\\/\\\/anhydra.com\\\/fr\\\/produit\\\/poire-deshydratee-en-tranches\\\/#primaryimage\",\"url\":\"https:\\\/\\\/anhydra.com\\\/wp-content\\\/uploads\\\/2025\\\/09\\\/Dehydrated-pear-slices.jpg\",\"contentUrl\":\"https:\\\/\\\/anhydra.com\\\/wp-content\\\/uploads\\\/2025\\\/09\\\/Dehydrated-pear-slices.jpg\",\"width\":1500,\"height\":1000},{\"@type\":\"BreadcrumbList\",\"@id\":\"https:\\\/\\\/anhydra.com\\\/fr\\\/produit\\\/poire-deshydratee-en-tranches\\\/#breadcrumb\",\"itemListElement\":[{\"@type\":\"ListItem\",\"position\":1,\"name\":\"Home\",\"item\":\"https:\\\/\\\/anhydra.com\\\/fr\\\/\"},{\"@type\":\"ListItem\",\"position\":2,\"name\":\"La Boutique ANHYDRA\",\"item\":\"https:\\\/\\\/anhydra.com\\\/fr\\\/boutique\\\/\"},{\"@type\":\"ListItem\",\"position\":3,\"name\":\"Poire d\u00e9shydrat\u00e9e en tranches\"}]},{\"@type\":\"WebSite\",\"@id\":\"https:\\\/\\\/anhydra.com\\\/fr\\\/#website\",\"url\":\"https:\\\/\\\/anhydra.com\\\/fr\\\/\",\"name\":\"ANHYDRA\",\"description\":\"\",\"potentialAction\":[{\"@type\":\"SearchAction\",\"target\":{\"@type\":\"EntryPoint\",\"urlTemplate\":\"https:\\\/\\\/anhydra.com\\\/fr\\\/?s={search_term_string}\"},\"query-input\":{\"@type\":\"PropertyValueSpecification\",\"valueRequired\":true,\"valueName\":\"search_term_string\"}}],\"inLanguage\":\"fr-FR\"}]}<\/script>\n<!-- \/ Yoast SEO plugin. -->","yoast_head_json":{"title":"Poire d\u00e9shydrat\u00e9e en tranches - ANHYDRA","description":"D\u00e9couvrez nos tranches de poire d\u00e9shydrat\u00e9e, sans sucre ajout\u00e9 ni agent de conservation. Parfaites pour garnir cocktails, desserts et chocolats.","robots":{"index":"index","follow":"follow","max-snippet":"max-snippet:-1","max-image-preview":"max-image-preview:large","max-video-preview":"max-video-preview:-1"},"canonical":"https:\/\/anhydra.com\/fr\/produit\/poire-deshydratee-en-tranches\/","og_locale":"fr_FR","og_type":"article","og_title":"Poire d\u00e9shydrat\u00e9e en tranches","og_description":"D\u00e9couvrez nos tranches de poire d\u00e9shydrat\u00e9e, sans sucre ajout\u00e9 ni agent de conservation. Parfaites pour garnir cocktails, desserts et chocolats.","og_url":"https:\/\/anhydra.com\/fr\/produit\/poire-deshydratee-en-tranches\/","og_site_name":"ANHYDRA","article_modified_time":"2025-12-08T20:20:26+00:00","og_image":[{"width":1500,"height":1000,"url":"https:\/\/anhydra.com\/wp-content\/uploads\/2025\/09\/ANHYDRA-Dehydrated-pear-slices.jpg","type":"image\/jpeg"}],"twitter_card":"summary_large_image","twitter_misc":{"Dur\u00e9e de lecture estim\u00e9e":"1 minute"},"schema":{"@context":"https:\/\/schema.org","@graph":[{"@type":"WebPage","@id":"https:\/\/anhydra.com\/fr\/produit\/poire-deshydratee-en-tranches\/","url":"https:\/\/anhydra.com\/fr\/produit\/poire-deshydratee-en-tranches\/","name":"Poire d\u00e9shydrat\u00e9e en tranches - ANHYDRA","isPartOf":{"@id":"https:\/\/anhydra.com\/fr\/#website"},"primaryImageOfPage":{"@id":"https:\/\/anhydra.com\/fr\/produit\/poire-deshydratee-en-tranches\/#primaryimage"},"image":{"@id":"https:\/\/anhydra.com\/fr\/produit\/poire-deshydratee-en-tranches\/#primaryimage"},"thumbnailUrl":"https:\/\/anhydra.com\/wp-content\/uploads\/2025\/09\/Dehydrated-pear-slices.jpg","datePublished":"2025-09-04T18:46:50+00:00","dateModified":"2025-12-08T20:20:26+00:00","description":"D\u00e9couvrez nos tranches de poire d\u00e9shydrat\u00e9e, sans sucre ajout\u00e9 ni agent de conservation. Parfaites pour garnir cocktails, desserts et chocolats.","breadcrumb":{"@id":"https:\/\/anhydra.com\/fr\/produit\/poire-deshydratee-en-tranches\/#breadcrumb"},"inLanguage":"fr-FR","potentialAction":[{"@type":"ReadAction","target":["https:\/\/anhydra.com\/fr\/produit\/poire-deshydratee-en-tranches\/"]}]},{"@type":"ImageObject","inLanguage":"fr-FR","@id":"https:\/\/anhydra.com\/fr\/produit\/poire-deshydratee-en-tranches\/#primaryimage","url":"https:\/\/anhydra.com\/wp-content\/uploads\/2025\/09\/Dehydrated-pear-slices.jpg","contentUrl":"https:\/\/anhydra.com\/wp-content\/uploads\/2025\/09\/Dehydrated-pear-slices.jpg","width":1500,"height":1000},{"@type":"BreadcrumbList","@id":"https:\/\/anhydra.com\/fr\/produit\/poire-deshydratee-en-tranches\/#breadcrumb","itemListElement":[{"@type":"ListItem","position":1,"name":"Home","item":"https:\/\/anhydra.com\/fr\/"},{"@type":"ListItem","position":2,"name":"La Boutique ANHYDRA","item":"https:\/\/anhydra.com\/fr\/boutique\/"},{"@type":"ListItem","position":3,"name":"Poire d\u00e9shydrat\u00e9e en tranches"}]},{"@type":"WebSite","@id":"https:\/\/anhydra.com\/fr\/#website","url":"https:\/\/anhydra.com\/fr\/","name":"ANHYDRA","description":"","potentialAction":[{"@type":"SearchAction","target":{"@type":"EntryPoint","urlTemplate":"https:\/\/anhydra.com\/fr\/?s={search_term_string}"},"query-input":{"@type":"PropertyValueSpecification","valueRequired":true,"valueName":"search_term_string"}}],"inLanguage":"fr-FR"}]}},"_links":{"self":[{"href":"https:\/\/anhydra.com\/fr\/wp-json\/wp\/v2\/product\/288728","targetHints":{"allow":["GET"]}}],"collection":[{"href":"https:\/\/anhydra.com\/fr\/wp-json\/wp\/v2\/product"}],"about":[{"href":"https:\/\/anhydra.com\/fr\/wp-json\/wp\/v2\/types\/product"}],"wp:featuredmedia":[{"embeddable":true,"href":"https:\/\/anhydra.com\/fr\/wp-json\/wp\/v2\/media\/288724"}],"wp:attachment":[{"href":"https:\/\/anhydra.com\/fr\/wp-json\/wp\/v2\/media?parent=288728"}],"wp:term":[{"taxonomy":"product_brand","embeddable":true,"href":"https:\/\/anhydra.com\/fr\/wp-json\/wp\/v2\/product_brand?post=288728"},{"taxonomy":"product_cat","embeddable":true,"href":"https:\/\/anhydra.com\/fr\/wp-json\/wp\/v2\/product_cat?post=288728"},{"taxonomy":"product_tag","embeddable":true,"href":"https:\/\/anhydra.com\/fr\/wp-json\/wp\/v2\/product_tag?post=288728"}],"curies":[{"name":"wp","href":"https:\/\/api.w.org\/{rel}","templated":true}]}}