{"id":285975,"date":"2024-03-29T09:32:44","date_gmt":"2024-03-29T13:32:44","guid":{"rendered":"https:\/\/anhydra.com\/?post_type=product&#038;p=285975"},"modified":"2026-04-14T17:30:32","modified_gmt":"2026-04-14T21:30:32","slug":"pomme-deshydratee-en-rondelles","status":"publish","type":"product","link":"https:\/\/anhydra.com\/fr\/produit\/pomme-deshydratee-en-rondelles\/","title":{"rendered":"Pomme d\u00e9shydrat\u00e9e en rondelles"},"content":{"rendered":"<p>Pomme d\u00e9shydrat\u00e9e en rondelles, sans aucun ajout d\u2019ingr\u00e9dient. La coupe parfaite pour une garniture de cocktail originale ou une d\u00e9coration de dessert ou de p\u00e2tisserie savoureuse. Les rondelles de pommes d\u00e9shydrat\u00e9es offrent une nuance de saveurs subtiles qui cr\u00e9e un \u00e9quilibre remarquable entre douceur et acidit\u00e9.<\/p>\n","protected":false},"excerpt":{"rendered":"<p><strong>Ingr\u00e9dients :<\/strong>\u00a0Pommes<br \/>\n<strong>Coupe :<\/strong>\u00a0Rondelles; 3,5 \u00e0 7,5 cm de diam\u00e8tre<br \/>\n<strong>Humidit\u00e9 :<\/strong>\u00a0\u2264 12%<br \/>\n<strong>Activit\u00e9 de l&rsquo;eau :<\/strong>\u00a0\u2264 0,650<br \/>\n<strong>Dur\u00e9e de vie \/ Conditions d&rsquo;entreposage :<\/strong>\u00a0Trois (3) ans lorsque le produit est entrepos\u00e9 dans un endroit frais et sec<\/p>\n<p style=\"padding-top:5px;\"><a class=\"btn_shop\" href=\"\/fr\/fruits-deshydrates\/pommes-deshydratees\/\">Informations g\u00e9n\u00e9rales sur la pomme d\u00e9shydrat\u00e9e<\/a><\/p>\n","protected":false},"featured_media":286009,"menu_order":0,"template":"","meta":{"_et_pb_use_builder":"","_et_pb_old_content":"","_et_gb_content_width":""},"product_brand":[],"product_cat":[31,336,32],"product_tag":[308,265,269],"class_list":{"0":"post-285975","1":"product","2":"type-product","3":"status-publish","4":"has-post-thumbnail","6":"product_cat-fruits-deshydrates","7":"product_cat-garnitures-cocktails","8":"product_cat-pommes","9":"product_tag-creation-de-chocolats","10":"product_tag-garnitures-cocktails","11":"product_tag-thes-tisanes","13":"first","14":"instock","15":"shipping-taxable","16":"purchasable","17":"product-type-variable"},"yoast_head":"<!-- This site is optimized with the Yoast SEO plugin v27.3 - https:\/\/yoast.com\/product\/yoast-seo-wordpress\/ -->\n<title>Pomme d\u00e9shydrat\u00e9e en rondelles | Boutique ANHYDRA<\/title>\n<meta name=\"description\" content=\"Pomme d\u00e9shydrat\u00e9e en rondelles, sans aucun additif alimentaire, parfaite pour la d\u00e9coration de cocktails et de desserts. Essayez-les!\" \/>\n<meta name=\"robots\" content=\"index, follow, max-snippet:-1, max-image-preview:large, max-video-preview:-1\" \/>\n<link rel=\"canonical\" href=\"https:\/\/anhydra.com\/fr\/produit\/pomme-deshydratee-en-rondelles\/\" \/>\n<meta property=\"og:locale\" content=\"fr_FR\" \/>\n<meta property=\"og:type\" content=\"article\" \/>\n<meta property=\"og:title\" content=\"Pomme d\u00e9shydrat\u00e9e en rondelles | Boutique ANHYDRA\" \/>\n<meta property=\"og:description\" content=\"Pomme d\u00e9shydrat\u00e9e en rondelles, sans aucun additif alimentaire, parfaite pour la d\u00e9coration de cocktails et de desserts. Essayez-les!\" \/>\n<meta property=\"og:url\" content=\"https:\/\/anhydra.com\/fr\/produit\/pomme-deshydratee-en-rondelles\/\" \/>\n<meta property=\"og:site_name\" content=\"ANHYDRA\" \/>\n<meta property=\"article:modified_time\" content=\"2026-04-14T21:30:32+00:00\" \/>\n<meta property=\"og:image\" content=\"https:\/\/anhydra.com\/wp-content\/uploads\/2024\/03\/AppleSlices-ProductImg.jpg\" \/>\n\t<meta property=\"og:image:width\" content=\"1500\" \/>\n\t<meta property=\"og:image:height\" content=\"1000\" \/>\n\t<meta property=\"og:image:type\" content=\"image\/jpeg\" \/>\n<meta name=\"twitter:card\" content=\"summary_large_image\" \/>\n<meta name=\"twitter:label1\" content=\"Dur\u00e9e de lecture estim\u00e9e\" \/>\n\t<meta name=\"twitter:data1\" content=\"1 minute\" \/>\n<script type=\"application\/ld+json\" class=\"yoast-schema-graph\">{\"@context\":\"https:\\\/\\\/schema.org\",\"@graph\":[{\"@type\":\"WebPage\",\"@id\":\"https:\\\/\\\/anhydra.com\\\/fr\\\/produit\\\/pomme-deshydratee-en-rondelles\\\/\",\"url\":\"https:\\\/\\\/anhydra.com\\\/fr\\\/produit\\\/pomme-deshydratee-en-rondelles\\\/\",\"name\":\"Pomme d\u00e9shydrat\u00e9e en rondelles | Boutique ANHYDRA\",\"isPartOf\":{\"@id\":\"https:\\\/\\\/anhydra.com\\\/fr\\\/#website\"},\"primaryImageOfPage\":{\"@id\":\"https:\\\/\\\/anhydra.com\\\/fr\\\/produit\\\/pomme-deshydratee-en-rondelles\\\/#primaryimage\"},\"image\":{\"@id\":\"https:\\\/\\\/anhydra.com\\\/fr\\\/produit\\\/pomme-deshydratee-en-rondelles\\\/#primaryimage\"},\"thumbnailUrl\":\"https:\\\/\\\/anhydra.com\\\/wp-content\\\/uploads\\\/2024\\\/03\\\/AppleSlices-ProductImg.jpg\",\"datePublished\":\"2024-03-29T13:32:44+00:00\",\"dateModified\":\"2026-04-14T21:30:32+00:00\",\"description\":\"Pomme d\u00e9shydrat\u00e9e en rondelles, sans aucun additif alimentaire, parfaite pour la d\u00e9coration de cocktails et de desserts. Essayez-les!\",\"breadcrumb\":{\"@id\":\"https:\\\/\\\/anhydra.com\\\/fr\\\/produit\\\/pomme-deshydratee-en-rondelles\\\/#breadcrumb\"},\"inLanguage\":\"fr-FR\",\"potentialAction\":[{\"@type\":\"ReadAction\",\"target\":[\"https:\\\/\\\/anhydra.com\\\/fr\\\/produit\\\/pomme-deshydratee-en-rondelles\\\/\"]}]},{\"@type\":\"ImageObject\",\"inLanguage\":\"fr-FR\",\"@id\":\"https:\\\/\\\/anhydra.com\\\/fr\\\/produit\\\/pomme-deshydratee-en-rondelles\\\/#primaryimage\",\"url\":\"https:\\\/\\\/anhydra.com\\\/wp-content\\\/uploads\\\/2024\\\/03\\\/AppleSlices-ProductImg.jpg\",\"contentUrl\":\"https:\\\/\\\/anhydra.com\\\/wp-content\\\/uploads\\\/2024\\\/03\\\/AppleSlices-ProductImg.jpg\",\"width\":1500,\"height\":1000},{\"@type\":\"BreadcrumbList\",\"@id\":\"https:\\\/\\\/anhydra.com\\\/fr\\\/produit\\\/pomme-deshydratee-en-rondelles\\\/#breadcrumb\",\"itemListElement\":[{\"@type\":\"ListItem\",\"position\":1,\"name\":\"Home\",\"item\":\"https:\\\/\\\/anhydra.com\\\/fr\\\/\"},{\"@type\":\"ListItem\",\"position\":2,\"name\":\"La Boutique ANHYDRA\",\"item\":\"https:\\\/\\\/anhydra.com\\\/fr\\\/boutique\\\/\"},{\"@type\":\"ListItem\",\"position\":3,\"name\":\"Pomme d\u00e9shydrat\u00e9e en rondelles\"}]},{\"@type\":\"WebSite\",\"@id\":\"https:\\\/\\\/anhydra.com\\\/fr\\\/#website\",\"url\":\"https:\\\/\\\/anhydra.com\\\/fr\\\/\",\"name\":\"ANHYDRA\",\"description\":\"\",\"potentialAction\":[{\"@type\":\"SearchAction\",\"target\":{\"@type\":\"EntryPoint\",\"urlTemplate\":\"https:\\\/\\\/anhydra.com\\\/fr\\\/?s={search_term_string}\"},\"query-input\":{\"@type\":\"PropertyValueSpecification\",\"valueRequired\":true,\"valueName\":\"search_term_string\"}}],\"inLanguage\":\"fr-FR\"}]}<\/script>\n<!-- \/ Yoast SEO plugin. -->","yoast_head_json":{"title":"Pomme d\u00e9shydrat\u00e9e en rondelles | Boutique ANHYDRA","description":"Pomme d\u00e9shydrat\u00e9e en rondelles, sans aucun additif alimentaire, parfaite pour la d\u00e9coration de cocktails et de desserts. Essayez-les!","robots":{"index":"index","follow":"follow","max-snippet":"max-snippet:-1","max-image-preview":"max-image-preview:large","max-video-preview":"max-video-preview:-1"},"canonical":"https:\/\/anhydra.com\/fr\/produit\/pomme-deshydratee-en-rondelles\/","og_locale":"fr_FR","og_type":"article","og_title":"Pomme d\u00e9shydrat\u00e9e en rondelles | Boutique ANHYDRA","og_description":"Pomme d\u00e9shydrat\u00e9e en rondelles, sans aucun additif alimentaire, parfaite pour la d\u00e9coration de cocktails et de desserts. Essayez-les!","og_url":"https:\/\/anhydra.com\/fr\/produit\/pomme-deshydratee-en-rondelles\/","og_site_name":"ANHYDRA","article_modified_time":"2026-04-14T21:30:32+00:00","og_image":[{"width":1500,"height":1000,"url":"https:\/\/anhydra.com\/wp-content\/uploads\/2024\/03\/AppleSlices-ProductImg.jpg","type":"image\/jpeg"}],"twitter_card":"summary_large_image","twitter_misc":{"Dur\u00e9e de lecture estim\u00e9e":"1 minute"},"schema":{"@context":"https:\/\/schema.org","@graph":[{"@type":"WebPage","@id":"https:\/\/anhydra.com\/fr\/produit\/pomme-deshydratee-en-rondelles\/","url":"https:\/\/anhydra.com\/fr\/produit\/pomme-deshydratee-en-rondelles\/","name":"Pomme d\u00e9shydrat\u00e9e en rondelles | Boutique ANHYDRA","isPartOf":{"@id":"https:\/\/anhydra.com\/fr\/#website"},"primaryImageOfPage":{"@id":"https:\/\/anhydra.com\/fr\/produit\/pomme-deshydratee-en-rondelles\/#primaryimage"},"image":{"@id":"https:\/\/anhydra.com\/fr\/produit\/pomme-deshydratee-en-rondelles\/#primaryimage"},"thumbnailUrl":"https:\/\/anhydra.com\/wp-content\/uploads\/2024\/03\/AppleSlices-ProductImg.jpg","datePublished":"2024-03-29T13:32:44+00:00","dateModified":"2026-04-14T21:30:32+00:00","description":"Pomme d\u00e9shydrat\u00e9e en rondelles, sans aucun additif alimentaire, parfaite pour la d\u00e9coration de cocktails et de desserts. Essayez-les!","breadcrumb":{"@id":"https:\/\/anhydra.com\/fr\/produit\/pomme-deshydratee-en-rondelles\/#breadcrumb"},"inLanguage":"fr-FR","potentialAction":[{"@type":"ReadAction","target":["https:\/\/anhydra.com\/fr\/produit\/pomme-deshydratee-en-rondelles\/"]}]},{"@type":"ImageObject","inLanguage":"fr-FR","@id":"https:\/\/anhydra.com\/fr\/produit\/pomme-deshydratee-en-rondelles\/#primaryimage","url":"https:\/\/anhydra.com\/wp-content\/uploads\/2024\/03\/AppleSlices-ProductImg.jpg","contentUrl":"https:\/\/anhydra.com\/wp-content\/uploads\/2024\/03\/AppleSlices-ProductImg.jpg","width":1500,"height":1000},{"@type":"BreadcrumbList","@id":"https:\/\/anhydra.com\/fr\/produit\/pomme-deshydratee-en-rondelles\/#breadcrumb","itemListElement":[{"@type":"ListItem","position":1,"name":"Home","item":"https:\/\/anhydra.com\/fr\/"},{"@type":"ListItem","position":2,"name":"La Boutique ANHYDRA","item":"https:\/\/anhydra.com\/fr\/boutique\/"},{"@type":"ListItem","position":3,"name":"Pomme d\u00e9shydrat\u00e9e en rondelles"}]},{"@type":"WebSite","@id":"https:\/\/anhydra.com\/fr\/#website","url":"https:\/\/anhydra.com\/fr\/","name":"ANHYDRA","description":"","potentialAction":[{"@type":"SearchAction","target":{"@type":"EntryPoint","urlTemplate":"https:\/\/anhydra.com\/fr\/?s={search_term_string}"},"query-input":{"@type":"PropertyValueSpecification","valueRequired":true,"valueName":"search_term_string"}}],"inLanguage":"fr-FR"}]}},"_links":{"self":[{"href":"https:\/\/anhydra.com\/fr\/wp-json\/wp\/v2\/product\/285975","targetHints":{"allow":["GET"]}}],"collection":[{"href":"https:\/\/anhydra.com\/fr\/wp-json\/wp\/v2\/product"}],"about":[{"href":"https:\/\/anhydra.com\/fr\/wp-json\/wp\/v2\/types\/product"}],"wp:featuredmedia":[{"embeddable":true,"href":"https:\/\/anhydra.com\/fr\/wp-json\/wp\/v2\/media\/286009"}],"wp:attachment":[{"href":"https:\/\/anhydra.com\/fr\/wp-json\/wp\/v2\/media?parent=285975"}],"wp:term":[{"taxonomy":"product_brand","embeddable":true,"href":"https:\/\/anhydra.com\/fr\/wp-json\/wp\/v2\/product_brand?post=285975"},{"taxonomy":"product_cat","embeddable":true,"href":"https:\/\/anhydra.com\/fr\/wp-json\/wp\/v2\/product_cat?post=285975"},{"taxonomy":"product_tag","embeddable":true,"href":"https:\/\/anhydra.com\/fr\/wp-json\/wp\/v2\/product_tag?post=285975"}],"curies":[{"name":"wp","href":"https:\/\/api.w.org\/{rel}","templated":true}]}}