{"id":285825,"date":"2024-03-28T14:46:45","date_gmt":"2024-03-28T18:46:45","guid":{"rendered":"https:\/\/anhydra.com\/?post_type=product&#038;p=285825"},"modified":"2026-01-09T10:59:32","modified_gmt":"2026-01-09T15:59:32","slug":"fruit-du-dragon-deshydrate-en-rondelles","status":"publish","type":"product","link":"https:\/\/anhydra.com\/fr\/produit\/fruit-du-dragon-deshydrate-en-rondelles\/","title":{"rendered":"Fruit du dragon d\u00e9shydrat\u00e9 en rondelles"},"content":{"rendered":"<p>Fruit du dragon d\u00e9shydrat\u00e9 en rondelles par un processus de d\u00e9shydratation naturelle qui \u00e9limine l\u2019eau en douceur. Les rondelles de fruit du dragon d\u00e9shydrat\u00e9 d\u00e9corent \u00e0 merveille tous vos cocktails.<\/p>\n","protected":false},"excerpt":{"rendered":"<p><strong>Ingr\u00e9dients :<\/strong> Fruit du dragon (pitaya)<br \/>\n<strong>Coupe :<\/strong> Rondelles; 3,5 \u00e0 8,5 cm de diam\u00e8tre<br \/>\n<strong>Humidit\u00e9 :<\/strong> \u2264 12%<br \/>\n<strong>Activit\u00e9 de l&rsquo;eau :<\/strong> \u2264 0,650<br \/>\n<strong>Dur\u00e9e de vie \/ Conditions d&rsquo;entreposage :<\/strong> Trois (3) ans lorsque le produit est entrepos\u00e9 dans un endroit frais et sec<\/p>\n<p style=\"padding-top:5px;\"><a class=\"btn_shop\" href=\"\/fr\/fruits-deshydrates\/fruits-dragon-deshydrates\/\">Informations g\u00e9n\u00e9rales sur le fruit du dragon d\u00e9shydrat\u00e9 (Pitaya)<\/a><\/p>\n","protected":false},"featured_media":288721,"menu_order":0,"template":"","meta":{"_et_pb_use_builder":"","_et_pb_old_content":"","_et_gb_content_width":""},"product_brand":[],"product_cat":[133,31,336],"product_tag":[308,265],"class_list":{"0":"post-285825","1":"product","2":"type-product","3":"status-publish","4":"has-post-thumbnail","6":"product_cat-fruit-du-dragon-pitaya","7":"product_cat-fruits-deshydrates","8":"product_cat-garnitures-cocktails","9":"product_tag-creation-de-chocolats","10":"product_tag-garnitures-cocktails","12":"first","13":"instock","14":"shipping-taxable","15":"purchasable","16":"product-type-variable"},"yoast_head":"<!-- This site is optimized with the Yoast SEO plugin v27.3 - https:\/\/yoast.com\/product\/yoast-seo-wordpress\/ -->\n<title>Fruit du dragon d\u00e9shydrat\u00e9 en rondelles | Boutique ANHYDRA<\/title>\n<meta name=\"description\" content=\"Fruit du dragon d\u00e9shydrat\u00e9 en rondelles, sans aucun additif alimentaire. Tr\u00e8s populaires dans la pr\u00e9paration de cocktails et de desserts.\" \/>\n<meta name=\"robots\" content=\"index, follow, max-snippet:-1, max-image-preview:large, max-video-preview:-1\" \/>\n<link rel=\"canonical\" href=\"https:\/\/anhydra.com\/fr\/produit\/fruit-du-dragon-deshydrate-en-rondelles\/\" \/>\n<meta property=\"og:locale\" content=\"fr_FR\" \/>\n<meta property=\"og:type\" content=\"article\" \/>\n<meta property=\"og:title\" content=\"Fruit du dragon d\u00e9shydrat\u00e9 en rondelles | Boutique ANHYDRA\" \/>\n<meta property=\"og:description\" content=\"Fruit du dragon d\u00e9shydrat\u00e9 en rondelles, sans aucun additif alimentaire. Tr\u00e8s populaires dans la pr\u00e9paration de cocktails et de desserts.\" \/>\n<meta property=\"og:url\" content=\"https:\/\/anhydra.com\/fr\/produit\/fruit-du-dragon-deshydrate-en-rondelles\/\" \/>\n<meta property=\"og:site_name\" content=\"ANHYDRA\" \/>\n<meta property=\"article:modified_time\" content=\"2026-01-09T15:59:32+00:00\" \/>\n<meta property=\"og:image\" content=\"https:\/\/anhydra.com\/wp-content\/uploads\/2025\/09\/Dehydrated-Dragon-Fruit.jpg\" \/>\n\t<meta property=\"og:image:width\" content=\"1500\" \/>\n\t<meta property=\"og:image:height\" content=\"1000\" \/>\n\t<meta property=\"og:image:type\" content=\"image\/jpeg\" \/>\n<meta name=\"twitter:card\" content=\"summary_large_image\" \/>\n<meta name=\"twitter:label1\" content=\"Dur\u00e9e de lecture estim\u00e9e\" \/>\n\t<meta name=\"twitter:data1\" content=\"1 minute\" \/>\n<script type=\"application\/ld+json\" class=\"yoast-schema-graph\">{\"@context\":\"https:\\\/\\\/schema.org\",\"@graph\":[{\"@type\":\"WebPage\",\"@id\":\"https:\\\/\\\/anhydra.com\\\/fr\\\/produit\\\/fruit-du-dragon-deshydrate-en-rondelles\\\/\",\"url\":\"https:\\\/\\\/anhydra.com\\\/fr\\\/produit\\\/fruit-du-dragon-deshydrate-en-rondelles\\\/\",\"name\":\"Fruit du dragon d\u00e9shydrat\u00e9 en rondelles | Boutique ANHYDRA\",\"isPartOf\":{\"@id\":\"https:\\\/\\\/anhydra.com\\\/fr\\\/#website\"},\"primaryImageOfPage\":{\"@id\":\"https:\\\/\\\/anhydra.com\\\/fr\\\/produit\\\/fruit-du-dragon-deshydrate-en-rondelles\\\/#primaryimage\"},\"image\":{\"@id\":\"https:\\\/\\\/anhydra.com\\\/fr\\\/produit\\\/fruit-du-dragon-deshydrate-en-rondelles\\\/#primaryimage\"},\"thumbnailUrl\":\"https:\\\/\\\/anhydra.com\\\/wp-content\\\/uploads\\\/2025\\\/09\\\/Dehydrated-Dragon-Fruit.jpg\",\"datePublished\":\"2024-03-28T18:46:45+00:00\",\"dateModified\":\"2026-01-09T15:59:32+00:00\",\"description\":\"Fruit du dragon d\u00e9shydrat\u00e9 en rondelles, sans aucun additif alimentaire. Tr\u00e8s populaires dans la pr\u00e9paration de cocktails et de desserts.\",\"breadcrumb\":{\"@id\":\"https:\\\/\\\/anhydra.com\\\/fr\\\/produit\\\/fruit-du-dragon-deshydrate-en-rondelles\\\/#breadcrumb\"},\"inLanguage\":\"fr-FR\",\"potentialAction\":[{\"@type\":\"ReadAction\",\"target\":[\"https:\\\/\\\/anhydra.com\\\/fr\\\/produit\\\/fruit-du-dragon-deshydrate-en-rondelles\\\/\"]}]},{\"@type\":\"ImageObject\",\"inLanguage\":\"fr-FR\",\"@id\":\"https:\\\/\\\/anhydra.com\\\/fr\\\/produit\\\/fruit-du-dragon-deshydrate-en-rondelles\\\/#primaryimage\",\"url\":\"https:\\\/\\\/anhydra.com\\\/wp-content\\\/uploads\\\/2025\\\/09\\\/Dehydrated-Dragon-Fruit.jpg\",\"contentUrl\":\"https:\\\/\\\/anhydra.com\\\/wp-content\\\/uploads\\\/2025\\\/09\\\/Dehydrated-Dragon-Fruit.jpg\",\"width\":1500,\"height\":1000},{\"@type\":\"BreadcrumbList\",\"@id\":\"https:\\\/\\\/anhydra.com\\\/fr\\\/produit\\\/fruit-du-dragon-deshydrate-en-rondelles\\\/#breadcrumb\",\"itemListElement\":[{\"@type\":\"ListItem\",\"position\":1,\"name\":\"Home\",\"item\":\"https:\\\/\\\/anhydra.com\\\/fr\\\/\"},{\"@type\":\"ListItem\",\"position\":2,\"name\":\"La Boutique ANHYDRA\",\"item\":\"https:\\\/\\\/anhydra.com\\\/fr\\\/boutique\\\/\"},{\"@type\":\"ListItem\",\"position\":3,\"name\":\"Fruit du dragon d\u00e9shydrat\u00e9 en rondelles\"}]},{\"@type\":\"WebSite\",\"@id\":\"https:\\\/\\\/anhydra.com\\\/fr\\\/#website\",\"url\":\"https:\\\/\\\/anhydra.com\\\/fr\\\/\",\"name\":\"ANHYDRA\",\"description\":\"\",\"potentialAction\":[{\"@type\":\"SearchAction\",\"target\":{\"@type\":\"EntryPoint\",\"urlTemplate\":\"https:\\\/\\\/anhydra.com\\\/fr\\\/?s={search_term_string}\"},\"query-input\":{\"@type\":\"PropertyValueSpecification\",\"valueRequired\":true,\"valueName\":\"search_term_string\"}}],\"inLanguage\":\"fr-FR\"}]}<\/script>\n<!-- \/ Yoast SEO plugin. -->","yoast_head_json":{"title":"Fruit du dragon d\u00e9shydrat\u00e9 en rondelles | Boutique ANHYDRA","description":"Fruit du dragon d\u00e9shydrat\u00e9 en rondelles, sans aucun additif alimentaire. Tr\u00e8s populaires dans la pr\u00e9paration de cocktails et de desserts.","robots":{"index":"index","follow":"follow","max-snippet":"max-snippet:-1","max-image-preview":"max-image-preview:large","max-video-preview":"max-video-preview:-1"},"canonical":"https:\/\/anhydra.com\/fr\/produit\/fruit-du-dragon-deshydrate-en-rondelles\/","og_locale":"fr_FR","og_type":"article","og_title":"Fruit du dragon d\u00e9shydrat\u00e9 en rondelles | Boutique ANHYDRA","og_description":"Fruit du dragon d\u00e9shydrat\u00e9 en rondelles, sans aucun additif alimentaire. Tr\u00e8s populaires dans la pr\u00e9paration de cocktails et de desserts.","og_url":"https:\/\/anhydra.com\/fr\/produit\/fruit-du-dragon-deshydrate-en-rondelles\/","og_site_name":"ANHYDRA","article_modified_time":"2026-01-09T15:59:32+00:00","og_image":[{"width":1500,"height":1000,"url":"https:\/\/anhydra.com\/wp-content\/uploads\/2025\/09\/Dehydrated-Dragon-Fruit.jpg","type":"image\/jpeg"}],"twitter_card":"summary_large_image","twitter_misc":{"Dur\u00e9e de lecture estim\u00e9e":"1 minute"},"schema":{"@context":"https:\/\/schema.org","@graph":[{"@type":"WebPage","@id":"https:\/\/anhydra.com\/fr\/produit\/fruit-du-dragon-deshydrate-en-rondelles\/","url":"https:\/\/anhydra.com\/fr\/produit\/fruit-du-dragon-deshydrate-en-rondelles\/","name":"Fruit du dragon d\u00e9shydrat\u00e9 en rondelles | Boutique ANHYDRA","isPartOf":{"@id":"https:\/\/anhydra.com\/fr\/#website"},"primaryImageOfPage":{"@id":"https:\/\/anhydra.com\/fr\/produit\/fruit-du-dragon-deshydrate-en-rondelles\/#primaryimage"},"image":{"@id":"https:\/\/anhydra.com\/fr\/produit\/fruit-du-dragon-deshydrate-en-rondelles\/#primaryimage"},"thumbnailUrl":"https:\/\/anhydra.com\/wp-content\/uploads\/2025\/09\/Dehydrated-Dragon-Fruit.jpg","datePublished":"2024-03-28T18:46:45+00:00","dateModified":"2026-01-09T15:59:32+00:00","description":"Fruit du dragon d\u00e9shydrat\u00e9 en rondelles, sans aucun additif alimentaire. Tr\u00e8s populaires dans la pr\u00e9paration de cocktails et de desserts.","breadcrumb":{"@id":"https:\/\/anhydra.com\/fr\/produit\/fruit-du-dragon-deshydrate-en-rondelles\/#breadcrumb"},"inLanguage":"fr-FR","potentialAction":[{"@type":"ReadAction","target":["https:\/\/anhydra.com\/fr\/produit\/fruit-du-dragon-deshydrate-en-rondelles\/"]}]},{"@type":"ImageObject","inLanguage":"fr-FR","@id":"https:\/\/anhydra.com\/fr\/produit\/fruit-du-dragon-deshydrate-en-rondelles\/#primaryimage","url":"https:\/\/anhydra.com\/wp-content\/uploads\/2025\/09\/Dehydrated-Dragon-Fruit.jpg","contentUrl":"https:\/\/anhydra.com\/wp-content\/uploads\/2025\/09\/Dehydrated-Dragon-Fruit.jpg","width":1500,"height":1000},{"@type":"BreadcrumbList","@id":"https:\/\/anhydra.com\/fr\/produit\/fruit-du-dragon-deshydrate-en-rondelles\/#breadcrumb","itemListElement":[{"@type":"ListItem","position":1,"name":"Home","item":"https:\/\/anhydra.com\/fr\/"},{"@type":"ListItem","position":2,"name":"La Boutique ANHYDRA","item":"https:\/\/anhydra.com\/fr\/boutique\/"},{"@type":"ListItem","position":3,"name":"Fruit du dragon d\u00e9shydrat\u00e9 en rondelles"}]},{"@type":"WebSite","@id":"https:\/\/anhydra.com\/fr\/#website","url":"https:\/\/anhydra.com\/fr\/","name":"ANHYDRA","description":"","potentialAction":[{"@type":"SearchAction","target":{"@type":"EntryPoint","urlTemplate":"https:\/\/anhydra.com\/fr\/?s={search_term_string}"},"query-input":{"@type":"PropertyValueSpecification","valueRequired":true,"valueName":"search_term_string"}}],"inLanguage":"fr-FR"}]}},"_links":{"self":[{"href":"https:\/\/anhydra.com\/fr\/wp-json\/wp\/v2\/product\/285825","targetHints":{"allow":["GET"]}}],"collection":[{"href":"https:\/\/anhydra.com\/fr\/wp-json\/wp\/v2\/product"}],"about":[{"href":"https:\/\/anhydra.com\/fr\/wp-json\/wp\/v2\/types\/product"}],"wp:featuredmedia":[{"embeddable":true,"href":"https:\/\/anhydra.com\/fr\/wp-json\/wp\/v2\/media\/288721"}],"wp:attachment":[{"href":"https:\/\/anhydra.com\/fr\/wp-json\/wp\/v2\/media?parent=285825"}],"wp:term":[{"taxonomy":"product_brand","embeddable":true,"href":"https:\/\/anhydra.com\/fr\/wp-json\/wp\/v2\/product_brand?post=285825"},{"taxonomy":"product_cat","embeddable":true,"href":"https:\/\/anhydra.com\/fr\/wp-json\/wp\/v2\/product_cat?post=285825"},{"taxonomy":"product_tag","embeddable":true,"href":"https:\/\/anhydra.com\/fr\/wp-json\/wp\/v2\/product_tag?post=285825"}],"curies":[{"name":"wp","href":"https:\/\/api.w.org\/{rel}","templated":true}]}}