{"id":285724,"date":"2024-03-28T09:11:24","date_gmt":"2024-03-28T13:11:24","guid":{"rendered":"https:\/\/anhydra.com\/?post_type=product&#038;p=285724"},"modified":"2026-04-22T15:02:37","modified_gmt":"2026-04-22T19:02:37","slug":"poudre-de-bleuets-sauvages-deshydrates","status":"publish","type":"product","link":"https:\/\/anhydra.com\/fr\/produit\/poudre-de-bleuets-sauvages-deshydrates\/","title":{"rendered":"Poudre de bleuets sauvages d\u00e9shydrat\u00e9s"},"content":{"rendered":"<p>Poudre de bleuets sauvages d\u00e9shydrat\u00e9s naturellement \u00e0 la couleur pourpre qui rehausse l\u2019aspect de tout ce qu\u2019elle touche! Saupoudr\u00e9e sur un dessert ou int\u00e9gr\u00e9e \u00e0 la fabrication d\u2019un produit, la poudre de bleuets sauvages d\u00e9shydrat\u00e9s offre une combinaison de saveurs douces et l\u00e9g\u00e8rement acidul\u00e9es dont tout le monde raffole.<\/p>\n","protected":false},"excerpt":{"rendered":"<p><strong>Ingr\u00e9dients :<\/strong>\u00a0Bleuets sauvages<br \/>\n<strong>Granulom\u00e9trie :<\/strong> 100% passe le 20 mesh<br \/>\n<strong>Humidit\u00e9 :<\/strong>\u00a0\u2264 12%<br \/>\n<strong>Activit\u00e9 de l&rsquo;eau :<\/strong>\u00a0\u2264 0,650<br \/>\n<strong>Dur\u00e9e de vie \/ Conditions d&rsquo;entreposage :<\/strong>\u00a0Trois (3) ans lorsque le produit est entrepos\u00e9 dans un endroit frais et sec<br \/>\n<strong>Certifications :<\/strong>\u00a0Certifi\u00e9 cach\u00e8re par MK<\/p>\n<p style=\"padding-top:5px;\"><a class=\"btn_shop\" href=\"\/fr\/fruits-deshydrates\/bleuets-sauvages-deshydrates\/\">Informations g\u00e9n\u00e9rales sur le bleuet sauvage d\u00e9shydrat\u00e9<\/a><\/p>\n","protected":false},"featured_media":285987,"menu_order":0,"template":"","meta":{"_et_pb_use_builder":"","_et_pb_old_content":"","_et_gb_content_width":""},"product_brand":[],"product_cat":[86,31],"product_tag":[308,267,303],"class_list":{"0":"post-285724","1":"product","2":"type-product","3":"status-publish","4":"has-post-thumbnail","6":"product_cat-bleuets","7":"product_cat-fruits-deshydrates","8":"product_tag-creation-de-chocolats","9":"product_tag-granola-cereales","10":"product_tag-poudres-de-fruit","12":"first","13":"instock","14":"shipping-taxable","15":"purchasable","16":"product-type-variable","17":"has-default-attributes"},"yoast_head":"<!-- This site is optimized with the Yoast SEO plugin v27.3 - https:\/\/yoast.com\/product\/yoast-seo-wordpress\/ -->\n<title>Poudre de bleuets sauvages d\u00e9shydrat\u00e9s | Boutique ANHYDRA<\/title>\n<meta name=\"description\" content=\"Poudre de bleuets sauvages d\u00e9shydrat\u00e9s \u00e0 saupoudrer sur vos d\u00e9licieuses cr\u00e9ations de desserts, de chocolats, de cocktails et plus encore!\" \/>\n<meta name=\"robots\" content=\"index, follow, max-snippet:-1, max-image-preview:large, max-video-preview:-1\" \/>\n<link rel=\"canonical\" href=\"https:\/\/anhydra.com\/fr\/produit\/poudre-de-bleuets-sauvages-deshydrates\/\" \/>\n<meta property=\"og:locale\" content=\"fr_FR\" \/>\n<meta property=\"og:type\" content=\"article\" \/>\n<meta property=\"og:title\" content=\"Poudre de bleuets sauvages d\u00e9shydrat\u00e9s | Boutique ANHYDRA\" \/>\n<meta property=\"og:description\" content=\"Poudre de bleuets sauvages d\u00e9shydrat\u00e9s \u00e0 saupoudrer sur vos d\u00e9licieuses cr\u00e9ations de desserts, de chocolats, de cocktails et plus encore!\" \/>\n<meta property=\"og:url\" content=\"https:\/\/anhydra.com\/fr\/produit\/poudre-de-bleuets-sauvages-deshydrates\/\" \/>\n<meta property=\"og:site_name\" content=\"ANHYDRA\" \/>\n<meta property=\"article:modified_time\" content=\"2026-04-22T19:02:37+00:00\" \/>\n<meta property=\"og:image\" content=\"https:\/\/anhydra.com\/wp-content\/uploads\/2024\/03\/Bleuets-Poudre-PageProduit.jpg\" \/>\n\t<meta property=\"og:image:width\" content=\"1500\" \/>\n\t<meta property=\"og:image:height\" content=\"1000\" \/>\n\t<meta property=\"og:image:type\" content=\"image\/jpeg\" \/>\n<meta name=\"twitter:card\" content=\"summary_large_image\" \/>\n<meta name=\"twitter:label1\" content=\"Dur\u00e9e de lecture estim\u00e9e\" \/>\n\t<meta name=\"twitter:data1\" content=\"1 minute\" \/>\n<script type=\"application\/ld+json\" class=\"yoast-schema-graph\">{\"@context\":\"https:\\\/\\\/schema.org\",\"@graph\":[{\"@type\":\"WebPage\",\"@id\":\"https:\\\/\\\/anhydra.com\\\/fr\\\/produit\\\/poudre-de-bleuets-sauvages-deshydrates\\\/\",\"url\":\"https:\\\/\\\/anhydra.com\\\/fr\\\/produit\\\/poudre-de-bleuets-sauvages-deshydrates\\\/\",\"name\":\"Poudre de bleuets sauvages d\u00e9shydrat\u00e9s | Boutique ANHYDRA\",\"isPartOf\":{\"@id\":\"https:\\\/\\\/anhydra.com\\\/fr\\\/#website\"},\"primaryImageOfPage\":{\"@id\":\"https:\\\/\\\/anhydra.com\\\/fr\\\/produit\\\/poudre-de-bleuets-sauvages-deshydrates\\\/#primaryimage\"},\"image\":{\"@id\":\"https:\\\/\\\/anhydra.com\\\/fr\\\/produit\\\/poudre-de-bleuets-sauvages-deshydrates\\\/#primaryimage\"},\"thumbnailUrl\":\"https:\\\/\\\/anhydra.com\\\/wp-content\\\/uploads\\\/2024\\\/03\\\/Bleuets-Poudre-PageProduit.jpg\",\"datePublished\":\"2024-03-28T13:11:24+00:00\",\"dateModified\":\"2026-04-22T19:02:37+00:00\",\"description\":\"Poudre de bleuets sauvages d\u00e9shydrat\u00e9s \u00e0 saupoudrer sur vos d\u00e9licieuses cr\u00e9ations de desserts, de chocolats, de cocktails et plus encore!\",\"breadcrumb\":{\"@id\":\"https:\\\/\\\/anhydra.com\\\/fr\\\/produit\\\/poudre-de-bleuets-sauvages-deshydrates\\\/#breadcrumb\"},\"inLanguage\":\"fr-FR\",\"potentialAction\":[{\"@type\":\"ReadAction\",\"target\":[\"https:\\\/\\\/anhydra.com\\\/fr\\\/produit\\\/poudre-de-bleuets-sauvages-deshydrates\\\/\"]}]},{\"@type\":\"ImageObject\",\"inLanguage\":\"fr-FR\",\"@id\":\"https:\\\/\\\/anhydra.com\\\/fr\\\/produit\\\/poudre-de-bleuets-sauvages-deshydrates\\\/#primaryimage\",\"url\":\"https:\\\/\\\/anhydra.com\\\/wp-content\\\/uploads\\\/2024\\\/03\\\/Bleuets-Poudre-PageProduit.jpg\",\"contentUrl\":\"https:\\\/\\\/anhydra.com\\\/wp-content\\\/uploads\\\/2024\\\/03\\\/Bleuets-Poudre-PageProduit.jpg\",\"width\":1500,\"height\":1000},{\"@type\":\"BreadcrumbList\",\"@id\":\"https:\\\/\\\/anhydra.com\\\/fr\\\/produit\\\/poudre-de-bleuets-sauvages-deshydrates\\\/#breadcrumb\",\"itemListElement\":[{\"@type\":\"ListItem\",\"position\":1,\"name\":\"Home\",\"item\":\"https:\\\/\\\/anhydra.com\\\/fr\\\/\"},{\"@type\":\"ListItem\",\"position\":2,\"name\":\"La Boutique ANHYDRA\",\"item\":\"https:\\\/\\\/anhydra.com\\\/fr\\\/boutique\\\/\"},{\"@type\":\"ListItem\",\"position\":3,\"name\":\"Poudre de bleuets sauvages d\u00e9shydrat\u00e9s\"}]},{\"@type\":\"WebSite\",\"@id\":\"https:\\\/\\\/anhydra.com\\\/fr\\\/#website\",\"url\":\"https:\\\/\\\/anhydra.com\\\/fr\\\/\",\"name\":\"ANHYDRA\",\"description\":\"\",\"potentialAction\":[{\"@type\":\"SearchAction\",\"target\":{\"@type\":\"EntryPoint\",\"urlTemplate\":\"https:\\\/\\\/anhydra.com\\\/fr\\\/?s={search_term_string}\"},\"query-input\":{\"@type\":\"PropertyValueSpecification\",\"valueRequired\":true,\"valueName\":\"search_term_string\"}}],\"inLanguage\":\"fr-FR\"}]}<\/script>\n<!-- \/ Yoast SEO plugin. -->","yoast_head_json":{"title":"Poudre de bleuets sauvages d\u00e9shydrat\u00e9s | Boutique ANHYDRA","description":"Poudre de bleuets sauvages d\u00e9shydrat\u00e9s \u00e0 saupoudrer sur vos d\u00e9licieuses cr\u00e9ations de desserts, de chocolats, de cocktails et plus encore!","robots":{"index":"index","follow":"follow","max-snippet":"max-snippet:-1","max-image-preview":"max-image-preview:large","max-video-preview":"max-video-preview:-1"},"canonical":"https:\/\/anhydra.com\/fr\/produit\/poudre-de-bleuets-sauvages-deshydrates\/","og_locale":"fr_FR","og_type":"article","og_title":"Poudre de bleuets sauvages d\u00e9shydrat\u00e9s | Boutique ANHYDRA","og_description":"Poudre de bleuets sauvages d\u00e9shydrat\u00e9s \u00e0 saupoudrer sur vos d\u00e9licieuses cr\u00e9ations de desserts, de chocolats, de cocktails et plus encore!","og_url":"https:\/\/anhydra.com\/fr\/produit\/poudre-de-bleuets-sauvages-deshydrates\/","og_site_name":"ANHYDRA","article_modified_time":"2026-04-22T19:02:37+00:00","og_image":[{"width":1500,"height":1000,"url":"https:\/\/anhydra.com\/wp-content\/uploads\/2024\/03\/Bleuets-Poudre-PageProduit.jpg","type":"image\/jpeg"}],"twitter_card":"summary_large_image","twitter_misc":{"Dur\u00e9e de lecture estim\u00e9e":"1 minute"},"schema":{"@context":"https:\/\/schema.org","@graph":[{"@type":"WebPage","@id":"https:\/\/anhydra.com\/fr\/produit\/poudre-de-bleuets-sauvages-deshydrates\/","url":"https:\/\/anhydra.com\/fr\/produit\/poudre-de-bleuets-sauvages-deshydrates\/","name":"Poudre de bleuets sauvages d\u00e9shydrat\u00e9s | Boutique ANHYDRA","isPartOf":{"@id":"https:\/\/anhydra.com\/fr\/#website"},"primaryImageOfPage":{"@id":"https:\/\/anhydra.com\/fr\/produit\/poudre-de-bleuets-sauvages-deshydrates\/#primaryimage"},"image":{"@id":"https:\/\/anhydra.com\/fr\/produit\/poudre-de-bleuets-sauvages-deshydrates\/#primaryimage"},"thumbnailUrl":"https:\/\/anhydra.com\/wp-content\/uploads\/2024\/03\/Bleuets-Poudre-PageProduit.jpg","datePublished":"2024-03-28T13:11:24+00:00","dateModified":"2026-04-22T19:02:37+00:00","description":"Poudre de bleuets sauvages d\u00e9shydrat\u00e9s \u00e0 saupoudrer sur vos d\u00e9licieuses cr\u00e9ations de desserts, de chocolats, de cocktails et plus encore!","breadcrumb":{"@id":"https:\/\/anhydra.com\/fr\/produit\/poudre-de-bleuets-sauvages-deshydrates\/#breadcrumb"},"inLanguage":"fr-FR","potentialAction":[{"@type":"ReadAction","target":["https:\/\/anhydra.com\/fr\/produit\/poudre-de-bleuets-sauvages-deshydrates\/"]}]},{"@type":"ImageObject","inLanguage":"fr-FR","@id":"https:\/\/anhydra.com\/fr\/produit\/poudre-de-bleuets-sauvages-deshydrates\/#primaryimage","url":"https:\/\/anhydra.com\/wp-content\/uploads\/2024\/03\/Bleuets-Poudre-PageProduit.jpg","contentUrl":"https:\/\/anhydra.com\/wp-content\/uploads\/2024\/03\/Bleuets-Poudre-PageProduit.jpg","width":1500,"height":1000},{"@type":"BreadcrumbList","@id":"https:\/\/anhydra.com\/fr\/produit\/poudre-de-bleuets-sauvages-deshydrates\/#breadcrumb","itemListElement":[{"@type":"ListItem","position":1,"name":"Home","item":"https:\/\/anhydra.com\/fr\/"},{"@type":"ListItem","position":2,"name":"La Boutique ANHYDRA","item":"https:\/\/anhydra.com\/fr\/boutique\/"},{"@type":"ListItem","position":3,"name":"Poudre de bleuets sauvages d\u00e9shydrat\u00e9s"}]},{"@type":"WebSite","@id":"https:\/\/anhydra.com\/fr\/#website","url":"https:\/\/anhydra.com\/fr\/","name":"ANHYDRA","description":"","potentialAction":[{"@type":"SearchAction","target":{"@type":"EntryPoint","urlTemplate":"https:\/\/anhydra.com\/fr\/?s={search_term_string}"},"query-input":{"@type":"PropertyValueSpecification","valueRequired":true,"valueName":"search_term_string"}}],"inLanguage":"fr-FR"}]}},"_links":{"self":[{"href":"https:\/\/anhydra.com\/fr\/wp-json\/wp\/v2\/product\/285724","targetHints":{"allow":["GET"]}}],"collection":[{"href":"https:\/\/anhydra.com\/fr\/wp-json\/wp\/v2\/product"}],"about":[{"href":"https:\/\/anhydra.com\/fr\/wp-json\/wp\/v2\/types\/product"}],"wp:featuredmedia":[{"embeddable":true,"href":"https:\/\/anhydra.com\/fr\/wp-json\/wp\/v2\/media\/285987"}],"wp:attachment":[{"href":"https:\/\/anhydra.com\/fr\/wp-json\/wp\/v2\/media?parent=285724"}],"wp:term":[{"taxonomy":"product_brand","embeddable":true,"href":"https:\/\/anhydra.com\/fr\/wp-json\/wp\/v2\/product_brand?post=285724"},{"taxonomy":"product_cat","embeddable":true,"href":"https:\/\/anhydra.com\/fr\/wp-json\/wp\/v2\/product_cat?post=285724"},{"taxonomy":"product_tag","embeddable":true,"href":"https:\/\/anhydra.com\/fr\/wp-json\/wp\/v2\/product_tag?post=285724"}],"curies":[{"name":"wp","href":"https:\/\/api.w.org\/{rel}","templated":true}]}}