{"id":285577,"date":"2024-03-26T16:26:44","date_gmt":"2024-03-26T20:26:44","guid":{"rendered":"https:\/\/anhydra.com\/?post_type=product&#038;p=285577"},"modified":"2026-04-22T14:58:59","modified_gmt":"2026-04-22T18:58:59","slug":"ananas-deshydrate-en-demi-tranches","status":"publish","type":"product","link":"https:\/\/anhydra.com\/fr\/produit\/ananas-deshydrate-en-demi-tranches\/","title":{"rendered":"Ananas d\u00e9shydrat\u00e9 en demi-tranches"},"content":{"rendered":"<p>Ananas d\u00e9shydrat\u00e9 en demi-tranches \u00e0 l\u2019aide d\u2019un proc\u00e9d\u00e9 de circulation d\u2019air chaud : une d\u00e9shydratation enti\u00e8rement naturelle qui ne requiert aucun ajout d\u2019ingr\u00e9dients. Les d\u00e9licieuses saveurs de l\u2019ananas sont parfaitement pr\u00e9serv\u00e9es dans chacune des demi-tranches d\u2019ananas d\u00e9shydrat\u00e9s au plus grand plaisir de nos papilles!<\/p>\n","protected":false},"excerpt":{"rendered":"<p><strong>Ingr\u00e9dients :<\/strong> Ananas<br \/>\n<strong>Coupe :<\/strong> Demi-tranches; 11 \u00e0 11,5 cm de diam\u00e8tre; largeur 6 cm<br \/>\n<strong>Humidit\u00e9 :<\/strong> \u2264 12%<br \/>\n<strong>Activit\u00e9 de l&rsquo;eau :<\/strong> \u2264 0,650<br \/>\n<strong>Dur\u00e9e de vie \/ Conditions d&rsquo;entreposage :<\/strong> Trois (3) ans lorsque le produit est entrepos\u00e9 dans un endroit frais et sec<\/p>\n<p style=\"padding-top: 5px;\"><a class=\"btn_shop\" href=\"\/fr\/fruits-deshydrates\/ananas-deshydrates\/\">Informations g\u00e9n\u00e9rales sur l&rsquo;ananas d\u00e9shydrat\u00e9<\/a><\/p>\n","protected":false},"featured_media":289101,"menu_order":0,"template":"","meta":{"_et_pb_use_builder":"","_et_pb_old_content":"","_et_gb_content_width":""},"product_brand":[],"product_cat":[98,31,336],"product_tag":[308,265],"class_list":{"0":"post-285577","1":"product","2":"type-product","3":"status-publish","4":"has-post-thumbnail","6":"product_cat-ananas","7":"product_cat-fruits-deshydrates","8":"product_cat-garnitures-cocktails","9":"product_tag-creation-de-chocolats","10":"product_tag-garnitures-cocktails","12":"first","13":"outofstock","14":"shipping-taxable","15":"purchasable","16":"product-type-variable","17":"has-default-attributes"},"yoast_head":"<!-- This site is optimized with the Yoast SEO plugin v27.3 - https:\/\/yoast.com\/product\/yoast-seo-wordpress\/ -->\n<title>Ananas d\u00e9shydrat\u00e9 en demi-tranches | Boutique ANHYDRA<\/title>\n<meta name=\"description\" content=\"Ananas d\u00e9shydrat\u00e9 en demi-tranches, 100% naturel, sans sucre ni sel ou autre additif alimentaire pour une garniture \u00e0 cocktail d\u2019exception!\" \/>\n<meta name=\"robots\" content=\"index, follow, max-snippet:-1, max-image-preview:large, max-video-preview:-1\" \/>\n<link rel=\"canonical\" href=\"https:\/\/anhydra.com\/fr\/produit\/ananas-deshydrate-en-demi-tranches\/\" \/>\n<meta property=\"og:locale\" content=\"fr_FR\" \/>\n<meta property=\"og:type\" content=\"article\" \/>\n<meta property=\"og:title\" content=\"Ananas d\u00e9shydrat\u00e9 en demi-tranches | Boutique ANHYDRA\" \/>\n<meta property=\"og:description\" content=\"Ananas d\u00e9shydrat\u00e9 en demi-tranches, 100% naturel, sans sucre ni sel ou autre additif alimentaire pour une garniture \u00e0 cocktail d\u2019exception!\" \/>\n<meta property=\"og:url\" content=\"https:\/\/anhydra.com\/fr\/produit\/ananas-deshydrate-en-demi-tranches\/\" \/>\n<meta property=\"og:site_name\" content=\"ANHYDRA\" \/>\n<meta property=\"article:modified_time\" content=\"2026-04-22T18:58:59+00:00\" \/>\n<meta property=\"og:image\" content=\"https:\/\/anhydra.com\/wp-content\/uploads\/2024\/03\/Ananas-DT-ProduitImg.jpg\" \/>\n\t<meta property=\"og:image:width\" content=\"600\" \/>\n\t<meta property=\"og:image:height\" content=\"400\" \/>\n\t<meta property=\"og:image:type\" content=\"image\/jpeg\" \/>\n<meta name=\"twitter:card\" content=\"summary_large_image\" \/>\n<meta name=\"twitter:label1\" content=\"Dur\u00e9e de lecture estim\u00e9e\" \/>\n\t<meta name=\"twitter:data1\" content=\"1 minute\" \/>\n<script type=\"application\/ld+json\" class=\"yoast-schema-graph\">{\"@context\":\"https:\\\/\\\/schema.org\",\"@graph\":[{\"@type\":\"WebPage\",\"@id\":\"https:\\\/\\\/anhydra.com\\\/fr\\\/produit\\\/ananas-deshydrate-en-demi-tranches\\\/\",\"url\":\"https:\\\/\\\/anhydra.com\\\/fr\\\/produit\\\/ananas-deshydrate-en-demi-tranches\\\/\",\"name\":\"Ananas d\u00e9shydrat\u00e9 en demi-tranches | Boutique ANHYDRA\",\"isPartOf\":{\"@id\":\"https:\\\/\\\/anhydra.com\\\/fr\\\/#website\"},\"primaryImageOfPage\":{\"@id\":\"https:\\\/\\\/anhydra.com\\\/fr\\\/produit\\\/ananas-deshydrate-en-demi-tranches\\\/#primaryimage\"},\"image\":{\"@id\":\"https:\\\/\\\/anhydra.com\\\/fr\\\/produit\\\/ananas-deshydrate-en-demi-tranches\\\/#primaryimage\"},\"thumbnailUrl\":\"https:\\\/\\\/anhydra.com\\\/wp-content\\\/uploads\\\/2024\\\/03\\\/Ananas-DT-ProduitImg.jpg\",\"datePublished\":\"2024-03-26T20:26:44+00:00\",\"dateModified\":\"2026-04-22T18:58:59+00:00\",\"description\":\"Ananas d\u00e9shydrat\u00e9 en demi-tranches, 100% naturel, sans sucre ni sel ou autre additif alimentaire pour une garniture \u00e0 cocktail d\u2019exception!\",\"breadcrumb\":{\"@id\":\"https:\\\/\\\/anhydra.com\\\/fr\\\/produit\\\/ananas-deshydrate-en-demi-tranches\\\/#breadcrumb\"},\"inLanguage\":\"fr-FR\",\"potentialAction\":[{\"@type\":\"ReadAction\",\"target\":[\"https:\\\/\\\/anhydra.com\\\/fr\\\/produit\\\/ananas-deshydrate-en-demi-tranches\\\/\"]}]},{\"@type\":\"ImageObject\",\"inLanguage\":\"fr-FR\",\"@id\":\"https:\\\/\\\/anhydra.com\\\/fr\\\/produit\\\/ananas-deshydrate-en-demi-tranches\\\/#primaryimage\",\"url\":\"https:\\\/\\\/anhydra.com\\\/wp-content\\\/uploads\\\/2024\\\/03\\\/Ananas-DT-ProduitImg.jpg\",\"contentUrl\":\"https:\\\/\\\/anhydra.com\\\/wp-content\\\/uploads\\\/2024\\\/03\\\/Ananas-DT-ProduitImg.jpg\",\"width\":600,\"height\":400},{\"@type\":\"BreadcrumbList\",\"@id\":\"https:\\\/\\\/anhydra.com\\\/fr\\\/produit\\\/ananas-deshydrate-en-demi-tranches\\\/#breadcrumb\",\"itemListElement\":[{\"@type\":\"ListItem\",\"position\":1,\"name\":\"Home\",\"item\":\"https:\\\/\\\/anhydra.com\\\/fr\\\/\"},{\"@type\":\"ListItem\",\"position\":2,\"name\":\"La Boutique ANHYDRA\",\"item\":\"https:\\\/\\\/anhydra.com\\\/fr\\\/boutique\\\/\"},{\"@type\":\"ListItem\",\"position\":3,\"name\":\"Ananas d\u00e9shydrat\u00e9 en demi-tranches\"}]},{\"@type\":\"WebSite\",\"@id\":\"https:\\\/\\\/anhydra.com\\\/fr\\\/#website\",\"url\":\"https:\\\/\\\/anhydra.com\\\/fr\\\/\",\"name\":\"ANHYDRA\",\"description\":\"\",\"potentialAction\":[{\"@type\":\"SearchAction\",\"target\":{\"@type\":\"EntryPoint\",\"urlTemplate\":\"https:\\\/\\\/anhydra.com\\\/fr\\\/?s={search_term_string}\"},\"query-input\":{\"@type\":\"PropertyValueSpecification\",\"valueRequired\":true,\"valueName\":\"search_term_string\"}}],\"inLanguage\":\"fr-FR\"}]}<\/script>\n<!-- \/ Yoast SEO plugin. -->","yoast_head_json":{"title":"Ananas d\u00e9shydrat\u00e9 en demi-tranches | Boutique ANHYDRA","description":"Ananas d\u00e9shydrat\u00e9 en demi-tranches, 100% naturel, sans sucre ni sel ou autre additif alimentaire pour une garniture \u00e0 cocktail d\u2019exception!","robots":{"index":"index","follow":"follow","max-snippet":"max-snippet:-1","max-image-preview":"max-image-preview:large","max-video-preview":"max-video-preview:-1"},"canonical":"https:\/\/anhydra.com\/fr\/produit\/ananas-deshydrate-en-demi-tranches\/","og_locale":"fr_FR","og_type":"article","og_title":"Ananas d\u00e9shydrat\u00e9 en demi-tranches | Boutique ANHYDRA","og_description":"Ananas d\u00e9shydrat\u00e9 en demi-tranches, 100% naturel, sans sucre ni sel ou autre additif alimentaire pour une garniture \u00e0 cocktail d\u2019exception!","og_url":"https:\/\/anhydra.com\/fr\/produit\/ananas-deshydrate-en-demi-tranches\/","og_site_name":"ANHYDRA","article_modified_time":"2026-04-22T18:58:59+00:00","og_image":[{"width":600,"height":400,"url":"https:\/\/anhydra.com\/wp-content\/uploads\/2024\/03\/Ananas-DT-ProduitImg.jpg","type":"image\/jpeg"}],"twitter_card":"summary_large_image","twitter_misc":{"Dur\u00e9e de lecture estim\u00e9e":"1 minute"},"schema":{"@context":"https:\/\/schema.org","@graph":[{"@type":"WebPage","@id":"https:\/\/anhydra.com\/fr\/produit\/ananas-deshydrate-en-demi-tranches\/","url":"https:\/\/anhydra.com\/fr\/produit\/ananas-deshydrate-en-demi-tranches\/","name":"Ananas d\u00e9shydrat\u00e9 en demi-tranches | Boutique ANHYDRA","isPartOf":{"@id":"https:\/\/anhydra.com\/fr\/#website"},"primaryImageOfPage":{"@id":"https:\/\/anhydra.com\/fr\/produit\/ananas-deshydrate-en-demi-tranches\/#primaryimage"},"image":{"@id":"https:\/\/anhydra.com\/fr\/produit\/ananas-deshydrate-en-demi-tranches\/#primaryimage"},"thumbnailUrl":"https:\/\/anhydra.com\/wp-content\/uploads\/2024\/03\/Ananas-DT-ProduitImg.jpg","datePublished":"2024-03-26T20:26:44+00:00","dateModified":"2026-04-22T18:58:59+00:00","description":"Ananas d\u00e9shydrat\u00e9 en demi-tranches, 100% naturel, sans sucre ni sel ou autre additif alimentaire pour une garniture \u00e0 cocktail d\u2019exception!","breadcrumb":{"@id":"https:\/\/anhydra.com\/fr\/produit\/ananas-deshydrate-en-demi-tranches\/#breadcrumb"},"inLanguage":"fr-FR","potentialAction":[{"@type":"ReadAction","target":["https:\/\/anhydra.com\/fr\/produit\/ananas-deshydrate-en-demi-tranches\/"]}]},{"@type":"ImageObject","inLanguage":"fr-FR","@id":"https:\/\/anhydra.com\/fr\/produit\/ananas-deshydrate-en-demi-tranches\/#primaryimage","url":"https:\/\/anhydra.com\/wp-content\/uploads\/2024\/03\/Ananas-DT-ProduitImg.jpg","contentUrl":"https:\/\/anhydra.com\/wp-content\/uploads\/2024\/03\/Ananas-DT-ProduitImg.jpg","width":600,"height":400},{"@type":"BreadcrumbList","@id":"https:\/\/anhydra.com\/fr\/produit\/ananas-deshydrate-en-demi-tranches\/#breadcrumb","itemListElement":[{"@type":"ListItem","position":1,"name":"Home","item":"https:\/\/anhydra.com\/fr\/"},{"@type":"ListItem","position":2,"name":"La Boutique ANHYDRA","item":"https:\/\/anhydra.com\/fr\/boutique\/"},{"@type":"ListItem","position":3,"name":"Ananas d\u00e9shydrat\u00e9 en demi-tranches"}]},{"@type":"WebSite","@id":"https:\/\/anhydra.com\/fr\/#website","url":"https:\/\/anhydra.com\/fr\/","name":"ANHYDRA","description":"","potentialAction":[{"@type":"SearchAction","target":{"@type":"EntryPoint","urlTemplate":"https:\/\/anhydra.com\/fr\/?s={search_term_string}"},"query-input":{"@type":"PropertyValueSpecification","valueRequired":true,"valueName":"search_term_string"}}],"inLanguage":"fr-FR"}]}},"_links":{"self":[{"href":"https:\/\/anhydra.com\/fr\/wp-json\/wp\/v2\/product\/285577","targetHints":{"allow":["GET"]}}],"collection":[{"href":"https:\/\/anhydra.com\/fr\/wp-json\/wp\/v2\/product"}],"about":[{"href":"https:\/\/anhydra.com\/fr\/wp-json\/wp\/v2\/types\/product"}],"wp:featuredmedia":[{"embeddable":true,"href":"https:\/\/anhydra.com\/fr\/wp-json\/wp\/v2\/media\/289101"}],"wp:attachment":[{"href":"https:\/\/anhydra.com\/fr\/wp-json\/wp\/v2\/media?parent=285577"}],"wp:term":[{"taxonomy":"product_brand","embeddable":true,"href":"https:\/\/anhydra.com\/fr\/wp-json\/wp\/v2\/product_brand?post=285577"},{"taxonomy":"product_cat","embeddable":true,"href":"https:\/\/anhydra.com\/fr\/wp-json\/wp\/v2\/product_cat?post=285577"},{"taxonomy":"product_tag","embeddable":true,"href":"https:\/\/anhydra.com\/fr\/wp-json\/wp\/v2\/product_tag?post=285577"}],"curies":[{"name":"wp","href":"https:\/\/api.w.org\/{rel}","templated":true}]}}