{"id":282684,"date":"2023-08-04T13:54:32","date_gmt":"2023-08-04T17:54:32","guid":{"rendered":"https:\/\/dev.anhydra.ca\/product\/pamplemousses-deshydrates-en-demi-tranches\/"},"modified":"2026-01-09T18:00:28","modified_gmt":"2026-01-09T23:00:28","slug":"pamplemousse-deshydrate-en-demi-tranches","status":"publish","type":"product","link":"https:\/\/anhydra.com\/fr\/produit\/pamplemousse-deshydrate-en-demi-tranches\/","title":{"rendered":"Pamplemousse d\u00e9shydrat\u00e9 en demi-tranches"},"content":{"rendered":"<p>Pamplemousse d\u00e9shydrat\u00e9 en demi-tranches \u00e0 l\u2019aide d\u2019un proc\u00e9d\u00e9 de d\u00e9shydratation conventionnel qui n\u2019ajoute aucun ingr\u00e9dient et qui permet de conserver les d\u00e9licieuses saveurs vives du pamplemousse. Les demi-tranches de pamplemousse d\u00e9shydrat\u00e9 sont parfaites pour la cr\u00e9ation d\u2019une garniture \u00e0 cocktail unique.<\/p>\n","protected":false},"excerpt":{"rendered":"<p><strong>Ingr\u00e9dients :<\/strong>\u00a0Pamplemousses<br \/>\n<strong>Coupe :<\/strong>\u00a0Demi-tranches; 4,9 \u00e0 7,6 cm de diam\u00e8tre; largeur 2,2 \u00e0 4,5 cm<br \/>\n<strong>Humidit\u00e9 :<\/strong>\u00a0\u2264 12%<br \/>\n<strong>Activit\u00e9 de l&rsquo;eau :<\/strong>\u00a0\u2264 0,650<br \/>\n<strong>Dur\u00e9e de vie \/ Conditions d&rsquo;entreposage :<\/strong>\u00a0Trois (3) ans lorsque le produit est entrepos\u00e9 dans un endroit frais et sec<br \/>\n<strong>Certifications :<\/strong>\u00a0Certifi\u00e9 cach\u00e8re par MK<\/p>\n<p style=\"padding-top:5px;\"><a class=\"btn_shop\" href=\"\/fr\/fruits-deshydrates\/pamplemousses-deshydrates\/\">Informations g\u00e9n\u00e9rales sur le pamplemousse d\u00e9shydrat\u00e9<\/a><\/p>\n","protected":false},"featured_media":282656,"menu_order":0,"template":"","meta":{"_et_pb_use_builder":"","_et_pb_old_content":"","_et_gb_content_width":""},"product_brand":[],"product_cat":[31,336,75],"product_tag":[308,265,269],"class_list":{"0":"post-282684","1":"product","2":"type-product","3":"status-publish","4":"has-post-thumbnail","6":"product_cat-fruits-deshydrates","7":"product_cat-garnitures-cocktails","8":"product_cat-pamplemousse","9":"product_tag-creation-de-chocolats","10":"product_tag-garnitures-cocktails","11":"product_tag-thes-tisanes","13":"first","14":"outofstock","15":"shipping-taxable","16":"purchasable","17":"product-type-variable"},"yoast_head":"<!-- This site is optimized with the Yoast SEO plugin v27.3 - https:\/\/yoast.com\/product\/yoast-seo-wordpress\/ -->\n<title>Pamplemousse d\u00e9shydrat\u00e9 en demi-tranches | Boutique ANHYDRA<\/title>\n<meta name=\"description\" content=\"Pamplemousse d\u00e9shydrat\u00e9 en demi-tranches, sans aucun additif alimentaire, parfait pour la cr\u00e9ation d\u2019une garniture \u00e0 cocktail unique.\" \/>\n<meta name=\"robots\" content=\"index, follow, max-snippet:-1, max-image-preview:large, max-video-preview:-1\" \/>\n<link rel=\"canonical\" href=\"https:\/\/anhydra.com\/fr\/produit\/pamplemousse-deshydrate-en-demi-tranches\/\" \/>\n<meta property=\"og:locale\" content=\"fr_FR\" \/>\n<meta property=\"og:type\" content=\"article\" \/>\n<meta property=\"og:title\" content=\"Pamplemousse d\u00e9shydrat\u00e9 en demi-tranches | Boutique ANHYDRA\" \/>\n<meta property=\"og:description\" content=\"Pamplemousse d\u00e9shydrat\u00e9 en demi-tranches, sans aucun additif alimentaire, parfait pour la cr\u00e9ation d\u2019une garniture \u00e0 cocktail unique.\" \/>\n<meta property=\"og:url\" content=\"https:\/\/anhydra.com\/fr\/produit\/pamplemousse-deshydrate-en-demi-tranches\/\" \/>\n<meta property=\"og:site_name\" content=\"ANHYDRA\" \/>\n<meta property=\"article:modified_time\" content=\"2026-01-09T23:00:28+00:00\" \/>\n<meta property=\"og:image\" content=\"https:\/\/anhydra.com\/wp-content\/uploads\/2023\/08\/Dehydrated-grapefruit-half-slices.jpg\" \/>\n\t<meta property=\"og:image:width\" content=\"1500\" \/>\n\t<meta property=\"og:image:height\" content=\"1000\" \/>\n\t<meta property=\"og:image:type\" content=\"image\/jpeg\" \/>\n<meta name=\"twitter:card\" content=\"summary_large_image\" \/>\n<meta name=\"twitter:label1\" content=\"Dur\u00e9e de lecture estim\u00e9e\" \/>\n\t<meta name=\"twitter:data1\" content=\"1 minute\" \/>\n<script type=\"application\/ld+json\" class=\"yoast-schema-graph\">{\"@context\":\"https:\\\/\\\/schema.org\",\"@graph\":[{\"@type\":\"WebPage\",\"@id\":\"https:\\\/\\\/anhydra.com\\\/fr\\\/produit\\\/pamplemousse-deshydrate-en-demi-tranches\\\/\",\"url\":\"https:\\\/\\\/anhydra.com\\\/fr\\\/produit\\\/pamplemousse-deshydrate-en-demi-tranches\\\/\",\"name\":\"Pamplemousse d\u00e9shydrat\u00e9 en demi-tranches | Boutique ANHYDRA\",\"isPartOf\":{\"@id\":\"https:\\\/\\\/anhydra.com\\\/fr\\\/#website\"},\"primaryImageOfPage\":{\"@id\":\"https:\\\/\\\/anhydra.com\\\/fr\\\/produit\\\/pamplemousse-deshydrate-en-demi-tranches\\\/#primaryimage\"},\"image\":{\"@id\":\"https:\\\/\\\/anhydra.com\\\/fr\\\/produit\\\/pamplemousse-deshydrate-en-demi-tranches\\\/#primaryimage\"},\"thumbnailUrl\":\"https:\\\/\\\/anhydra.com\\\/wp-content\\\/uploads\\\/2023\\\/08\\\/Dehydrated-grapefruit-half-slices.jpg\",\"datePublished\":\"2023-08-04T17:54:32+00:00\",\"dateModified\":\"2026-01-09T23:00:28+00:00\",\"description\":\"Pamplemousse d\u00e9shydrat\u00e9 en demi-tranches, sans aucun additif alimentaire, parfait pour la cr\u00e9ation d\u2019une garniture \u00e0 cocktail unique.\",\"breadcrumb\":{\"@id\":\"https:\\\/\\\/anhydra.com\\\/fr\\\/produit\\\/pamplemousse-deshydrate-en-demi-tranches\\\/#breadcrumb\"},\"inLanguage\":\"fr-FR\",\"potentialAction\":[{\"@type\":\"ReadAction\",\"target\":[\"https:\\\/\\\/anhydra.com\\\/fr\\\/produit\\\/pamplemousse-deshydrate-en-demi-tranches\\\/\"]}]},{\"@type\":\"ImageObject\",\"inLanguage\":\"fr-FR\",\"@id\":\"https:\\\/\\\/anhydra.com\\\/fr\\\/produit\\\/pamplemousse-deshydrate-en-demi-tranches\\\/#primaryimage\",\"url\":\"https:\\\/\\\/anhydra.com\\\/wp-content\\\/uploads\\\/2023\\\/08\\\/Dehydrated-grapefruit-half-slices.jpg\",\"contentUrl\":\"https:\\\/\\\/anhydra.com\\\/wp-content\\\/uploads\\\/2023\\\/08\\\/Dehydrated-grapefruit-half-slices.jpg\",\"width\":1500,\"height\":1000},{\"@type\":\"BreadcrumbList\",\"@id\":\"https:\\\/\\\/anhydra.com\\\/fr\\\/produit\\\/pamplemousse-deshydrate-en-demi-tranches\\\/#breadcrumb\",\"itemListElement\":[{\"@type\":\"ListItem\",\"position\":1,\"name\":\"Home\",\"item\":\"https:\\\/\\\/anhydra.com\\\/fr\\\/\"},{\"@type\":\"ListItem\",\"position\":2,\"name\":\"La Boutique ANHYDRA\",\"item\":\"https:\\\/\\\/anhydra.com\\\/fr\\\/boutique\\\/\"},{\"@type\":\"ListItem\",\"position\":3,\"name\":\"Pamplemousse d\u00e9shydrat\u00e9 en demi-tranches\"}]},{\"@type\":\"WebSite\",\"@id\":\"https:\\\/\\\/anhydra.com\\\/fr\\\/#website\",\"url\":\"https:\\\/\\\/anhydra.com\\\/fr\\\/\",\"name\":\"ANHYDRA\",\"description\":\"\",\"potentialAction\":[{\"@type\":\"SearchAction\",\"target\":{\"@type\":\"EntryPoint\",\"urlTemplate\":\"https:\\\/\\\/anhydra.com\\\/fr\\\/?s={search_term_string}\"},\"query-input\":{\"@type\":\"PropertyValueSpecification\",\"valueRequired\":true,\"valueName\":\"search_term_string\"}}],\"inLanguage\":\"fr-FR\"}]}<\/script>\n<!-- \/ Yoast SEO plugin. -->","yoast_head_json":{"title":"Pamplemousse d\u00e9shydrat\u00e9 en demi-tranches | Boutique ANHYDRA","description":"Pamplemousse d\u00e9shydrat\u00e9 en demi-tranches, sans aucun additif alimentaire, parfait pour la cr\u00e9ation d\u2019une garniture \u00e0 cocktail unique.","robots":{"index":"index","follow":"follow","max-snippet":"max-snippet:-1","max-image-preview":"max-image-preview:large","max-video-preview":"max-video-preview:-1"},"canonical":"https:\/\/anhydra.com\/fr\/produit\/pamplemousse-deshydrate-en-demi-tranches\/","og_locale":"fr_FR","og_type":"article","og_title":"Pamplemousse d\u00e9shydrat\u00e9 en demi-tranches | Boutique ANHYDRA","og_description":"Pamplemousse d\u00e9shydrat\u00e9 en demi-tranches, sans aucun additif alimentaire, parfait pour la cr\u00e9ation d\u2019une garniture \u00e0 cocktail unique.","og_url":"https:\/\/anhydra.com\/fr\/produit\/pamplemousse-deshydrate-en-demi-tranches\/","og_site_name":"ANHYDRA","article_modified_time":"2026-01-09T23:00:28+00:00","og_image":[{"width":1500,"height":1000,"url":"https:\/\/anhydra.com\/wp-content\/uploads\/2023\/08\/Dehydrated-grapefruit-half-slices.jpg","type":"image\/jpeg"}],"twitter_card":"summary_large_image","twitter_misc":{"Dur\u00e9e de lecture estim\u00e9e":"1 minute"},"schema":{"@context":"https:\/\/schema.org","@graph":[{"@type":"WebPage","@id":"https:\/\/anhydra.com\/fr\/produit\/pamplemousse-deshydrate-en-demi-tranches\/","url":"https:\/\/anhydra.com\/fr\/produit\/pamplemousse-deshydrate-en-demi-tranches\/","name":"Pamplemousse d\u00e9shydrat\u00e9 en demi-tranches | Boutique ANHYDRA","isPartOf":{"@id":"https:\/\/anhydra.com\/fr\/#website"},"primaryImageOfPage":{"@id":"https:\/\/anhydra.com\/fr\/produit\/pamplemousse-deshydrate-en-demi-tranches\/#primaryimage"},"image":{"@id":"https:\/\/anhydra.com\/fr\/produit\/pamplemousse-deshydrate-en-demi-tranches\/#primaryimage"},"thumbnailUrl":"https:\/\/anhydra.com\/wp-content\/uploads\/2023\/08\/Dehydrated-grapefruit-half-slices.jpg","datePublished":"2023-08-04T17:54:32+00:00","dateModified":"2026-01-09T23:00:28+00:00","description":"Pamplemousse d\u00e9shydrat\u00e9 en demi-tranches, sans aucun additif alimentaire, parfait pour la cr\u00e9ation d\u2019une garniture \u00e0 cocktail unique.","breadcrumb":{"@id":"https:\/\/anhydra.com\/fr\/produit\/pamplemousse-deshydrate-en-demi-tranches\/#breadcrumb"},"inLanguage":"fr-FR","potentialAction":[{"@type":"ReadAction","target":["https:\/\/anhydra.com\/fr\/produit\/pamplemousse-deshydrate-en-demi-tranches\/"]}]},{"@type":"ImageObject","inLanguage":"fr-FR","@id":"https:\/\/anhydra.com\/fr\/produit\/pamplemousse-deshydrate-en-demi-tranches\/#primaryimage","url":"https:\/\/anhydra.com\/wp-content\/uploads\/2023\/08\/Dehydrated-grapefruit-half-slices.jpg","contentUrl":"https:\/\/anhydra.com\/wp-content\/uploads\/2023\/08\/Dehydrated-grapefruit-half-slices.jpg","width":1500,"height":1000},{"@type":"BreadcrumbList","@id":"https:\/\/anhydra.com\/fr\/produit\/pamplemousse-deshydrate-en-demi-tranches\/#breadcrumb","itemListElement":[{"@type":"ListItem","position":1,"name":"Home","item":"https:\/\/anhydra.com\/fr\/"},{"@type":"ListItem","position":2,"name":"La Boutique ANHYDRA","item":"https:\/\/anhydra.com\/fr\/boutique\/"},{"@type":"ListItem","position":3,"name":"Pamplemousse d\u00e9shydrat\u00e9 en demi-tranches"}]},{"@type":"WebSite","@id":"https:\/\/anhydra.com\/fr\/#website","url":"https:\/\/anhydra.com\/fr\/","name":"ANHYDRA","description":"","potentialAction":[{"@type":"SearchAction","target":{"@type":"EntryPoint","urlTemplate":"https:\/\/anhydra.com\/fr\/?s={search_term_string}"},"query-input":{"@type":"PropertyValueSpecification","valueRequired":true,"valueName":"search_term_string"}}],"inLanguage":"fr-FR"}]}},"_links":{"self":[{"href":"https:\/\/anhydra.com\/fr\/wp-json\/wp\/v2\/product\/282684","targetHints":{"allow":["GET"]}}],"collection":[{"href":"https:\/\/anhydra.com\/fr\/wp-json\/wp\/v2\/product"}],"about":[{"href":"https:\/\/anhydra.com\/fr\/wp-json\/wp\/v2\/types\/product"}],"wp:featuredmedia":[{"embeddable":true,"href":"https:\/\/anhydra.com\/fr\/wp-json\/wp\/v2\/media\/282656"}],"wp:attachment":[{"href":"https:\/\/anhydra.com\/fr\/wp-json\/wp\/v2\/media?parent=282684"}],"wp:term":[{"taxonomy":"product_brand","embeddable":true,"href":"https:\/\/anhydra.com\/fr\/wp-json\/wp\/v2\/product_brand?post=282684"},{"taxonomy":"product_cat","embeddable":true,"href":"https:\/\/anhydra.com\/fr\/wp-json\/wp\/v2\/product_cat?post=282684"},{"taxonomy":"product_tag","embeddable":true,"href":"https:\/\/anhydra.com\/fr\/wp-json\/wp\/v2\/product_tag?post=282684"}],"curies":[{"name":"wp","href":"https:\/\/api.w.org\/{rel}","templated":true}]}}