{"id":282681,"date":"2023-08-04T14:08:57","date_gmt":"2023-08-04T18:08:57","guid":{"rendered":"https:\/\/dev.anhydra.ca\/product\/pamplemousses-deshydrates-en-rondelles\/"},"modified":"2026-04-23T10:26:02","modified_gmt":"2026-04-23T14:26:02","slug":"pamplemousse-deshydrate-en-rondelles","status":"publish","type":"product","link":"https:\/\/anhydra.com\/fr\/produit\/pamplemousse-deshydrate-en-rondelles\/","title":{"rendered":"Pamplemousse d\u00e9shydrat\u00e9 en rondelles"},"content":{"rendered":"<p>Pamplemousse d\u00e9shydrat\u00e9 en rondelles de fa\u00e7on enti\u00e8rement naturelle sans ajout d\u2019ingr\u00e9dient. Les d\u00e9licieuses saveurs du pamplemousse sont remarquablement conserv\u00e9es et se lib\u00e8rent rapidement. Les rondelles de pamplemousse d\u00e9shydrat\u00e9 sont parfaites pour la d\u00e9coration de breuvages, de desserts et bien plus encore!<\/p>\n","protected":false},"excerpt":{"rendered":"<p><strong>Ingr\u00e9dients :<\/strong> Pamplemousses<br \/>\n<strong>Coupe :<\/strong> Rondelles; 5,8 \u00e0 7,4 cm de diam\u00e8tre<br \/>\n<strong>Humidit\u00e9 :<\/strong> \u2264 12%<br \/>\n<strong>Activit\u00e9 de l&rsquo;eau :<\/strong> \u2264 0,650<br \/>\n<strong>Dur\u00e9e de vie \/ Conditions d&rsquo;entreposage :<\/strong> Trois (3) ans lorsque le produit est entrepos\u00e9 dans un endroit frais et sec<br \/>\n<strong>Certifications :<\/strong>\u00a0Certifi\u00e9 cach\u00e8re par MK<\/p>\n<p style=\"padding-top:5px;\"><a class=\"btn_shop\" href=\"\/fr\/fruits-deshydrates\/pamplemousses-deshydrates\/\">Informations g\u00e9n\u00e9rales sur le pamplemousse d\u00e9shydrat\u00e9<\/a><\/p>\n","protected":false},"featured_media":282659,"menu_order":0,"template":"","meta":{"_et_pb_use_builder":"","_et_pb_old_content":"","_et_gb_content_width":""},"product_brand":[],"product_cat":[31,336,75],"product_tag":[265],"class_list":{"0":"post-282681","1":"product","2":"type-product","3":"status-publish","4":"has-post-thumbnail","6":"product_cat-fruits-deshydrates","7":"product_cat-garnitures-cocktails","8":"product_cat-pamplemousse","9":"product_tag-garnitures-cocktails","11":"first","12":"outofstock","13":"shipping-taxable","14":"purchasable","15":"product-type-variable"},"yoast_head":"<!-- This site is optimized with the Yoast SEO plugin v27.5 - https:\/\/yoast.com\/product\/yoast-seo-wordpress\/ -->\n<title>Pamplemousse d\u00e9shydrat\u00e9 en rondelles | Boutique ANHYDRA<\/title>\n<meta name=\"description\" content=\"Pamplemousse d\u00e9shydrat\u00e9 en rondelles, sans aucun ajout d\u2019ingr\u00e9dient, parfait pour la d\u00e9coration de breuvages, de desserts et autre.\" \/>\n<meta name=\"robots\" content=\"index, follow, max-snippet:-1, max-image-preview:large, max-video-preview:-1\" \/>\n<link rel=\"canonical\" href=\"https:\/\/anhydra.com\/fr\/produit\/pamplemousse-deshydrate-en-rondelles\/\" \/>\n<meta property=\"og:locale\" content=\"fr_FR\" \/>\n<meta property=\"og:type\" content=\"article\" \/>\n<meta property=\"og:title\" content=\"Pamplemousse d\u00e9shydrat\u00e9 en rondelles | Boutique ANHYDRA\" \/>\n<meta property=\"og:description\" content=\"Pamplemousse d\u00e9shydrat\u00e9 en rondelles, sans aucun ajout d\u2019ingr\u00e9dient, parfait pour la d\u00e9coration de breuvages, de desserts et autre.\" \/>\n<meta property=\"og:url\" content=\"https:\/\/anhydra.com\/fr\/produit\/pamplemousse-deshydrate-en-rondelles\/\" \/>\n<meta property=\"og:site_name\" content=\"ANHYDRA\" \/>\n<meta property=\"article:modified_time\" content=\"2026-04-23T14:26:02+00:00\" \/>\n<meta property=\"og:image\" content=\"https:\/\/anhydra.com\/wp-content\/uploads\/2023\/08\/Dehydrated-grapefruit-wheels.jpg\" \/>\n\t<meta property=\"og:image:width\" content=\"1500\" \/>\n\t<meta property=\"og:image:height\" content=\"1000\" \/>\n\t<meta property=\"og:image:type\" content=\"image\/jpeg\" \/>\n<meta name=\"twitter:card\" content=\"summary_large_image\" \/>\n<meta name=\"twitter:label1\" content=\"Dur\u00e9e de lecture estim\u00e9e\" \/>\n\t<meta name=\"twitter:data1\" content=\"1 minute\" \/>\n<script type=\"application\/ld+json\" class=\"yoast-schema-graph\">{\"@context\":\"https:\\\/\\\/schema.org\",\"@graph\":[{\"@type\":\"WebPage\",\"@id\":\"https:\\\/\\\/anhydra.com\\\/fr\\\/produit\\\/pamplemousse-deshydrate-en-rondelles\\\/\",\"url\":\"https:\\\/\\\/anhydra.com\\\/fr\\\/produit\\\/pamplemousse-deshydrate-en-rondelles\\\/\",\"name\":\"Pamplemousse d\u00e9shydrat\u00e9 en rondelles | Boutique ANHYDRA\",\"isPartOf\":{\"@id\":\"https:\\\/\\\/anhydra.com\\\/fr\\\/#website\"},\"primaryImageOfPage\":{\"@id\":\"https:\\\/\\\/anhydra.com\\\/fr\\\/produit\\\/pamplemousse-deshydrate-en-rondelles\\\/#primaryimage\"},\"image\":{\"@id\":\"https:\\\/\\\/anhydra.com\\\/fr\\\/produit\\\/pamplemousse-deshydrate-en-rondelles\\\/#primaryimage\"},\"thumbnailUrl\":\"https:\\\/\\\/anhydra.com\\\/wp-content\\\/uploads\\\/2023\\\/08\\\/Dehydrated-grapefruit-wheels.jpg\",\"datePublished\":\"2023-08-04T18:08:57+00:00\",\"dateModified\":\"2026-04-23T14:26:02+00:00\",\"description\":\"Pamplemousse d\u00e9shydrat\u00e9 en rondelles, sans aucun ajout d\u2019ingr\u00e9dient, parfait pour la d\u00e9coration de breuvages, de desserts et autre.\",\"breadcrumb\":{\"@id\":\"https:\\\/\\\/anhydra.com\\\/fr\\\/produit\\\/pamplemousse-deshydrate-en-rondelles\\\/#breadcrumb\"},\"inLanguage\":\"fr-FR\",\"potentialAction\":[{\"@type\":\"ReadAction\",\"target\":[\"https:\\\/\\\/anhydra.com\\\/fr\\\/produit\\\/pamplemousse-deshydrate-en-rondelles\\\/\"]}]},{\"@type\":\"ImageObject\",\"inLanguage\":\"fr-FR\",\"@id\":\"https:\\\/\\\/anhydra.com\\\/fr\\\/produit\\\/pamplemousse-deshydrate-en-rondelles\\\/#primaryimage\",\"url\":\"https:\\\/\\\/anhydra.com\\\/wp-content\\\/uploads\\\/2023\\\/08\\\/Dehydrated-grapefruit-wheels.jpg\",\"contentUrl\":\"https:\\\/\\\/anhydra.com\\\/wp-content\\\/uploads\\\/2023\\\/08\\\/Dehydrated-grapefruit-wheels.jpg\",\"width\":1500,\"height\":1000},{\"@type\":\"BreadcrumbList\",\"@id\":\"https:\\\/\\\/anhydra.com\\\/fr\\\/produit\\\/pamplemousse-deshydrate-en-rondelles\\\/#breadcrumb\",\"itemListElement\":[{\"@type\":\"ListItem\",\"position\":1,\"name\":\"Home\",\"item\":\"https:\\\/\\\/anhydra.com\\\/fr\\\/\"},{\"@type\":\"ListItem\",\"position\":2,\"name\":\"La Boutique ANHYDRA\",\"item\":\"https:\\\/\\\/anhydra.com\\\/fr\\\/boutique\\\/\"},{\"@type\":\"ListItem\",\"position\":3,\"name\":\"Pamplemousse d\u00e9shydrat\u00e9 en rondelles\"}]},{\"@type\":\"WebSite\",\"@id\":\"https:\\\/\\\/anhydra.com\\\/fr\\\/#website\",\"url\":\"https:\\\/\\\/anhydra.com\\\/fr\\\/\",\"name\":\"ANHYDRA\",\"description\":\"\",\"potentialAction\":[{\"@type\":\"SearchAction\",\"target\":{\"@type\":\"EntryPoint\",\"urlTemplate\":\"https:\\\/\\\/anhydra.com\\\/fr\\\/?s={search_term_string}\"},\"query-input\":{\"@type\":\"PropertyValueSpecification\",\"valueRequired\":true,\"valueName\":\"search_term_string\"}}],\"inLanguage\":\"fr-FR\"}]}<\/script>\n<!-- \/ Yoast SEO plugin. -->","yoast_head_json":{"title":"Pamplemousse d\u00e9shydrat\u00e9 en rondelles | Boutique ANHYDRA","description":"Pamplemousse d\u00e9shydrat\u00e9 en rondelles, sans aucun ajout d\u2019ingr\u00e9dient, parfait pour la d\u00e9coration de breuvages, de desserts et autre.","robots":{"index":"index","follow":"follow","max-snippet":"max-snippet:-1","max-image-preview":"max-image-preview:large","max-video-preview":"max-video-preview:-1"},"canonical":"https:\/\/anhydra.com\/fr\/produit\/pamplemousse-deshydrate-en-rondelles\/","og_locale":"fr_FR","og_type":"article","og_title":"Pamplemousse d\u00e9shydrat\u00e9 en rondelles | Boutique ANHYDRA","og_description":"Pamplemousse d\u00e9shydrat\u00e9 en rondelles, sans aucun ajout d\u2019ingr\u00e9dient, parfait pour la d\u00e9coration de breuvages, de desserts et autre.","og_url":"https:\/\/anhydra.com\/fr\/produit\/pamplemousse-deshydrate-en-rondelles\/","og_site_name":"ANHYDRA","article_modified_time":"2026-04-23T14:26:02+00:00","og_image":[{"width":1500,"height":1000,"url":"https:\/\/anhydra.com\/wp-content\/uploads\/2023\/08\/Dehydrated-grapefruit-wheels.jpg","type":"image\/jpeg"}],"twitter_card":"summary_large_image","twitter_misc":{"Dur\u00e9e de lecture estim\u00e9e":"1 minute"},"schema":{"@context":"https:\/\/schema.org","@graph":[{"@type":"WebPage","@id":"https:\/\/anhydra.com\/fr\/produit\/pamplemousse-deshydrate-en-rondelles\/","url":"https:\/\/anhydra.com\/fr\/produit\/pamplemousse-deshydrate-en-rondelles\/","name":"Pamplemousse d\u00e9shydrat\u00e9 en rondelles | Boutique ANHYDRA","isPartOf":{"@id":"https:\/\/anhydra.com\/fr\/#website"},"primaryImageOfPage":{"@id":"https:\/\/anhydra.com\/fr\/produit\/pamplemousse-deshydrate-en-rondelles\/#primaryimage"},"image":{"@id":"https:\/\/anhydra.com\/fr\/produit\/pamplemousse-deshydrate-en-rondelles\/#primaryimage"},"thumbnailUrl":"https:\/\/anhydra.com\/wp-content\/uploads\/2023\/08\/Dehydrated-grapefruit-wheels.jpg","datePublished":"2023-08-04T18:08:57+00:00","dateModified":"2026-04-23T14:26:02+00:00","description":"Pamplemousse d\u00e9shydrat\u00e9 en rondelles, sans aucun ajout d\u2019ingr\u00e9dient, parfait pour la d\u00e9coration de breuvages, de desserts et autre.","breadcrumb":{"@id":"https:\/\/anhydra.com\/fr\/produit\/pamplemousse-deshydrate-en-rondelles\/#breadcrumb"},"inLanguage":"fr-FR","potentialAction":[{"@type":"ReadAction","target":["https:\/\/anhydra.com\/fr\/produit\/pamplemousse-deshydrate-en-rondelles\/"]}]},{"@type":"ImageObject","inLanguage":"fr-FR","@id":"https:\/\/anhydra.com\/fr\/produit\/pamplemousse-deshydrate-en-rondelles\/#primaryimage","url":"https:\/\/anhydra.com\/wp-content\/uploads\/2023\/08\/Dehydrated-grapefruit-wheels.jpg","contentUrl":"https:\/\/anhydra.com\/wp-content\/uploads\/2023\/08\/Dehydrated-grapefruit-wheels.jpg","width":1500,"height":1000},{"@type":"BreadcrumbList","@id":"https:\/\/anhydra.com\/fr\/produit\/pamplemousse-deshydrate-en-rondelles\/#breadcrumb","itemListElement":[{"@type":"ListItem","position":1,"name":"Home","item":"https:\/\/anhydra.com\/fr\/"},{"@type":"ListItem","position":2,"name":"La Boutique ANHYDRA","item":"https:\/\/anhydra.com\/fr\/boutique\/"},{"@type":"ListItem","position":3,"name":"Pamplemousse d\u00e9shydrat\u00e9 en rondelles"}]},{"@type":"WebSite","@id":"https:\/\/anhydra.com\/fr\/#website","url":"https:\/\/anhydra.com\/fr\/","name":"ANHYDRA","description":"","potentialAction":[{"@type":"SearchAction","target":{"@type":"EntryPoint","urlTemplate":"https:\/\/anhydra.com\/fr\/?s={search_term_string}"},"query-input":{"@type":"PropertyValueSpecification","valueRequired":true,"valueName":"search_term_string"}}],"inLanguage":"fr-FR"}]}},"_links":{"self":[{"href":"https:\/\/anhydra.com\/fr\/wp-json\/wp\/v2\/product\/282681","targetHints":{"allow":["GET"]}}],"collection":[{"href":"https:\/\/anhydra.com\/fr\/wp-json\/wp\/v2\/product"}],"about":[{"href":"https:\/\/anhydra.com\/fr\/wp-json\/wp\/v2\/types\/product"}],"wp:featuredmedia":[{"embeddable":true,"href":"https:\/\/anhydra.com\/fr\/wp-json\/wp\/v2\/media\/282659"}],"wp:attachment":[{"href":"https:\/\/anhydra.com\/fr\/wp-json\/wp\/v2\/media?parent=282681"}],"wp:term":[{"taxonomy":"product_brand","embeddable":true,"href":"https:\/\/anhydra.com\/fr\/wp-json\/wp\/v2\/product_brand?post=282681"},{"taxonomy":"product_cat","embeddable":true,"href":"https:\/\/anhydra.com\/fr\/wp-json\/wp\/v2\/product_cat?post=282681"},{"taxonomy":"product_tag","embeddable":true,"href":"https:\/\/anhydra.com\/fr\/wp-json\/wp\/v2\/product_tag?post=282681"}],"curies":[{"name":"wp","href":"https:\/\/api.w.org\/{rel}","templated":true}]}}