{"id":1822,"date":"2022-01-26T11:24:54","date_gmt":"2022-01-26T16:24:54","guid":{"rendered":"https:\/\/boutique.anhydra.ca\/product\/poudre-de-canneberges-deshydratees\/"},"modified":"2026-01-27T13:12:25","modified_gmt":"2026-01-27T18:12:25","slug":"poudre-de-canneberges-deshydratees","status":"publish","type":"product","link":"https:\/\/anhydra.com\/fr\/produit\/poudre-de-canneberges-deshydratees\/","title":{"rendered":"Poudre de canneberges d\u00e9shydrat\u00e9es"},"content":{"rendered":"<p>Poudre de canneberges d\u00e9shydrat\u00e9es naturellement \u00e0 la couleur rouge vif qui rehausse le go\u00fbt et l\u2019aspect de tout ce qu\u2019elle touche! Saupoudr\u00e9e sur un dessert ou int\u00e9gr\u00e9e au brassage d\u2019une bi\u00e8re distinctive, la poudre de canneberges d\u00e9shydrat\u00e9es offre une combinaison de saveurs uniques qui ne passe jamais inaper\u00e7ue.<\/p>\n","protected":false},"excerpt":{"rendered":"<p><strong>Ingr\u00e9dients :<\/strong>\u00a0Canneberges<br \/>\n<strong>Granulom\u00e9trie :<\/strong> 100% passe le 20 mesh<br \/>\n<strong>Humidit\u00e9 :<\/strong>\u00a0\u2264 12%<br \/>\n<strong>Activit\u00e9 de l&rsquo;eau :<\/strong>\u00a0\u2264 0,650<br \/>\n<strong>Dur\u00e9e de vie \/ Conditions d&rsquo;entreposage :<\/strong>\u00a0Trois (3) ans lorsque le produit est entrepos\u00e9 dans un endroit frais et sec<br \/>\n<strong>Certifications :<\/strong>\u00a0Certifi\u00e9 cach\u00e8re par MK<\/p>\n<p style=\"padding-top:5px;\"><a class=\"btn_shop\" href=\"\/fr\/fruits-deshydrates\/canneberges-deshydratees\/\">Informations g\u00e9n\u00e9rales sur la canneberge d\u00e9shydrat\u00e9e<\/a><\/p>\n","protected":false},"featured_media":289115,"menu_order":0,"template":"","meta":{"_et_pb_use_builder":"off","_et_pb_old_content":"Poudre de canneberges d\u00e9shydrat\u00e9es naturellement \u00e0 la couleur rouge vif qui rehausse le go\u00fbt et l\u2019aspect de tout ce qu\u2019elle touche! Saupoudr\u00e9e sur un dessert ou int\u00e9gr\u00e9e au brassage d\u2019une bi\u00e8re distinctive, la poudre de canneberges d\u00e9shydrat\u00e9es offre une combinaison de saveurs uniques qui ne passe jamais inaper\u00e7ue.","_et_gb_content_width":""},"product_brand":[],"product_cat":[88,31],"product_tag":[263,308,267,303],"class_list":{"0":"post-1822","1":"product","2":"type-product","3":"status-publish","4":"has-post-thumbnail","6":"product_cat-canneberges","7":"product_cat-fruits-deshydrates","8":"product_tag-brassage-de-bieres","9":"product_tag-creation-de-chocolats","10":"product_tag-granola-cereales","11":"product_tag-poudres-de-fruit","13":"first","14":"outofstock","15":"shipping-taxable","16":"purchasable","17":"product-type-variable"},"yoast_head":"<!-- This site is optimized with the Yoast SEO plugin v27.3 - https:\/\/yoast.com\/product\/yoast-seo-wordpress\/ -->\n<title>Poudre de canneberges d\u00e9shydrat\u00e9es | Boutique ANHYDRA<\/title>\n<meta name=\"description\" content=\"Poudre de canneberges d\u00e9shydrat\u00e9es \u00e0 incorporer \u00e0 vos d\u00e9licieuses cr\u00e9ations de bi\u00e8res, de desserts, de chocolats, de cocktails et bien plus!\" \/>\n<meta name=\"robots\" content=\"index, follow, max-snippet:-1, max-image-preview:large, max-video-preview:-1\" \/>\n<link rel=\"canonical\" href=\"https:\/\/anhydra.com\/fr\/produit\/poudre-de-canneberges-deshydratees\/\" \/>\n<meta property=\"og:locale\" content=\"fr_FR\" \/>\n<meta property=\"og:type\" content=\"article\" \/>\n<meta property=\"og:title\" content=\"Poudre de canneberges d\u00e9shydrat\u00e9es | Boutique ANHYDRA\" \/>\n<meta property=\"og:description\" content=\"Poudre de canneberges d\u00e9shydrat\u00e9es \u00e0 incorporer \u00e0 vos d\u00e9licieuses cr\u00e9ations de bi\u00e8res, de desserts, de chocolats, de cocktails et bien plus!\" \/>\n<meta property=\"og:url\" content=\"https:\/\/anhydra.com\/fr\/produit\/poudre-de-canneberges-deshydratees\/\" \/>\n<meta property=\"og:site_name\" content=\"ANHYDRA\" \/>\n<meta property=\"article:modified_time\" content=\"2026-01-27T18:12:25+00:00\" \/>\n<meta property=\"og:image\" content=\"https:\/\/boutique.anhydra.ca\/wp-content\/uploads\/2022\/01\/Dehydrated-cranberry-powder.jpg\" \/>\n<meta name=\"twitter:card\" content=\"summary_large_image\" \/>\n<meta name=\"twitter:label1\" content=\"Dur\u00e9e de lecture estim\u00e9e\" \/>\n\t<meta name=\"twitter:data1\" content=\"1 minute\" \/>\n<script type=\"application\/ld+json\" class=\"yoast-schema-graph\">{\"@context\":\"https:\\\/\\\/schema.org\",\"@graph\":[{\"@type\":\"WebPage\",\"@id\":\"https:\\\/\\\/anhydra.com\\\/fr\\\/produit\\\/poudre-de-canneberges-deshydratees\\\/\",\"url\":\"https:\\\/\\\/anhydra.com\\\/fr\\\/produit\\\/poudre-de-canneberges-deshydratees\\\/\",\"name\":\"Poudre de canneberges d\u00e9shydrat\u00e9es | Boutique ANHYDRA\",\"isPartOf\":{\"@id\":\"https:\\\/\\\/anhydra.com\\\/fr\\\/#website\"},\"primaryImageOfPage\":{\"@id\":\"https:\\\/\\\/anhydra.com\\\/fr\\\/produit\\\/poudre-de-canneberges-deshydratees\\\/#primaryimage\"},\"image\":{\"@id\":\"https:\\\/\\\/anhydra.com\\\/fr\\\/produit\\\/poudre-de-canneberges-deshydratees\\\/#primaryimage\"},\"thumbnailUrl\":\"https:\\\/\\\/anhydra.com\\\/wp-content\\\/uploads\\\/2022\\\/01\\\/Canneberges-Poudre-PageProduit.jpg\",\"datePublished\":\"2022-01-26T16:24:54+00:00\",\"dateModified\":\"2026-01-27T18:12:25+00:00\",\"description\":\"Poudre de canneberges d\u00e9shydrat\u00e9es \u00e0 incorporer \u00e0 vos d\u00e9licieuses cr\u00e9ations de bi\u00e8res, de desserts, de chocolats, de cocktails et bien plus!\",\"breadcrumb\":{\"@id\":\"https:\\\/\\\/anhydra.com\\\/fr\\\/produit\\\/poudre-de-canneberges-deshydratees\\\/#breadcrumb\"},\"inLanguage\":\"fr-FR\",\"potentialAction\":[{\"@type\":\"ReadAction\",\"target\":[\"https:\\\/\\\/anhydra.com\\\/fr\\\/produit\\\/poudre-de-canneberges-deshydratees\\\/\"]}]},{\"@type\":\"ImageObject\",\"inLanguage\":\"fr-FR\",\"@id\":\"https:\\\/\\\/anhydra.com\\\/fr\\\/produit\\\/poudre-de-canneberges-deshydratees\\\/#primaryimage\",\"url\":\"https:\\\/\\\/anhydra.com\\\/wp-content\\\/uploads\\\/2022\\\/01\\\/Canneberges-Poudre-PageProduit.jpg\",\"contentUrl\":\"https:\\\/\\\/anhydra.com\\\/wp-content\\\/uploads\\\/2022\\\/01\\\/Canneberges-Poudre-PageProduit.jpg\",\"width\":1500,\"height\":1000},{\"@type\":\"BreadcrumbList\",\"@id\":\"https:\\\/\\\/anhydra.com\\\/fr\\\/produit\\\/poudre-de-canneberges-deshydratees\\\/#breadcrumb\",\"itemListElement\":[{\"@type\":\"ListItem\",\"position\":1,\"name\":\"Home\",\"item\":\"https:\\\/\\\/anhydra.com\\\/fr\\\/\"},{\"@type\":\"ListItem\",\"position\":2,\"name\":\"La Boutique ANHYDRA\",\"item\":\"https:\\\/\\\/anhydra.com\\\/fr\\\/boutique\\\/\"},{\"@type\":\"ListItem\",\"position\":3,\"name\":\"Poudre de canneberges d\u00e9shydrat\u00e9es\"}]},{\"@type\":\"WebSite\",\"@id\":\"https:\\\/\\\/anhydra.com\\\/fr\\\/#website\",\"url\":\"https:\\\/\\\/anhydra.com\\\/fr\\\/\",\"name\":\"ANHYDRA\",\"description\":\"\",\"potentialAction\":[{\"@type\":\"SearchAction\",\"target\":{\"@type\":\"EntryPoint\",\"urlTemplate\":\"https:\\\/\\\/anhydra.com\\\/fr\\\/?s={search_term_string}\"},\"query-input\":{\"@type\":\"PropertyValueSpecification\",\"valueRequired\":true,\"valueName\":\"search_term_string\"}}],\"inLanguage\":\"fr-FR\"}]}<\/script>\n<!-- \/ Yoast SEO plugin. -->","yoast_head_json":{"title":"Poudre de canneberges d\u00e9shydrat\u00e9es | Boutique ANHYDRA","description":"Poudre de canneberges d\u00e9shydrat\u00e9es \u00e0 incorporer \u00e0 vos d\u00e9licieuses cr\u00e9ations de bi\u00e8res, de desserts, de chocolats, de cocktails et bien plus!","robots":{"index":"index","follow":"follow","max-snippet":"max-snippet:-1","max-image-preview":"max-image-preview:large","max-video-preview":"max-video-preview:-1"},"canonical":"https:\/\/anhydra.com\/fr\/produit\/poudre-de-canneberges-deshydratees\/","og_locale":"fr_FR","og_type":"article","og_title":"Poudre de canneberges d\u00e9shydrat\u00e9es | Boutique ANHYDRA","og_description":"Poudre de canneberges d\u00e9shydrat\u00e9es \u00e0 incorporer \u00e0 vos d\u00e9licieuses cr\u00e9ations de bi\u00e8res, de desserts, de chocolats, de cocktails et bien plus!","og_url":"https:\/\/anhydra.com\/fr\/produit\/poudre-de-canneberges-deshydratees\/","og_site_name":"ANHYDRA","article_modified_time":"2026-01-27T18:12:25+00:00","og_image":[{"url":"https:\/\/boutique.anhydra.ca\/wp-content\/uploads\/2022\/01\/Dehydrated-cranberry-powder.jpg","type":"","width":"","height":""}],"twitter_card":"summary_large_image","twitter_misc":{"Dur\u00e9e de lecture estim\u00e9e":"1 minute"},"schema":{"@context":"https:\/\/schema.org","@graph":[{"@type":"WebPage","@id":"https:\/\/anhydra.com\/fr\/produit\/poudre-de-canneberges-deshydratees\/","url":"https:\/\/anhydra.com\/fr\/produit\/poudre-de-canneberges-deshydratees\/","name":"Poudre de canneberges d\u00e9shydrat\u00e9es | Boutique ANHYDRA","isPartOf":{"@id":"https:\/\/anhydra.com\/fr\/#website"},"primaryImageOfPage":{"@id":"https:\/\/anhydra.com\/fr\/produit\/poudre-de-canneberges-deshydratees\/#primaryimage"},"image":{"@id":"https:\/\/anhydra.com\/fr\/produit\/poudre-de-canneberges-deshydratees\/#primaryimage"},"thumbnailUrl":"https:\/\/anhydra.com\/wp-content\/uploads\/2022\/01\/Canneberges-Poudre-PageProduit.jpg","datePublished":"2022-01-26T16:24:54+00:00","dateModified":"2026-01-27T18:12:25+00:00","description":"Poudre de canneberges d\u00e9shydrat\u00e9es \u00e0 incorporer \u00e0 vos d\u00e9licieuses cr\u00e9ations de bi\u00e8res, de desserts, de chocolats, de cocktails et bien plus!","breadcrumb":{"@id":"https:\/\/anhydra.com\/fr\/produit\/poudre-de-canneberges-deshydratees\/#breadcrumb"},"inLanguage":"fr-FR","potentialAction":[{"@type":"ReadAction","target":["https:\/\/anhydra.com\/fr\/produit\/poudre-de-canneberges-deshydratees\/"]}]},{"@type":"ImageObject","inLanguage":"fr-FR","@id":"https:\/\/anhydra.com\/fr\/produit\/poudre-de-canneberges-deshydratees\/#primaryimage","url":"https:\/\/anhydra.com\/wp-content\/uploads\/2022\/01\/Canneberges-Poudre-PageProduit.jpg","contentUrl":"https:\/\/anhydra.com\/wp-content\/uploads\/2022\/01\/Canneberges-Poudre-PageProduit.jpg","width":1500,"height":1000},{"@type":"BreadcrumbList","@id":"https:\/\/anhydra.com\/fr\/produit\/poudre-de-canneberges-deshydratees\/#breadcrumb","itemListElement":[{"@type":"ListItem","position":1,"name":"Home","item":"https:\/\/anhydra.com\/fr\/"},{"@type":"ListItem","position":2,"name":"La Boutique ANHYDRA","item":"https:\/\/anhydra.com\/fr\/boutique\/"},{"@type":"ListItem","position":3,"name":"Poudre de canneberges d\u00e9shydrat\u00e9es"}]},{"@type":"WebSite","@id":"https:\/\/anhydra.com\/fr\/#website","url":"https:\/\/anhydra.com\/fr\/","name":"ANHYDRA","description":"","potentialAction":[{"@type":"SearchAction","target":{"@type":"EntryPoint","urlTemplate":"https:\/\/anhydra.com\/fr\/?s={search_term_string}"},"query-input":{"@type":"PropertyValueSpecification","valueRequired":true,"valueName":"search_term_string"}}],"inLanguage":"fr-FR"}]}},"_links":{"self":[{"href":"https:\/\/anhydra.com\/fr\/wp-json\/wp\/v2\/product\/1822","targetHints":{"allow":["GET"]}}],"collection":[{"href":"https:\/\/anhydra.com\/fr\/wp-json\/wp\/v2\/product"}],"about":[{"href":"https:\/\/anhydra.com\/fr\/wp-json\/wp\/v2\/types\/product"}],"wp:featuredmedia":[{"embeddable":true,"href":"https:\/\/anhydra.com\/fr\/wp-json\/wp\/v2\/media\/289115"}],"wp:attachment":[{"href":"https:\/\/anhydra.com\/fr\/wp-json\/wp\/v2\/media?parent=1822"}],"wp:term":[{"taxonomy":"product_brand","embeddable":true,"href":"https:\/\/anhydra.com\/fr\/wp-json\/wp\/v2\/product_brand?post=1822"},{"taxonomy":"product_cat","embeddable":true,"href":"https:\/\/anhydra.com\/fr\/wp-json\/wp\/v2\/product_cat?post=1822"},{"taxonomy":"product_tag","embeddable":true,"href":"https:\/\/anhydra.com\/fr\/wp-json\/wp\/v2\/product_tag?post=1822"}],"curies":[{"name":"wp","href":"https:\/\/api.w.org\/{rel}","templated":true}]}}