{"id":1565,"date":"2021-07-14T11:42:05","date_gmt":"2021-07-14T15:42:05","guid":{"rendered":"https:\/\/boutique.anhydra.ca\/product\/non%20class\u00e9\/poudre-de-framboises-deshydratees\/"},"modified":"2026-03-30T13:17:52","modified_gmt":"2026-03-30T17:17:52","slug":"poudre-de-framboises-deshydratees","status":"publish","type":"product","link":"https:\/\/anhydra.com\/fr\/produit\/poudre-de-framboises-deshydratees\/","title":{"rendered":"Poudre de framboises d\u00e9shydrat\u00e9es"},"content":{"rendered":"<p>La poudre de framboises d\u00e9shydrat\u00e9es donne \u00e0 vos cr\u00e9ations un go\u00fbt d\u2019\u00e9t\u00e9 doux et sucr\u00e9. Avec son rouge profond, la poudre de framboises d\u00e9shydrat\u00e9es permet de cr\u00e9er des d\u00e9corations de desserts remarquables, des p\u00e2tisseries exquises, des bi\u00e8res go\u00fbteuses et bien plus encore. Ses utilisations sont nombreuses au plus grand plaisir de nos papilles!<\/p>\n","protected":false},"excerpt":{"rendered":"<p><strong>Ingr\u00e9dients :<\/strong>\u00a0Framboises<br \/>\n<strong>Granulom\u00e9trie :<\/strong> 100% passe le 20 mesh<br \/>\n<strong>Humidit\u00e9 :<\/strong>\u00a0\u2264 12%<br \/>\n<strong>Activit\u00e9 de l&rsquo;eau :<\/strong>\u00a0\u2264 0,650<br \/>\n<strong>Dur\u00e9e de vie \/ Conditions d&rsquo;entreposage :<\/strong>\u00a0Trois (3) ans lorsque le produit est entrepos\u00e9 dans un endroit frais et sec<\/p>\n<p style=\"padding-top:5px;\"><a class=\"btn_shop\" href=\"\/fr\/fruits-deshydrates\/framboises-deshydratees\/\">Informations g\u00e9n\u00e9rales sur la framboise d\u00e9shydrat\u00e9e<\/a><\/p>\n","protected":false},"featured_media":289139,"menu_order":0,"template":"","meta":{"_et_pb_use_builder":"off","_et_pb_old_content":"La poudre de framboises d\u00e9shydrat\u00e9es donne \u00e0 vos cr\u00e9ations un go\u00fbt d\u2019\u00e9t\u00e9 doux et sucr\u00e9. Avec son rouge profond, la poudre de framboises d\u00e9shydrat\u00e9es permet de cr\u00e9er des d\u00e9corations de desserts remarquables, des p\u00e2tisseries exquises, des bi\u00e8res go\u00fbteuses et bien plus encore. Ses utilisations sont nombreuses au plus grand plaisir de nos papilles!","_et_gb_content_width":""},"product_brand":[],"product_cat":[92,31],"product_tag":[263,308,267,303],"class_list":{"0":"post-1565","1":"product","2":"type-product","3":"status-publish","4":"has-post-thumbnail","6":"product_cat-framboises","7":"product_cat-fruits-deshydrates","8":"product_tag-brassage-de-bieres","9":"product_tag-creation-de-chocolats","10":"product_tag-granola-cereales","11":"product_tag-poudres-de-fruit","13":"first","14":"outofstock","15":"shipping-taxable","16":"purchasable","17":"product-type-variable"},"yoast_head":"<!-- This site is optimized with the Yoast SEO plugin v27.3 - https:\/\/yoast.com\/product\/yoast-seo-wordpress\/ -->\n<title>Poudre de framboises d\u00e9shydrat\u00e9es | Boutique ANHYDRA<\/title>\n<meta name=\"description\" content=\"Poudre de framboises d\u00e9shydrat\u00e9es \u00e0 saupoudrer sur vos d\u00e9licieuses cr\u00e9ations de desserts, de chocolats, de cocktails et plus encore!\" \/>\n<meta name=\"robots\" content=\"index, follow, max-snippet:-1, max-image-preview:large, max-video-preview:-1\" \/>\n<link rel=\"canonical\" href=\"https:\/\/anhydra.com\/fr\/produit\/poudre-de-framboises-deshydratees\/\" \/>\n<meta property=\"og:locale\" content=\"fr_FR\" \/>\n<meta property=\"og:type\" content=\"article\" \/>\n<meta property=\"og:title\" content=\"Poudre de framboises d\u00e9shydrat\u00e9es | Boutique ANHYDRA\" \/>\n<meta property=\"og:description\" content=\"Poudre de framboises d\u00e9shydrat\u00e9es \u00e0 saupoudrer sur vos d\u00e9licieuses cr\u00e9ations de desserts, de chocolats, de cocktails et plus encore!\" \/>\n<meta property=\"og:url\" content=\"https:\/\/anhydra.com\/fr\/produit\/poudre-de-framboises-deshydratees\/\" \/>\n<meta property=\"og:site_name\" content=\"ANHYDRA\" \/>\n<meta property=\"article:modified_time\" content=\"2026-03-30T17:17:52+00:00\" \/>\n<meta property=\"og:image\" content=\"https:\/\/boutique.anhydra.ca\/wp-content\/uploads\/2021\/07\/Dehydrated-raspberry-powder.jpg\" \/>\n<meta name=\"twitter:card\" content=\"summary_large_image\" \/>\n<meta name=\"twitter:label1\" content=\"Dur\u00e9e de lecture estim\u00e9e\" \/>\n\t<meta name=\"twitter:data1\" content=\"1 minute\" \/>\n<script type=\"application\/ld+json\" class=\"yoast-schema-graph\">{\"@context\":\"https:\\\/\\\/schema.org\",\"@graph\":[{\"@type\":\"WebPage\",\"@id\":\"https:\\\/\\\/anhydra.com\\\/fr\\\/produit\\\/poudre-de-framboises-deshydratees\\\/\",\"url\":\"https:\\\/\\\/anhydra.com\\\/fr\\\/produit\\\/poudre-de-framboises-deshydratees\\\/\",\"name\":\"Poudre de framboises d\u00e9shydrat\u00e9es | Boutique ANHYDRA\",\"isPartOf\":{\"@id\":\"https:\\\/\\\/anhydra.com\\\/fr\\\/#website\"},\"primaryImageOfPage\":{\"@id\":\"https:\\\/\\\/anhydra.com\\\/fr\\\/produit\\\/poudre-de-framboises-deshydratees\\\/#primaryimage\"},\"image\":{\"@id\":\"https:\\\/\\\/anhydra.com\\\/fr\\\/produit\\\/poudre-de-framboises-deshydratees\\\/#primaryimage\"},\"thumbnailUrl\":\"https:\\\/\\\/anhydra.com\\\/wp-content\\\/uploads\\\/2021\\\/07\\\/Framboises-Poudre-ProductImg.jpg\",\"datePublished\":\"2021-07-14T15:42:05+00:00\",\"dateModified\":\"2026-03-30T17:17:52+00:00\",\"description\":\"Poudre de framboises d\u00e9shydrat\u00e9es \u00e0 saupoudrer sur vos d\u00e9licieuses cr\u00e9ations de desserts, de chocolats, de cocktails et plus encore!\",\"breadcrumb\":{\"@id\":\"https:\\\/\\\/anhydra.com\\\/fr\\\/produit\\\/poudre-de-framboises-deshydratees\\\/#breadcrumb\"},\"inLanguage\":\"fr-FR\",\"potentialAction\":[{\"@type\":\"ReadAction\",\"target\":[\"https:\\\/\\\/anhydra.com\\\/fr\\\/produit\\\/poudre-de-framboises-deshydratees\\\/\"]}]},{\"@type\":\"ImageObject\",\"inLanguage\":\"fr-FR\",\"@id\":\"https:\\\/\\\/anhydra.com\\\/fr\\\/produit\\\/poudre-de-framboises-deshydratees\\\/#primaryimage\",\"url\":\"https:\\\/\\\/anhydra.com\\\/wp-content\\\/uploads\\\/2021\\\/07\\\/Framboises-Poudre-ProductImg.jpg\",\"contentUrl\":\"https:\\\/\\\/anhydra.com\\\/wp-content\\\/uploads\\\/2021\\\/07\\\/Framboises-Poudre-ProductImg.jpg\",\"width\":1500,\"height\":1000},{\"@type\":\"BreadcrumbList\",\"@id\":\"https:\\\/\\\/anhydra.com\\\/fr\\\/produit\\\/poudre-de-framboises-deshydratees\\\/#breadcrumb\",\"itemListElement\":[{\"@type\":\"ListItem\",\"position\":1,\"name\":\"Home\",\"item\":\"https:\\\/\\\/anhydra.com\\\/fr\\\/\"},{\"@type\":\"ListItem\",\"position\":2,\"name\":\"La Boutique ANHYDRA\",\"item\":\"https:\\\/\\\/anhydra.com\\\/fr\\\/boutique\\\/\"},{\"@type\":\"ListItem\",\"position\":3,\"name\":\"Poudre de framboises d\u00e9shydrat\u00e9es\"}]},{\"@type\":\"WebSite\",\"@id\":\"https:\\\/\\\/anhydra.com\\\/fr\\\/#website\",\"url\":\"https:\\\/\\\/anhydra.com\\\/fr\\\/\",\"name\":\"ANHYDRA\",\"description\":\"\",\"potentialAction\":[{\"@type\":\"SearchAction\",\"target\":{\"@type\":\"EntryPoint\",\"urlTemplate\":\"https:\\\/\\\/anhydra.com\\\/fr\\\/?s={search_term_string}\"},\"query-input\":{\"@type\":\"PropertyValueSpecification\",\"valueRequired\":true,\"valueName\":\"search_term_string\"}}],\"inLanguage\":\"fr-FR\"}]}<\/script>\n<!-- \/ Yoast SEO plugin. -->","yoast_head_json":{"title":"Poudre de framboises d\u00e9shydrat\u00e9es | Boutique ANHYDRA","description":"Poudre de framboises d\u00e9shydrat\u00e9es \u00e0 saupoudrer sur vos d\u00e9licieuses cr\u00e9ations de desserts, de chocolats, de cocktails et plus encore!","robots":{"index":"index","follow":"follow","max-snippet":"max-snippet:-1","max-image-preview":"max-image-preview:large","max-video-preview":"max-video-preview:-1"},"canonical":"https:\/\/anhydra.com\/fr\/produit\/poudre-de-framboises-deshydratees\/","og_locale":"fr_FR","og_type":"article","og_title":"Poudre de framboises d\u00e9shydrat\u00e9es | Boutique ANHYDRA","og_description":"Poudre de framboises d\u00e9shydrat\u00e9es \u00e0 saupoudrer sur vos d\u00e9licieuses cr\u00e9ations de desserts, de chocolats, de cocktails et plus encore!","og_url":"https:\/\/anhydra.com\/fr\/produit\/poudre-de-framboises-deshydratees\/","og_site_name":"ANHYDRA","article_modified_time":"2026-03-30T17:17:52+00:00","og_image":[{"url":"https:\/\/boutique.anhydra.ca\/wp-content\/uploads\/2021\/07\/Dehydrated-raspberry-powder.jpg","type":"","width":"","height":""}],"twitter_card":"summary_large_image","twitter_misc":{"Dur\u00e9e de lecture estim\u00e9e":"1 minute"},"schema":{"@context":"https:\/\/schema.org","@graph":[{"@type":"WebPage","@id":"https:\/\/anhydra.com\/fr\/produit\/poudre-de-framboises-deshydratees\/","url":"https:\/\/anhydra.com\/fr\/produit\/poudre-de-framboises-deshydratees\/","name":"Poudre de framboises d\u00e9shydrat\u00e9es | Boutique ANHYDRA","isPartOf":{"@id":"https:\/\/anhydra.com\/fr\/#website"},"primaryImageOfPage":{"@id":"https:\/\/anhydra.com\/fr\/produit\/poudre-de-framboises-deshydratees\/#primaryimage"},"image":{"@id":"https:\/\/anhydra.com\/fr\/produit\/poudre-de-framboises-deshydratees\/#primaryimage"},"thumbnailUrl":"https:\/\/anhydra.com\/wp-content\/uploads\/2021\/07\/Framboises-Poudre-ProductImg.jpg","datePublished":"2021-07-14T15:42:05+00:00","dateModified":"2026-03-30T17:17:52+00:00","description":"Poudre de framboises d\u00e9shydrat\u00e9es \u00e0 saupoudrer sur vos d\u00e9licieuses cr\u00e9ations de desserts, de chocolats, de cocktails et plus encore!","breadcrumb":{"@id":"https:\/\/anhydra.com\/fr\/produit\/poudre-de-framboises-deshydratees\/#breadcrumb"},"inLanguage":"fr-FR","potentialAction":[{"@type":"ReadAction","target":["https:\/\/anhydra.com\/fr\/produit\/poudre-de-framboises-deshydratees\/"]}]},{"@type":"ImageObject","inLanguage":"fr-FR","@id":"https:\/\/anhydra.com\/fr\/produit\/poudre-de-framboises-deshydratees\/#primaryimage","url":"https:\/\/anhydra.com\/wp-content\/uploads\/2021\/07\/Framboises-Poudre-ProductImg.jpg","contentUrl":"https:\/\/anhydra.com\/wp-content\/uploads\/2021\/07\/Framboises-Poudre-ProductImg.jpg","width":1500,"height":1000},{"@type":"BreadcrumbList","@id":"https:\/\/anhydra.com\/fr\/produit\/poudre-de-framboises-deshydratees\/#breadcrumb","itemListElement":[{"@type":"ListItem","position":1,"name":"Home","item":"https:\/\/anhydra.com\/fr\/"},{"@type":"ListItem","position":2,"name":"La Boutique ANHYDRA","item":"https:\/\/anhydra.com\/fr\/boutique\/"},{"@type":"ListItem","position":3,"name":"Poudre de framboises d\u00e9shydrat\u00e9es"}]},{"@type":"WebSite","@id":"https:\/\/anhydra.com\/fr\/#website","url":"https:\/\/anhydra.com\/fr\/","name":"ANHYDRA","description":"","potentialAction":[{"@type":"SearchAction","target":{"@type":"EntryPoint","urlTemplate":"https:\/\/anhydra.com\/fr\/?s={search_term_string}"},"query-input":{"@type":"PropertyValueSpecification","valueRequired":true,"valueName":"search_term_string"}}],"inLanguage":"fr-FR"}]}},"_links":{"self":[{"href":"https:\/\/anhydra.com\/fr\/wp-json\/wp\/v2\/product\/1565","targetHints":{"allow":["GET"]}}],"collection":[{"href":"https:\/\/anhydra.com\/fr\/wp-json\/wp\/v2\/product"}],"about":[{"href":"https:\/\/anhydra.com\/fr\/wp-json\/wp\/v2\/types\/product"}],"wp:featuredmedia":[{"embeddable":true,"href":"https:\/\/anhydra.com\/fr\/wp-json\/wp\/v2\/media\/289139"}],"wp:attachment":[{"href":"https:\/\/anhydra.com\/fr\/wp-json\/wp\/v2\/media?parent=1565"}],"wp:term":[{"taxonomy":"product_brand","embeddable":true,"href":"https:\/\/anhydra.com\/fr\/wp-json\/wp\/v2\/product_brand?post=1565"},{"taxonomy":"product_cat","embeddable":true,"href":"https:\/\/anhydra.com\/fr\/wp-json\/wp\/v2\/product_cat?post=1565"},{"taxonomy":"product_tag","embeddable":true,"href":"https:\/\/anhydra.com\/fr\/wp-json\/wp\/v2\/product_tag?post=1565"}],"curies":[{"name":"wp","href":"https:\/\/api.w.org\/{rel}","templated":true}]}}