{"id":1557,"date":"2021-07-14T10:42:29","date_gmt":"2021-07-14T14:42:29","guid":{"rendered":"https:\/\/boutique.anhydra.ca\/product\/non%20class\u00e9\/poudre-de-limes-deshydratees\/"},"modified":"2026-04-08T06:12:44","modified_gmt":"2026-04-08T10:12:44","slug":"poudre-de-limes-deshydratees","status":"publish","type":"product","link":"https:\/\/anhydra.com\/fr\/produit\/poudre-de-limes-deshydratees\/","title":{"rendered":"Poudre de limes d\u00e9shydrat\u00e9es"},"content":{"rendered":"<p>La poudre de limes d\u00e9shydrat\u00e9es donne \u00e0 vos cr\u00e9ations un go\u00fbt rafra\u00eechissant l\u00e9g\u00e8rement acidul\u00e9. Reconnue comme un ingr\u00e9dient de choix dans le brassage de bi\u00e8res aux saveurs uniques, la poudre de limes d\u00e9shydrat\u00e9es s\u2019utilise de plusieurs fa\u00e7ons. Elle est id\u00e9ale pour cr\u00e9er de succulents givrages de verre et des combinaisons de saveurs qui ne passent pas inaper\u00e7ues.<\/p>\n","protected":false},"excerpt":{"rendered":"<p><strong>Ingr\u00e9dients :<\/strong>\u00a0Limes<br \/>\n<strong>Granulom\u00e9trie :<\/strong> 100% passe le 20 mesh<br \/>\n<strong>Humidit\u00e9 :<\/strong>\u00a0\u2264 12%<br \/>\n<strong>Activit\u00e9 de l&rsquo;eau :<\/strong>\u00a0\u2264 0,650<br \/>\n<strong>Dur\u00e9e de vie \/ Conditions d&rsquo;entreposage :<\/strong>\u00a0Trois (3) ans lorsque le produit est entrepos\u00e9 dans un endroit frais et sec<br \/>\n<strong>Certifications :<\/strong>\u00a0Certifi\u00e9 cach\u00e8re par MK<\/p>\n<p style=\"padding-top:5px;\"><a class=\"btn_shop\" href=\"\/fr\/fruits-deshydrates\/limes-deshydratees\/\">Informations g\u00e9n\u00e9rales sur la lime d\u00e9shydrat\u00e9e<\/a><\/p>\n","protected":false},"featured_media":288704,"menu_order":0,"template":"","meta":{"_et_pb_use_builder":"off","_et_pb_old_content":"La poudre de limes d\u00e9shydrat\u00e9es donne \u00e0 vos cr\u00e9ations un go\u00fbt rafra\u00eechissant l\u00e9g\u00e8rement acidul\u00e9. Reconnue comme un ingr\u00e9dient de choix dans le brassage de bi\u00e8res aux saveurs uniques, la poudre de limes d\u00e9shydrat\u00e9es s\u2019utilise de plusieurs fa\u00e7ons. Elle est id\u00e9ale pour cr\u00e9er de succulents givrages de verre et des combinaisons de saveurs qui ne passent pas inaper\u00e7ues.","_et_gb_content_width":""},"product_brand":[],"product_cat":[31,104],"product_tag":[263,308,303],"class_list":{"0":"post-1557","1":"product","2":"type-product","3":"status-publish","4":"has-post-thumbnail","6":"product_cat-fruits-deshydrates","7":"product_cat-limes-fr","8":"product_tag-brassage-de-bieres","9":"product_tag-creation-de-chocolats","10":"product_tag-poudres-de-fruit","12":"first","13":"instock","14":"shipping-taxable","15":"purchasable","16":"product-type-variable"},"yoast_head":"<!-- This site is optimized with the Yoast SEO plugin v27.3 - https:\/\/yoast.com\/product\/yoast-seo-wordpress\/ -->\n<title>Poudre de limes d\u00e9shydrat\u00e9es | Boutique ANHYDRA<\/title>\n<meta name=\"description\" content=\"Poudre de limes d\u00e9shydrat\u00e9es rafra\u00eechissante aux multiples usages. Id\u00e9ale pour le brassage de bi\u00e8res et le givrage de verre \u00e0 cocktail!\" \/>\n<meta name=\"robots\" content=\"index, follow, max-snippet:-1, max-image-preview:large, max-video-preview:-1\" \/>\n<link rel=\"canonical\" href=\"https:\/\/anhydra.com\/fr\/produit\/poudre-de-limes-deshydratees\/\" \/>\n<meta property=\"og:locale\" content=\"fr_FR\" \/>\n<meta property=\"og:type\" content=\"article\" \/>\n<meta property=\"og:title\" content=\"Poudre de limes d\u00e9shydrat\u00e9es | Boutique ANHYDRA\" \/>\n<meta property=\"og:description\" content=\"Poudre de limes d\u00e9shydrat\u00e9es rafra\u00eechissante aux multiples usages. Id\u00e9ale pour le brassage de bi\u00e8res et le givrage de verre \u00e0 cocktail!\" \/>\n<meta property=\"og:url\" content=\"https:\/\/anhydra.com\/fr\/produit\/poudre-de-limes-deshydratees\/\" \/>\n<meta property=\"og:site_name\" content=\"ANHYDRA\" \/>\n<meta property=\"article:modified_time\" content=\"2026-04-08T10:12:44+00:00\" \/>\n<meta property=\"og:image\" content=\"https:\/\/boutique.anhydra.ca\/wp-content\/uploads\/2021\/07\/Dehydrated-lime-powder.jpg\" \/>\n<meta name=\"twitter:card\" content=\"summary_large_image\" \/>\n<meta name=\"twitter:label1\" content=\"Dur\u00e9e de lecture estim\u00e9e\" \/>\n\t<meta name=\"twitter:data1\" content=\"1 minute\" \/>\n<script type=\"application\/ld+json\" class=\"yoast-schema-graph\">{\"@context\":\"https:\\\/\\\/schema.org\",\"@graph\":[{\"@type\":\"WebPage\",\"@id\":\"https:\\\/\\\/anhydra.com\\\/fr\\\/produit\\\/poudre-de-limes-deshydratees\\\/\",\"url\":\"https:\\\/\\\/anhydra.com\\\/fr\\\/produit\\\/poudre-de-limes-deshydratees\\\/\",\"name\":\"Poudre de limes d\u00e9shydrat\u00e9es | Boutique ANHYDRA\",\"isPartOf\":{\"@id\":\"https:\\\/\\\/anhydra.com\\\/fr\\\/#website\"},\"primaryImageOfPage\":{\"@id\":\"https:\\\/\\\/anhydra.com\\\/fr\\\/produit\\\/poudre-de-limes-deshydratees\\\/#primaryimage\"},\"image\":{\"@id\":\"https:\\\/\\\/anhydra.com\\\/fr\\\/produit\\\/poudre-de-limes-deshydratees\\\/#primaryimage\"},\"thumbnailUrl\":\"https:\\\/\\\/anhydra.com\\\/wp-content\\\/uploads\\\/2025\\\/09\\\/Lime-Powder.jpg\",\"datePublished\":\"2021-07-14T14:42:29+00:00\",\"dateModified\":\"2026-04-08T10:12:44+00:00\",\"description\":\"Poudre de limes d\u00e9shydrat\u00e9es rafra\u00eechissante aux multiples usages. Id\u00e9ale pour le brassage de bi\u00e8res et le givrage de verre \u00e0 cocktail!\",\"breadcrumb\":{\"@id\":\"https:\\\/\\\/anhydra.com\\\/fr\\\/produit\\\/poudre-de-limes-deshydratees\\\/#breadcrumb\"},\"inLanguage\":\"fr-FR\",\"potentialAction\":[{\"@type\":\"ReadAction\",\"target\":[\"https:\\\/\\\/anhydra.com\\\/fr\\\/produit\\\/poudre-de-limes-deshydratees\\\/\"]}]},{\"@type\":\"ImageObject\",\"inLanguage\":\"fr-FR\",\"@id\":\"https:\\\/\\\/anhydra.com\\\/fr\\\/produit\\\/poudre-de-limes-deshydratees\\\/#primaryimage\",\"url\":\"https:\\\/\\\/anhydra.com\\\/wp-content\\\/uploads\\\/2025\\\/09\\\/Lime-Powder.jpg\",\"contentUrl\":\"https:\\\/\\\/anhydra.com\\\/wp-content\\\/uploads\\\/2025\\\/09\\\/Lime-Powder.jpg\",\"width\":1500,\"height\":1000},{\"@type\":\"BreadcrumbList\",\"@id\":\"https:\\\/\\\/anhydra.com\\\/fr\\\/produit\\\/poudre-de-limes-deshydratees\\\/#breadcrumb\",\"itemListElement\":[{\"@type\":\"ListItem\",\"position\":1,\"name\":\"Home\",\"item\":\"https:\\\/\\\/anhydra.com\\\/fr\\\/\"},{\"@type\":\"ListItem\",\"position\":2,\"name\":\"La Boutique ANHYDRA\",\"item\":\"https:\\\/\\\/anhydra.com\\\/fr\\\/boutique\\\/\"},{\"@type\":\"ListItem\",\"position\":3,\"name\":\"Poudre de limes d\u00e9shydrat\u00e9es\"}]},{\"@type\":\"WebSite\",\"@id\":\"https:\\\/\\\/anhydra.com\\\/fr\\\/#website\",\"url\":\"https:\\\/\\\/anhydra.com\\\/fr\\\/\",\"name\":\"ANHYDRA\",\"description\":\"\",\"potentialAction\":[{\"@type\":\"SearchAction\",\"target\":{\"@type\":\"EntryPoint\",\"urlTemplate\":\"https:\\\/\\\/anhydra.com\\\/fr\\\/?s={search_term_string}\"},\"query-input\":{\"@type\":\"PropertyValueSpecification\",\"valueRequired\":true,\"valueName\":\"search_term_string\"}}],\"inLanguage\":\"fr-FR\"}]}<\/script>\n<!-- \/ Yoast SEO plugin. -->","yoast_head_json":{"title":"Poudre de limes d\u00e9shydrat\u00e9es | Boutique ANHYDRA","description":"Poudre de limes d\u00e9shydrat\u00e9es rafra\u00eechissante aux multiples usages. Id\u00e9ale pour le brassage de bi\u00e8res et le givrage de verre \u00e0 cocktail!","robots":{"index":"index","follow":"follow","max-snippet":"max-snippet:-1","max-image-preview":"max-image-preview:large","max-video-preview":"max-video-preview:-1"},"canonical":"https:\/\/anhydra.com\/fr\/produit\/poudre-de-limes-deshydratees\/","og_locale":"fr_FR","og_type":"article","og_title":"Poudre de limes d\u00e9shydrat\u00e9es | Boutique ANHYDRA","og_description":"Poudre de limes d\u00e9shydrat\u00e9es rafra\u00eechissante aux multiples usages. Id\u00e9ale pour le brassage de bi\u00e8res et le givrage de verre \u00e0 cocktail!","og_url":"https:\/\/anhydra.com\/fr\/produit\/poudre-de-limes-deshydratees\/","og_site_name":"ANHYDRA","article_modified_time":"2026-04-08T10:12:44+00:00","og_image":[{"url":"https:\/\/boutique.anhydra.ca\/wp-content\/uploads\/2021\/07\/Dehydrated-lime-powder.jpg","type":"","width":"","height":""}],"twitter_card":"summary_large_image","twitter_misc":{"Dur\u00e9e de lecture estim\u00e9e":"1 minute"},"schema":{"@context":"https:\/\/schema.org","@graph":[{"@type":"WebPage","@id":"https:\/\/anhydra.com\/fr\/produit\/poudre-de-limes-deshydratees\/","url":"https:\/\/anhydra.com\/fr\/produit\/poudre-de-limes-deshydratees\/","name":"Poudre de limes d\u00e9shydrat\u00e9es | Boutique ANHYDRA","isPartOf":{"@id":"https:\/\/anhydra.com\/fr\/#website"},"primaryImageOfPage":{"@id":"https:\/\/anhydra.com\/fr\/produit\/poudre-de-limes-deshydratees\/#primaryimage"},"image":{"@id":"https:\/\/anhydra.com\/fr\/produit\/poudre-de-limes-deshydratees\/#primaryimage"},"thumbnailUrl":"https:\/\/anhydra.com\/wp-content\/uploads\/2025\/09\/Lime-Powder.jpg","datePublished":"2021-07-14T14:42:29+00:00","dateModified":"2026-04-08T10:12:44+00:00","description":"Poudre de limes d\u00e9shydrat\u00e9es rafra\u00eechissante aux multiples usages. Id\u00e9ale pour le brassage de bi\u00e8res et le givrage de verre \u00e0 cocktail!","breadcrumb":{"@id":"https:\/\/anhydra.com\/fr\/produit\/poudre-de-limes-deshydratees\/#breadcrumb"},"inLanguage":"fr-FR","potentialAction":[{"@type":"ReadAction","target":["https:\/\/anhydra.com\/fr\/produit\/poudre-de-limes-deshydratees\/"]}]},{"@type":"ImageObject","inLanguage":"fr-FR","@id":"https:\/\/anhydra.com\/fr\/produit\/poudre-de-limes-deshydratees\/#primaryimage","url":"https:\/\/anhydra.com\/wp-content\/uploads\/2025\/09\/Lime-Powder.jpg","contentUrl":"https:\/\/anhydra.com\/wp-content\/uploads\/2025\/09\/Lime-Powder.jpg","width":1500,"height":1000},{"@type":"BreadcrumbList","@id":"https:\/\/anhydra.com\/fr\/produit\/poudre-de-limes-deshydratees\/#breadcrumb","itemListElement":[{"@type":"ListItem","position":1,"name":"Home","item":"https:\/\/anhydra.com\/fr\/"},{"@type":"ListItem","position":2,"name":"La Boutique ANHYDRA","item":"https:\/\/anhydra.com\/fr\/boutique\/"},{"@type":"ListItem","position":3,"name":"Poudre de limes d\u00e9shydrat\u00e9es"}]},{"@type":"WebSite","@id":"https:\/\/anhydra.com\/fr\/#website","url":"https:\/\/anhydra.com\/fr\/","name":"ANHYDRA","description":"","potentialAction":[{"@type":"SearchAction","target":{"@type":"EntryPoint","urlTemplate":"https:\/\/anhydra.com\/fr\/?s={search_term_string}"},"query-input":{"@type":"PropertyValueSpecification","valueRequired":true,"valueName":"search_term_string"}}],"inLanguage":"fr-FR"}]}},"_links":{"self":[{"href":"https:\/\/anhydra.com\/fr\/wp-json\/wp\/v2\/product\/1557","targetHints":{"allow":["GET"]}}],"collection":[{"href":"https:\/\/anhydra.com\/fr\/wp-json\/wp\/v2\/product"}],"about":[{"href":"https:\/\/anhydra.com\/fr\/wp-json\/wp\/v2\/types\/product"}],"wp:featuredmedia":[{"embeddable":true,"href":"https:\/\/anhydra.com\/fr\/wp-json\/wp\/v2\/media\/288704"}],"wp:attachment":[{"href":"https:\/\/anhydra.com\/fr\/wp-json\/wp\/v2\/media?parent=1557"}],"wp:term":[{"taxonomy":"product_brand","embeddable":true,"href":"https:\/\/anhydra.com\/fr\/wp-json\/wp\/v2\/product_brand?post=1557"},{"taxonomy":"product_cat","embeddable":true,"href":"https:\/\/anhydra.com\/fr\/wp-json\/wp\/v2\/product_cat?post=1557"},{"taxonomy":"product_tag","embeddable":true,"href":"https:\/\/anhydra.com\/fr\/wp-json\/wp\/v2\/product_tag?post=1557"}],"curies":[{"name":"wp","href":"https:\/\/api.w.org\/{rel}","templated":true}]}}