{"id":1526,"date":"2021-07-13T15:22:41","date_gmt":"2021-07-13T19:22:41","guid":{"rendered":"https:\/\/boutique.anhydra.ca\/product\/non%20class\u00e9\/poudre-de-citrons-deshydrates\/"},"modified":"2026-04-22T15:06:19","modified_gmt":"2026-04-22T19:06:19","slug":"poudre-de-citrons-deshydrates","status":"publish","type":"product","link":"https:\/\/anhydra.com\/fr\/produit\/poudre-de-citrons-deshydrates\/","title":{"rendered":"Poudre de citrons d\u00e9shydrat\u00e9s"},"content":{"rendered":"<p>La poudre de citrons d\u00e9shydrat\u00e9s donne \u00e0 vos cr\u00e9ations un go\u00fbt vif et frais, l\u00e9g\u00e8rement sucr\u00e9. Reconnue comme un ingr\u00e9dient de choix dans le brassage de bi\u00e8res, la poudre de citrons d\u00e9shydrat\u00e9s se pr\u00e9sente comme un ingr\u00e9dient passe-partout qui s\u2019utilise de nombreuses fa\u00e7ons. Elle est id\u00e9ale, entre autres, pour cr\u00e9er de d\u00e9licieux givrages de verre \u00e0 cocktail.  <\/p>\n","protected":false},"excerpt":{"rendered":"<p><strong>Ingr\u00e9dients :<\/strong>\u00a0Citrons<br \/>\n<strong>Granulom\u00e9trie :<\/strong> 100% passe le 20 mesh<br \/>\n<strong>Humidit\u00e9 :<\/strong>\u00a0\u2264 12%<br \/>\n<strong>Activit\u00e9 de l&rsquo;eau :<\/strong>\u00a0\u2264 0,650<br \/>\n<strong>Dur\u00e9e de vie \/ Conditions d&rsquo;entreposage :<\/strong>\u00a0Trois (3) ans lorsque le produit est entrepos\u00e9 dans un endroit frais et sec<br \/>\n<strong>Certifications :<\/strong>\u00a0Certifi\u00e9 cach\u00e8re par MK<\/p>\n<p style=\"padding-top:5px;\"><a class=\"btn_shop\" href=\"\/fr\/fruits-deshydrates\/citrons-deshydrates\/\">Informations g\u00e9n\u00e9rales sur le citron d\u00e9shydrat\u00e9<\/a><\/p>\n","protected":false},"featured_media":289119,"menu_order":0,"template":"","meta":{"_et_pb_use_builder":"off","_et_pb_old_content":"La poudre de citrons d\u00e9shydrat\u00e9s donne \u00e0 vos cr\u00e9ations un go\u00fbt vif et frais, l\u00e9g\u00e8rement sucr\u00e9. Reconnue comme un ingr\u00e9dient de choix dans le brassage de bi\u00e8res, la poudre de citrons d\u00e9shydrat\u00e9s se pr\u00e9sente comme un ingr\u00e9dient passe-partout qui s\u2019utilise de nombreuses fa\u00e7ons. Elle est id\u00e9ale, entre autres, pour cr\u00e9er de d\u00e9licieux givrages de verre \u00e0 cocktail.  ","_et_gb_content_width":""},"product_brand":[],"product_cat":[100,31],"product_tag":[263,308,303],"class_list":{"0":"post-1526","1":"product","2":"type-product","3":"status-publish","4":"has-post-thumbnail","6":"product_cat-citrons","7":"product_cat-fruits-deshydrates","8":"product_tag-brassage-de-bieres","9":"product_tag-creation-de-chocolats","10":"product_tag-poudres-de-fruit","12":"first","13":"instock","14":"shipping-taxable","15":"purchasable","16":"product-type-variable"},"yoast_head":"<!-- This site is optimized with the Yoast SEO plugin v27.3 - https:\/\/yoast.com\/product\/yoast-seo-wordpress\/ -->\n<title>Poudre de citrons d\u00e9shydrat\u00e9s | Boutique ANHYDRA<\/title>\n<meta name=\"description\" content=\"Poudre de citrons d\u00e9shydrat\u00e9s rafra\u00eechissante aux multiples usages. Id\u00e9ale pour le brassage de bi\u00e8res et le givrage de verre \u00e0 cocktail!\" \/>\n<meta name=\"robots\" content=\"index, follow, max-snippet:-1, max-image-preview:large, max-video-preview:-1\" \/>\n<link rel=\"canonical\" href=\"https:\/\/anhydra.com\/fr\/produit\/poudre-de-citrons-deshydrates\/\" \/>\n<meta property=\"og:locale\" content=\"fr_FR\" \/>\n<meta property=\"og:type\" content=\"article\" \/>\n<meta property=\"og:title\" content=\"Poudre de citrons d\u00e9shydrat\u00e9s | Boutique ANHYDRA\" \/>\n<meta property=\"og:description\" content=\"Poudre de citrons d\u00e9shydrat\u00e9s rafra\u00eechissante aux multiples usages. Id\u00e9ale pour le brassage de bi\u00e8res et le givrage de verre \u00e0 cocktail!\" \/>\n<meta property=\"og:url\" content=\"https:\/\/anhydra.com\/fr\/produit\/poudre-de-citrons-deshydrates\/\" \/>\n<meta property=\"og:site_name\" content=\"ANHYDRA\" \/>\n<meta property=\"article:modified_time\" content=\"2026-04-22T19:06:19+00:00\" \/>\n<meta property=\"og:image\" content=\"https:\/\/boutique.anhydra.ca\/wp-content\/uploads\/2021\/07\/Dehydrated-lemon-powder.jpg\" \/>\n<meta name=\"twitter:card\" content=\"summary_large_image\" \/>\n<meta name=\"twitter:label1\" content=\"Dur\u00e9e de lecture estim\u00e9e\" \/>\n\t<meta name=\"twitter:data1\" content=\"1 minute\" \/>\n<script type=\"application\/ld+json\" class=\"yoast-schema-graph\">{\"@context\":\"https:\\\/\\\/schema.org\",\"@graph\":[{\"@type\":\"WebPage\",\"@id\":\"https:\\\/\\\/anhydra.com\\\/fr\\\/produit\\\/poudre-de-citrons-deshydrates\\\/\",\"url\":\"https:\\\/\\\/anhydra.com\\\/fr\\\/produit\\\/poudre-de-citrons-deshydrates\\\/\",\"name\":\"Poudre de citrons d\u00e9shydrat\u00e9s | Boutique ANHYDRA\",\"isPartOf\":{\"@id\":\"https:\\\/\\\/anhydra.com\\\/fr\\\/#website\"},\"primaryImageOfPage\":{\"@id\":\"https:\\\/\\\/anhydra.com\\\/fr\\\/produit\\\/poudre-de-citrons-deshydrates\\\/#primaryimage\"},\"image\":{\"@id\":\"https:\\\/\\\/anhydra.com\\\/fr\\\/produit\\\/poudre-de-citrons-deshydrates\\\/#primaryimage\"},\"thumbnailUrl\":\"https:\\\/\\\/anhydra.com\\\/wp-content\\\/uploads\\\/2021\\\/07\\\/Citrons-Poudre.jpg\",\"datePublished\":\"2021-07-13T19:22:41+00:00\",\"dateModified\":\"2026-04-22T19:06:19+00:00\",\"description\":\"Poudre de citrons d\u00e9shydrat\u00e9s rafra\u00eechissante aux multiples usages. Id\u00e9ale pour le brassage de bi\u00e8res et le givrage de verre \u00e0 cocktail!\",\"breadcrumb\":{\"@id\":\"https:\\\/\\\/anhydra.com\\\/fr\\\/produit\\\/poudre-de-citrons-deshydrates\\\/#breadcrumb\"},\"inLanguage\":\"fr-FR\",\"potentialAction\":[{\"@type\":\"ReadAction\",\"target\":[\"https:\\\/\\\/anhydra.com\\\/fr\\\/produit\\\/poudre-de-citrons-deshydrates\\\/\"]}]},{\"@type\":\"ImageObject\",\"inLanguage\":\"fr-FR\",\"@id\":\"https:\\\/\\\/anhydra.com\\\/fr\\\/produit\\\/poudre-de-citrons-deshydrates\\\/#primaryimage\",\"url\":\"https:\\\/\\\/anhydra.com\\\/wp-content\\\/uploads\\\/2021\\\/07\\\/Citrons-Poudre.jpg\",\"contentUrl\":\"https:\\\/\\\/anhydra.com\\\/wp-content\\\/uploads\\\/2021\\\/07\\\/Citrons-Poudre.jpg\",\"width\":1500,\"height\":1000},{\"@type\":\"BreadcrumbList\",\"@id\":\"https:\\\/\\\/anhydra.com\\\/fr\\\/produit\\\/poudre-de-citrons-deshydrates\\\/#breadcrumb\",\"itemListElement\":[{\"@type\":\"ListItem\",\"position\":1,\"name\":\"Home\",\"item\":\"https:\\\/\\\/anhydra.com\\\/fr\\\/\"},{\"@type\":\"ListItem\",\"position\":2,\"name\":\"La Boutique ANHYDRA\",\"item\":\"https:\\\/\\\/anhydra.com\\\/fr\\\/boutique\\\/\"},{\"@type\":\"ListItem\",\"position\":3,\"name\":\"Poudre de citrons d\u00e9shydrat\u00e9s\"}]},{\"@type\":\"WebSite\",\"@id\":\"https:\\\/\\\/anhydra.com\\\/fr\\\/#website\",\"url\":\"https:\\\/\\\/anhydra.com\\\/fr\\\/\",\"name\":\"ANHYDRA\",\"description\":\"\",\"potentialAction\":[{\"@type\":\"SearchAction\",\"target\":{\"@type\":\"EntryPoint\",\"urlTemplate\":\"https:\\\/\\\/anhydra.com\\\/fr\\\/?s={search_term_string}\"},\"query-input\":{\"@type\":\"PropertyValueSpecification\",\"valueRequired\":true,\"valueName\":\"search_term_string\"}}],\"inLanguage\":\"fr-FR\"}]}<\/script>\n<!-- \/ Yoast SEO plugin. -->","yoast_head_json":{"title":"Poudre de citrons d\u00e9shydrat\u00e9s | Boutique ANHYDRA","description":"Poudre de citrons d\u00e9shydrat\u00e9s rafra\u00eechissante aux multiples usages. Id\u00e9ale pour le brassage de bi\u00e8res et le givrage de verre \u00e0 cocktail!","robots":{"index":"index","follow":"follow","max-snippet":"max-snippet:-1","max-image-preview":"max-image-preview:large","max-video-preview":"max-video-preview:-1"},"canonical":"https:\/\/anhydra.com\/fr\/produit\/poudre-de-citrons-deshydrates\/","og_locale":"fr_FR","og_type":"article","og_title":"Poudre de citrons d\u00e9shydrat\u00e9s | Boutique ANHYDRA","og_description":"Poudre de citrons d\u00e9shydrat\u00e9s rafra\u00eechissante aux multiples usages. Id\u00e9ale pour le brassage de bi\u00e8res et le givrage de verre \u00e0 cocktail!","og_url":"https:\/\/anhydra.com\/fr\/produit\/poudre-de-citrons-deshydrates\/","og_site_name":"ANHYDRA","article_modified_time":"2026-04-22T19:06:19+00:00","og_image":[{"url":"https:\/\/boutique.anhydra.ca\/wp-content\/uploads\/2021\/07\/Dehydrated-lemon-powder.jpg","type":"","width":"","height":""}],"twitter_card":"summary_large_image","twitter_misc":{"Dur\u00e9e de lecture estim\u00e9e":"1 minute"},"schema":{"@context":"https:\/\/schema.org","@graph":[{"@type":"WebPage","@id":"https:\/\/anhydra.com\/fr\/produit\/poudre-de-citrons-deshydrates\/","url":"https:\/\/anhydra.com\/fr\/produit\/poudre-de-citrons-deshydrates\/","name":"Poudre de citrons d\u00e9shydrat\u00e9s | Boutique ANHYDRA","isPartOf":{"@id":"https:\/\/anhydra.com\/fr\/#website"},"primaryImageOfPage":{"@id":"https:\/\/anhydra.com\/fr\/produit\/poudre-de-citrons-deshydrates\/#primaryimage"},"image":{"@id":"https:\/\/anhydra.com\/fr\/produit\/poudre-de-citrons-deshydrates\/#primaryimage"},"thumbnailUrl":"https:\/\/anhydra.com\/wp-content\/uploads\/2021\/07\/Citrons-Poudre.jpg","datePublished":"2021-07-13T19:22:41+00:00","dateModified":"2026-04-22T19:06:19+00:00","description":"Poudre de citrons d\u00e9shydrat\u00e9s rafra\u00eechissante aux multiples usages. Id\u00e9ale pour le brassage de bi\u00e8res et le givrage de verre \u00e0 cocktail!","breadcrumb":{"@id":"https:\/\/anhydra.com\/fr\/produit\/poudre-de-citrons-deshydrates\/#breadcrumb"},"inLanguage":"fr-FR","potentialAction":[{"@type":"ReadAction","target":["https:\/\/anhydra.com\/fr\/produit\/poudre-de-citrons-deshydrates\/"]}]},{"@type":"ImageObject","inLanguage":"fr-FR","@id":"https:\/\/anhydra.com\/fr\/produit\/poudre-de-citrons-deshydrates\/#primaryimage","url":"https:\/\/anhydra.com\/wp-content\/uploads\/2021\/07\/Citrons-Poudre.jpg","contentUrl":"https:\/\/anhydra.com\/wp-content\/uploads\/2021\/07\/Citrons-Poudre.jpg","width":1500,"height":1000},{"@type":"BreadcrumbList","@id":"https:\/\/anhydra.com\/fr\/produit\/poudre-de-citrons-deshydrates\/#breadcrumb","itemListElement":[{"@type":"ListItem","position":1,"name":"Home","item":"https:\/\/anhydra.com\/fr\/"},{"@type":"ListItem","position":2,"name":"La Boutique ANHYDRA","item":"https:\/\/anhydra.com\/fr\/boutique\/"},{"@type":"ListItem","position":3,"name":"Poudre de citrons d\u00e9shydrat\u00e9s"}]},{"@type":"WebSite","@id":"https:\/\/anhydra.com\/fr\/#website","url":"https:\/\/anhydra.com\/fr\/","name":"ANHYDRA","description":"","potentialAction":[{"@type":"SearchAction","target":{"@type":"EntryPoint","urlTemplate":"https:\/\/anhydra.com\/fr\/?s={search_term_string}"},"query-input":{"@type":"PropertyValueSpecification","valueRequired":true,"valueName":"search_term_string"}}],"inLanguage":"fr-FR"}]}},"_links":{"self":[{"href":"https:\/\/anhydra.com\/fr\/wp-json\/wp\/v2\/product\/1526","targetHints":{"allow":["GET"]}}],"collection":[{"href":"https:\/\/anhydra.com\/fr\/wp-json\/wp\/v2\/product"}],"about":[{"href":"https:\/\/anhydra.com\/fr\/wp-json\/wp\/v2\/types\/product"}],"wp:featuredmedia":[{"embeddable":true,"href":"https:\/\/anhydra.com\/fr\/wp-json\/wp\/v2\/media\/289119"}],"wp:attachment":[{"href":"https:\/\/anhydra.com\/fr\/wp-json\/wp\/v2\/media?parent=1526"}],"wp:term":[{"taxonomy":"product_brand","embeddable":true,"href":"https:\/\/anhydra.com\/fr\/wp-json\/wp\/v2\/product_brand?post=1526"},{"taxonomy":"product_cat","embeddable":true,"href":"https:\/\/anhydra.com\/fr\/wp-json\/wp\/v2\/product_cat?post=1526"},{"taxonomy":"product_tag","embeddable":true,"href":"https:\/\/anhydra.com\/fr\/wp-json\/wp\/v2\/product_tag?post=1526"}],"curies":[{"name":"wp","href":"https:\/\/api.w.org\/{rel}","templated":true}]}}