{"id":286726,"date":"2024-04-04T15:04:22","date_gmt":"2024-04-04T19:04:22","guid":{"rendered":"https:\/\/anhydra.com\/?page_id=286726"},"modified":"2024-04-04T15:12:00","modified_gmt":"2024-04-04T19:12:00","slug":"politique-de-confidentialite","status":"publish","type":"page","link":"https:\/\/anhydra.com\/fr\/politique-de-confidentialite\/","title":{"rendered":"Politique de confidentialit\u00e9"},"content":{"rendered":"<p>[et_pb_section fb_built=\u00a0\u00bb1&Prime; admin_label=\u00a0\u00bbsection\u00a0\u00bb _builder_version=\u00a0\u00bb4.24.2&Prime; background_color=\u00a0\u00bb#fbf7f8&Prime; top_divider_style=\u00a0\u00bbwave\u00a0\u00bb top_divider_color=\u00a0\u00bb#FFFFFF\u00a0\u00bb top_divider_height=\u00a0\u00bb40px\u00a0\u00bb top_divider_repeat=\u00a0\u00bb3x\u00a0\u00bb top_divider_flip=\u00a0\u00bbhorizontal\u00a0\u00bb top_divider_arrangement=\u00a0\u00bbabove_content\u00a0\u00bb top_divider_height_tablet=\u00a0\u00bb40px\u00a0\u00bb top_divider_height_phone=\u00a0\u00bb20px\u00a0\u00bb top_divider_height_last_edited=\u00a0\u00bbon|desktop\u00a0\u00bb top_divider_repeat_tablet=\u00a0\u00bb3x\u00a0\u00bb top_divider_repeat_phone=\u00a0\u00bb2x\u00a0\u00bb top_divider_repeat_last_edited=\u00a0\u00bbon|desktop\u00a0\u00bb bottom_divider_style=\u00a0\u00bbwave\u00a0\u00bb bottom_divider_color=\u00a0\u00bb#FFFFFF\u00a0\u00bb bottom_divider_height=\u00a0\u00bb140px\u00a0\u00bb bottom_divider_flip=\u00a0\u00bbhorizontal\u00a0\u00bb bottom_divider_arrangement=\u00a0\u00bbabove_content\u00a0\u00bb bottom_divider_height_tablet=\u00a0\u00bb140px\u00a0\u00bb bottom_divider_height_phone=\u00a0\u00bb50px\u00a0\u00bb bottom_divider_height_last_edited=\u00a0\u00bbon|desktop\u00a0\u00bb global_colors_info=\u00a0\u00bb{}\u00a0\u00bb][et_pb_row admin_label=\u00a0\u00bbrow\u00a0\u00bb _builder_version=\u00a0\u00bb4.16&Prime; background_size=\u00a0\u00bbinitial\u00a0\u00bb background_position=\u00a0\u00bbtop_left\u00a0\u00bb background_repeat=\u00a0\u00bbrepeat\u00a0\u00bb global_colors_info=\u00a0\u00bb{}\u00a0\u00bb][et_pb_column type=\u00a0\u00bb4_4&Prime; _builder_version=\u00a0\u00bb4.16&Prime; custom_padding=\u00a0\u00bb|||\u00a0\u00bb global_colors_info=\u00a0\u00bb{}\u00a0\u00bb custom_padding__hover=\u00a0\u00bb|||\u00a0\u00bb][et_pb_text module_class=\u00a0\u00bbtitle_Cubano\u00a0\u00bb _builder_version=\u00a0\u00bb4.24.2&Prime; _module_preset=\u00a0\u00bbdefault\u00a0\u00bb header_text_color=\u00a0\u00bb#ED2125&Prime; header_font_size=\u00a0\u00bb50px\u00a0\u00bb global_colors_info=\u00a0\u00bb{}\u00a0\u00bb]<\/p>\n<h1>Politique de confidentialit\u00e9<\/h1>\n<p>[\/et_pb_text][\/et_pb_column][\/et_pb_row][et_pb_row admin_label=\u00a0\u00bbrow\u00a0\u00bb _builder_version=\u00a0\u00bb4.16&Prime; background_size=\u00a0\u00bbinitial\u00a0\u00bb background_position=\u00a0\u00bbtop_left\u00a0\u00bb background_repeat=\u00a0\u00bbrepeat\u00a0\u00bb global_colors_info=\u00a0\u00bb{}\u00a0\u00bb][et_pb_column type=\u00a0\u00bb4_4&Prime; _builder_version=\u00a0\u00bb4.16&Prime; custom_padding=\u00a0\u00bb|||\u00a0\u00bb global_colors_info=\u00a0\u00bb{}\u00a0\u00bb custom_padding__hover=\u00a0\u00bb|||\u00a0\u00bb][et_pb_text _builder_version=\u00a0\u00bb4.24.2&Prime; _module_preset=\u00a0\u00bbdefault\u00a0\u00bb text_font_size=\u00a0\u00bb19px\u00a0\u00bb header_text_color=\u00a0\u00bb#ED2125&Prime; header_font_size=\u00a0\u00bb50px\u00a0\u00bb header_2_font=\u00a0\u00bbMontserrat|600|||||||\u00a0\u00bb header_2_text_color=\u00a0\u00bb#5E9F8A\u00a0\u00bb global_colors_info=\u00a0\u00bb{}\u00a0\u00bb]<\/p>\n<p>Le respect de votre vie priv\u00e9e est de la plus haute importance pour Martin Gibeault, qui est responsable de ce site.<\/p>\n<p>La pr\u00e9sente politique de confidentialit\u00e9 a pour but de vous exposer :<\/p>\n<p>La mani\u00e8re dont vos renseignements personnels sont collect\u00e9s et trait\u00e9s;<br \/>Qui est responsable du traitement des renseignements personnels collect\u00e9s;<br \/>\u00c0 qui ces renseignements peuvent \u00eatre transmis;<br \/>Quels sont vos droits concernant ces renseignements.<\/p>\n<h2 style=\"padding-top:15px;\">1. Application de la pr\u00e9sente politique<\/h2>\n<p>ANHYDRA Inc. se r\u00e9serve le droit de modifier sa politique de confidentialit\u00e9 en tout temps et sans pr\u00e9avis. Vous pouvez consulter en tout temps la politique applicable sur le pr\u00e9sent site. La date de la derni\u00e8re mise \u00e0 jour de la pr\u00e9sente politique est inscrite au bas de cette page.<\/p>\n<h2 style=\"padding-top:15px;\">2. Collecte et traitement des renseignements<\/h2>\n<p>ANHYDRA Inc. collecte les renseignements personnels suivants :<\/p>\n<ul>\n<li>Nom et pr\u00e9nom<\/li>\n<li>Adresse courriel<\/li>\n<li>Nom de l\u2019entreprise<\/li>\n<li>Num\u00e9ro de t\u00e9l\u00e9phone<\/li>\n<\/ul>\n<p>Ces renseignements sont collect\u00e9s par l\u2019entremise du formulaire de contact pr\u00e9sent sur le site. Ils sont utilis\u00e9s dans le but de communiquer avec vous.<\/p>\n<h2 style=\"padding-top:15px;\">3. Responsable de la protection des renseignements personnels<\/h2>\n<p>La personne responsable de la protection des renseignements personnels au sein de ANHYDRA Inc. est :<\/p>\n<p>Martin Gibeault<br \/>D\u00e9veloppement des affaires<br \/>819-870-2001<\/p>\n<p>Le responsable s\u2019engage \u00e0 prot\u00e9ger les renseignements personnels collect\u00e9s, \u00e0 ne pas les transmettre \u00e0 des tiers sans que vous n\u2019en ayez \u00e9t\u00e9 inform\u00e9 et \u00e0 respecter les finalit\u00e9s pour lesquelles ils ont \u00e9t\u00e9 collect\u00e9s.<\/p>\n<p>De plus, le responsable s\u2019engage \u00e0 vous aviser par tout moyen dans le cas o\u00f9 la confidentialit\u00e9 de vos renseignements personnels serait compromise.<\/p>\n<h2 style=\"padding-top:15px;\">4. Demande d\u2019acc\u00e8s<\/h2>\n<p>Vous pouvez soumettre une demande d\u2019acc\u00e8s pour conna\u00eetre les renseignements personnels d\u00e9tenus par ANHYDRA Inc. Vous pouvez \u00e9galement demander \u00e0 faire rectifier ces renseignements.<\/p>\n<p>Personne \u00e0 contacter :<br \/>Martin Gibeault<br \/>D\u00e9veloppement des affaires<br \/>819-870-2001<\/p>\n<h2 style=\"padding-top:15px;\">5. S\u00e9curit\u00e9<\/h2>\n<p>Les renseignements personnels que nous collectons sont conserv\u00e9s dans un environnement s\u00e9curis\u00e9. Les membres de notre personnel sont tenus de respecter la confidentialit\u00e9 de vos renseignements.<\/p>\n<h2 style=\"padding-top:15px;\">6. Utilisation de t\u00e9moins (cookies)<\/h2>\n<p>Des t\u00e9moins, aussi appel\u00e9s cookies, sont utilis\u00e9s pour faciliter la navigation dans les pages de ce site. Ces t\u00e9moins ne permettent pas de recueillir des renseignements personnels \u00e0 votre sujet. Vous pouvez \u00e0 tout moment param\u00e9trer votre navigateur pour qu\u2019il bloque les fichiers t\u00e9moins. Toutefois, cette action risque de vous priver de certaines fonctions offertes sur le site.<\/p>\n<p>Les fichiers t\u00e9moins sont \u00e9galement utilis\u00e9s par Google Analytics. Cet outil collecte des renseignements sur votre navigation \u00e0 des fins statistiques en vue d\u2019am\u00e9liorer votre exp\u00e9rience. Les renseignements sont conserv\u00e9s notamment aux \u00c9tats-Unis. Google peut les communiquer \u00e0 des tiers, en cas d\u2019obligation l\u00e9gale, ou lors de leur traitement pour son compte. Les donn\u00e9es sont aussi partag\u00e9es sur les comptes Google Ads et Google Search Console de ANHYDRA Inc. Ces renseignements sont notamment :<\/p>\n<ul>\n<li>l\u2019adresse IP anonymis\u00e9e de votre ordinateur (votre adresse IP est modifi\u00e9e, ce qui emp\u00eache quiconque de vous y relier)<\/li>\n<li>le syst\u00e8me d\u2019exploitation de votre appareil<\/li>\n<li>les pages consult\u00e9es (la date, l\u2019heure, la dur\u00e9e et la fr\u00e9quence de vos visites).<\/li>\n<\/ul>\n<h2 style=\"padding-top:15px;\">7. Liens vers d\u2019autres sites<\/h2>\n<p>www.anhydra.com contient des liens vers des sites externes. ANHYDRA Inc. n\u2019est pas responsable du contenu de ces sites ni de leurs pratiques relatives \u00e0 la vie priv\u00e9e.<\/p>\n<h2 style=\"padding-top:15px;\">8. Mineur<\/h2>\n<p>ANHYDRA Inc. ne recueille ni n\u2019utilise les renseignements personnels d\u2019une personne mineure sans le consentement d\u2019un parent ou d\u2019un tuteur.<\/p>\n<h2 style=\"padding-top:15px;\">9. L\u00e9gislation<\/h2>\n<p>Nous nous engageons \u00e0 respecter les dispositions l\u00e9gislatives \u00e9nonc\u00e9es dans la <a href=\"https:\/\/www.legisquebec.gouv.qc.ca\/fr\/document\/lc\/p-39.1#:~:text=Nul%20ne%20peut%20communiquer%20%C3%A0,1993%2C%20c.\" target=\"blank\" rel=\"noopener\">LOI SUR LA PROTECTION DES RENSEIGNEMENTS PERSONNELS DANS LE SECTEUR PRIV\u00c9<\/a>.<\/p>\n<p>[\/et_pb_text][\/et_pb_column][\/et_pb_row][et_pb_row admin_label=\u00a0\u00bbrow\u00a0\u00bb _builder_version=\u00a0\u00bb4.16&Prime; background_size=\u00a0\u00bbinitial\u00a0\u00bb background_position=\u00a0\u00bbtop_left\u00a0\u00bb background_repeat=\u00a0\u00bbrepeat\u00a0\u00bb global_colors_info=\u00a0\u00bb{}\u00a0\u00bb][et_pb_column type=\u00a0\u00bb4_4&Prime; _builder_version=\u00a0\u00bb4.16&Prime; custom_padding=\u00a0\u00bb|||\u00a0\u00bb global_colors_info=\u00a0\u00bb{}\u00a0\u00bb custom_padding__hover=\u00a0\u00bb|||\u00a0\u00bb][et_pb_text _builder_version=\u00a0\u00bb4.24.2&Prime; _module_preset=\u00a0\u00bbdefault\u00a0\u00bb header_text_color=\u00a0\u00bb#ED2125&Prime; header_font_size=\u00a0\u00bb50px\u00a0\u00bb custom_padding=\u00a0\u00bb30px||80px||false|false\u00a0\u00bb global_colors_info=\u00a0\u00bb{}\u00a0\u00bb]Derni\u00e8re mise \u00e0 jour : 29\/09\/2023[\/et_pb_text][\/et_pb_column][\/et_pb_row][\/et_pb_section]<\/p>\n","protected":false},"excerpt":{"rendered":"<p>Politique de confidentialit\u00e9Le respect de votre vie priv\u00e9e est de la plus haute importance pour Martin Gibeault, qui est responsable de ce site. La pr\u00e9sente politique de confidentialit\u00e9 a pour but de vous exposer : La mani\u00e8re dont vos renseignements personnels sont collect\u00e9s et trait\u00e9s;Qui est responsable du traitement des renseignements personnels collect\u00e9s;\u00c0 qui ces [&hellip;]<\/p>\n","protected":false},"author":68,"featured_media":0,"parent":0,"menu_order":0,"comment_status":"closed","ping_status":"closed","template":"","meta":{"_et_pb_use_builder":"on","_et_pb_old_content":"","_et_gb_content_width":"","footnotes":""},"class_list":["post-286726","page","type-page","status-publish","hentry"],"yoast_head":"<!-- This site is optimized with the Yoast SEO plugin v27.3 - https:\/\/yoast.com\/product\/yoast-seo-wordpress\/ -->\n<title>Politique de confidentialit\u00e9 - ANHYDRA<\/title>\n<meta name=\"robots\" content=\"noindex, nofollow\" \/>\n<meta property=\"og:locale\" content=\"fr_FR\" \/>\n<meta property=\"og:type\" content=\"article\" \/>\n<meta property=\"og:title\" content=\"Politique de confidentialit\u00e9 - ANHYDRA\" \/>\n<meta property=\"og:description\" content=\"Politique de confidentialit\u00e9Le respect de votre vie priv\u00e9e est de la plus haute importance pour Martin Gibeault, qui est responsable de ce site. La pr\u00e9sente politique de confidentialit\u00e9 a pour but de vous exposer : La mani\u00e8re dont vos renseignements personnels sont collect\u00e9s et trait\u00e9s;Qui est responsable du traitement des renseignements personnels collect\u00e9s;\u00c0 qui ces [&hellip;]\" \/>\n<meta property=\"og:url\" content=\"https:\/\/anhydra.com\/fr\/politique-de-confidentialite\/\" \/>\n<meta property=\"og:site_name\" content=\"ANHYDRA\" \/>\n<meta property=\"article:modified_time\" content=\"2024-04-04T19:12:00+00:00\" \/>\n<meta name=\"twitter:card\" content=\"summary_large_image\" \/>\n<meta name=\"twitter:label1\" content=\"Dur\u00e9e de lecture estim\u00e9e\" \/>\n\t<meta name=\"twitter:data1\" content=\"3 minutes\" \/>\n<script type=\"application\/ld+json\" class=\"yoast-schema-graph\">{\"@context\":\"https:\\\/\\\/schema.org\",\"@graph\":[{\"@type\":\"WebPage\",\"@id\":\"https:\\\/\\\/anhydra.com\\\/fr\\\/politique-de-confidentialite\\\/\",\"url\":\"https:\\\/\\\/anhydra.com\\\/fr\\\/politique-de-confidentialite\\\/\",\"name\":\"Politique de confidentialit\u00e9 - ANHYDRA\",\"isPartOf\":{\"@id\":\"https:\\\/\\\/anhydra.com\\\/fr\\\/#website\"},\"datePublished\":\"2024-04-04T19:04:22+00:00\",\"dateModified\":\"2024-04-04T19:12:00+00:00\",\"breadcrumb\":{\"@id\":\"https:\\\/\\\/anhydra.com\\\/fr\\\/politique-de-confidentialite\\\/#breadcrumb\"},\"inLanguage\":\"fr-FR\",\"potentialAction\":[{\"@type\":\"ReadAction\",\"target\":[\"https:\\\/\\\/anhydra.com\\\/fr\\\/politique-de-confidentialite\\\/\"]}]},{\"@type\":\"BreadcrumbList\",\"@id\":\"https:\\\/\\\/anhydra.com\\\/fr\\\/politique-de-confidentialite\\\/#breadcrumb\",\"itemListElement\":[{\"@type\":\"ListItem\",\"position\":1,\"name\":\"Home\",\"item\":\"https:\\\/\\\/anhydra.com\\\/fr\\\/\"},{\"@type\":\"ListItem\",\"position\":2,\"name\":\"Politique de confidentialit\u00e9\"}]},{\"@type\":\"WebSite\",\"@id\":\"https:\\\/\\\/anhydra.com\\\/fr\\\/#website\",\"url\":\"https:\\\/\\\/anhydra.com\\\/fr\\\/\",\"name\":\"ANHYDRA\",\"description\":\"\",\"potentialAction\":[{\"@type\":\"SearchAction\",\"target\":{\"@type\":\"EntryPoint\",\"urlTemplate\":\"https:\\\/\\\/anhydra.com\\\/fr\\\/?s={search_term_string}\"},\"query-input\":{\"@type\":\"PropertyValueSpecification\",\"valueRequired\":true,\"valueName\":\"search_term_string\"}}],\"inLanguage\":\"fr-FR\"}]}<\/script>\n<!-- \/ Yoast SEO plugin. -->","yoast_head_json":{"title":"Politique de confidentialit\u00e9 - ANHYDRA","robots":{"index":"noindex","follow":"nofollow"},"og_locale":"fr_FR","og_type":"article","og_title":"Politique de confidentialit\u00e9 - ANHYDRA","og_description":"Politique de confidentialit\u00e9Le respect de votre vie priv\u00e9e est de la plus haute importance pour Martin Gibeault, qui est responsable de ce site. La pr\u00e9sente politique de confidentialit\u00e9 a pour but de vous exposer : La mani\u00e8re dont vos renseignements personnels sont collect\u00e9s et trait\u00e9s;Qui est responsable du traitement des renseignements personnels collect\u00e9s;\u00c0 qui ces [&hellip;]","og_url":"https:\/\/anhydra.com\/fr\/politique-de-confidentialite\/","og_site_name":"ANHYDRA","article_modified_time":"2024-04-04T19:12:00+00:00","twitter_card":"summary_large_image","twitter_misc":{"Dur\u00e9e de lecture estim\u00e9e":"3 minutes"},"schema":{"@context":"https:\/\/schema.org","@graph":[{"@type":"WebPage","@id":"https:\/\/anhydra.com\/fr\/politique-de-confidentialite\/","url":"https:\/\/anhydra.com\/fr\/politique-de-confidentialite\/","name":"Politique de confidentialit\u00e9 - ANHYDRA","isPartOf":{"@id":"https:\/\/anhydra.com\/fr\/#website"},"datePublished":"2024-04-04T19:04:22+00:00","dateModified":"2024-04-04T19:12:00+00:00","breadcrumb":{"@id":"https:\/\/anhydra.com\/fr\/politique-de-confidentialite\/#breadcrumb"},"inLanguage":"fr-FR","potentialAction":[{"@type":"ReadAction","target":["https:\/\/anhydra.com\/fr\/politique-de-confidentialite\/"]}]},{"@type":"BreadcrumbList","@id":"https:\/\/anhydra.com\/fr\/politique-de-confidentialite\/#breadcrumb","itemListElement":[{"@type":"ListItem","position":1,"name":"Home","item":"https:\/\/anhydra.com\/fr\/"},{"@type":"ListItem","position":2,"name":"Politique de confidentialit\u00e9"}]},{"@type":"WebSite","@id":"https:\/\/anhydra.com\/fr\/#website","url":"https:\/\/anhydra.com\/fr\/","name":"ANHYDRA","description":"","potentialAction":[{"@type":"SearchAction","target":{"@type":"EntryPoint","urlTemplate":"https:\/\/anhydra.com\/fr\/?s={search_term_string}"},"query-input":{"@type":"PropertyValueSpecification","valueRequired":true,"valueName":"search_term_string"}}],"inLanguage":"fr-FR"}]}},"_links":{"self":[{"href":"https:\/\/anhydra.com\/fr\/wp-json\/wp\/v2\/pages\/286726","targetHints":{"allow":["GET"]}}],"collection":[{"href":"https:\/\/anhydra.com\/fr\/wp-json\/wp\/v2\/pages"}],"about":[{"href":"https:\/\/anhydra.com\/fr\/wp-json\/wp\/v2\/types\/page"}],"author":[{"embeddable":true,"href":"https:\/\/anhydra.com\/fr\/wp-json\/wp\/v2\/users\/68"}],"replies":[{"embeddable":true,"href":"https:\/\/anhydra.com\/fr\/wp-json\/wp\/v2\/comments?post=286726"}],"version-history":[{"count":5,"href":"https:\/\/anhydra.com\/fr\/wp-json\/wp\/v2\/pages\/286726\/revisions"}],"predecessor-version":[{"id":286733,"href":"https:\/\/anhydra.com\/fr\/wp-json\/wp\/v2\/pages\/286726\/revisions\/286733"}],"wp:attachment":[{"href":"https:\/\/anhydra.com\/fr\/wp-json\/wp\/v2\/media?parent=286726"}],"curies":[{"name":"wp","href":"https:\/\/api.w.org\/{rel}","templated":true}]}}